{"id":44943,"date":"2025-09-16T11:19:53","date_gmt":"2025-09-16T09:19:53","guid":{"rendered":"https:\/\/sklep.centrum-doskonalenia.pl\/?post_type=product&#038;p=44943"},"modified":"2025-09-26T13:54:31","modified_gmt":"2025-09-26T11:54:31","slug":"naruszenie-ochrony-danych-osobowych-kurs-dla-pracownikow","status":"publish","type":"product","link":"https:\/\/sklep.centrum-doskonalenia.pl\/index.php\/produkt\/naruszenie-ochrony-danych-osobowych-kurs-dla-pracownikow\/","title":{"rendered":"Naruszenie ochrony danych osobowych \u2013 kurs dla pracownik\u00f3w"},"content":{"rendered":"<div class=\"product-description-container\">\n<div class=\"product-details\">\n<div class=\"product-info\">\n<p style=\"margin-top: 20px; margin-bottom: 20px;\">Szkolenie e-learningowe \u201eNaruszenie ochrony danych osobowych\u201d skierowane jest do pracownik\u00f3w, kt\u00f3rzy chc\u0105 pog\u0142\u0119bi\u0107 swoj\u0105 wiedz\u0119 na temat przepis\u00f3w RODO, szczeg\u00f3lnie w kontek\u015bcie zapobiegania i reagowania na naruszenia ochrony danych. Jest to szkolenie uzupe\u0142niaj\u0105ce, kt\u00f3re rozwija wiedz\u0119 zdobyt\u0105 podczas podstawowego kursu <strong>\u201eOchrona danych osobowych \u2013 kurs dla pracownik\u00f3w\u201d<\/strong>.<\/p>\n<p style=\"margin-top: 20px; margin-bottom: 20px;\"><a href=\"https:\/\/sklep.centrum-doskonalenia.pl\/index.php\/produkt\/ochrona-danych-osobowych-kurs-podstawowy-dla-pracownikow\/\" target=\"_blank\" rel=\"noopener\">Ochrona danych osobowych &#8211; kurs podstawowy dla pracownik\u00f3w<\/a><\/p>\n<p style=\"margin-top: 40px; margin-bottom: 10px;\">Kurs ten zosta\u0142 zaprojektowany z my\u015bl\u0105 o firmach, kt\u00f3re chc\u0105 zapewni\u0107 najwy\u017cszy poziom ochrony danych osobowych, minimalizuj\u0105c ryzyko narusze\u0144 oraz ich negatywnych konsekwencji. Szkolenie koncentruje si\u0119 na kluczowych aspektach zwi\u0105zanych z rozpoznawaniem, zapobieganiem oraz zg\u0142aszaniem incydent\u00f3w zwi\u0105zanych z naruszeniami ochrony danych osobowych, a tak\u017ce na obowi\u0105zkach firm i pracownik\u00f3w wynikaj\u0105cych z przepis\u00f3w RODO.<\/p>\n<p>&nbsp;<\/p>\n<\/div>\n<p><!-- Dodano zamkni\u0119cie div --><\/p>\n<\/div>\n<div class=\"product-additional-info\">\n<h4 style=\"margin-top: 0px; margin-bottom: 20px; font-weight: bold; color: #1d7b88;\">Proponujemy Pa\u0144stwu 365-dniowy dost\u0119p do materia\u0142u szkoleniowego, kt\u00f3ry obejmuje:<\/h4>\n<p style=\"margin-top: 40px; margin-bottom: 20px;\"><strong> Przypomnienie kluczowych zasad RODO<\/strong>.<\/p>\n<ul style=\"padding-left: 20px; list-style-type: none;\">\n<li style=\"list-style-type: none;\">\n<ul style=\"padding-left: 20px; list-style-type: none;\">\n<li style=\"list-style-type: none;\">\n<ul style=\"padding-left: 20px; list-style-type: none;\"><!-- Usuni\u0119to kropki --><\/p>\n<li style=\"margin-bottom: 10px;\"><span style=\"color: #1d7b88; font-weight: bold;\">\u2714<\/span> G\u0142\u00f3wne zasady RODO: legalno\u015b\u0107, minimalizacja, integralno\u015b\u0107, poufno\u015b\u0107, dost\u0119pno\u015b\u0107, rozliczalno\u015b\u0107<\/li>\n<li style=\"margin-bottom: 10px;\"><span style=\"color: #1d7b88; font-weight: bold;\">\u2714<\/span> Obowi\u0105zki firm wynikaj\u0105ce z RODO<\/li>\n<li style=\"margin-bottom: 10px;\"><span style=\"color: #1d7b88; font-weight: bold;\">\u2714<\/span> Obowi\u0105zki pracownik\u00f3w wynikaj\u0105ce z RODO<\/li>\n<\/ul>\n<\/li>\n<\/ul>\n<\/li>\n<\/ul>\n<p style=\"margin-top: 40px; margin-bottom: 20px;\"><strong> Czym jest naruszenie ochrony danych osobowych?<\/strong>.<\/p>\n<ul style=\"padding-left: 20px; list-style-type: none;\">\n<li style=\"list-style-type: none;\">\n<ul style=\"padding-left: 20px; list-style-type: none;\">\n<li style=\"list-style-type: none;\">\n<ul style=\"padding-left: 20px; list-style-type: none;\"><!-- Usuni\u0119to kropki --><\/p>\n<li style=\"margin-bottom: 10px;\"><span style=\"color: #1d7b88; font-weight: bold;\">\u2714<\/span> Definicja naruszenia danych osobowych<\/li>\n<li style=\"margin-bottom: 10px;\"><span style=\"color: #1d7b88; font-weight: bold;\">\u2714<\/span> Rodzaje narusze\u0144 ochrony danych osobowych<\/li>\n<li style=\"margin-bottom: 10px;\"><span style=\"color: #1d7b88; font-weight: bold;\">\u2714<\/span> Co mo\u017ce by\u0107 przyczyn\u0105 naruszenia danych osobowych?<\/li>\n<li style=\"margin-bottom: 10px;\"><span style=\"color: #1d7b88; font-weight: bold;\">\u2714<\/span> Skutki naruszenia danych osobowych<\/li>\n<li style=\"margin-bottom: 10px;\"><span style=\"color: #1d7b88; font-weight: bold;\">\u2714<\/span> Przyk\u0142adowe sytuacje, kt\u00f3re mog\u0105 zosta\u0107 uznane za naruszenia danych osobowych<\/li>\n<\/ul>\n<\/li>\n<\/ul>\n<\/li>\n<\/ul>\n<p style=\"margin-top: 40px; margin-bottom: 20px;\"><strong> Jak dochodzi do narusze\u0144?<\/strong>.<\/p>\n<ul style=\"padding-left: 20px; list-style-type: none;\">\n<li style=\"list-style-type: none;\">\n<ul style=\"padding-left: 20px; list-style-type: none;\">\n<li style=\"list-style-type: none;\">\n<ul style=\"padding-left: 20px; list-style-type: none;\"><!-- Usuni\u0119to kropki --><\/p>\n<li style=\"margin-bottom: 10px;\"><span style=\"color: #1d7b88; font-weight: bold;\">\u2714<\/span> Typowe b\u0142\u0119dy i niedopatrzenia w firmach<\/li>\n<li style=\"margin-bottom: 10px;\"><span style=\"color: #1d7b88; font-weight: bold;\">\u2714<\/span> Czynniki zewn\u0119trzne: ataki hakerskie, phishing<\/li>\n<\/ul>\n<\/li>\n<\/ul>\n<\/li>\n<\/ul>\n<p style=\"margin-top: 40px; margin-bottom: 20px;\"><strong> Procedury reagowania na naruszenie ochrony danych<\/strong>.<\/p>\n<ul style=\"padding-left: 20px; list-style-type: none;\">\n<li style=\"list-style-type: none;\">\n<ul style=\"padding-left: 20px; list-style-type: none;\">\n<li style=\"list-style-type: none;\">\n<ul style=\"padding-left: 20px; list-style-type: none;\"><!-- Usuni\u0119to kropki --><\/p>\n<li style=\"margin-bottom: 10px;\"><span style=\"color: #1d7b88; font-weight: bold;\">\u2714<\/span> Co zrobi\u0107 w przypadku stwierdzenia naruszenia?<\/li>\n<li style=\"margin-bottom: 10px;\"><span style=\"color: #1d7b88; font-weight: bold;\">\u2714<\/span> Wewn\u0119trzne procedury i komunikacja w firmie<\/li>\n<\/ul>\n<\/li>\n<\/ul>\n<\/li>\n<\/ul>\n<p style=\"margin-top: 40px; margin-bottom: 20px;\"><strong> Konsekwencje narusze\u0144 dla firm i pracownik\u00f3w<\/strong>.<\/p>\n<ul style=\"padding-left: 20px; list-style-type: none;\">\n<li style=\"list-style-type: none;\">\n<ul style=\"padding-left: 20px; list-style-type: none;\">\n<li style=\"list-style-type: none;\">\n<ul style=\"padding-left: 20px; list-style-type: none;\"><!-- Usuni\u0119to kropki --><\/p>\n<li style=\"margin-bottom: 10px;\"><span style=\"color: #1d7b88; font-weight: bold;\">\u2714<\/span> Kary finansowe i inne sankcje wynikaj\u0105ce z przepis\u00f3w<\/li>\n<li style=\"margin-bottom: 10px;\"><span style=\"color: #1d7b88; font-weight: bold;\">\u2714<\/span> Wp\u0142yw na reputacj\u0119 firmy<\/li>\n<\/ul>\n<\/li>\n<\/ul>\n<\/li>\n<\/ul>\n<p style=\"margin-top: 40px; margin-bottom: 20px;\"><strong> Jak unika\u0107 narusze\u0144?<\/strong>.<\/p>\n<ul style=\"padding-left: 20px; list-style-type: none;\">\n<li style=\"list-style-type: none;\">\n<ul style=\"padding-left: 20px; list-style-type: none;\">\n<li style=\"list-style-type: none;\">\n<ul style=\"padding-left: 20px; list-style-type: none;\"><!-- Usuni\u0119to kropki --><\/p>\n<li style=\"margin-bottom: 10px;\"><span style=\"color: #1d7b88; font-weight: bold;\">\u2714<\/span> Przypomnienie dobrych praktyk: bezpieczne has\u0142a, ochrona dokument\u00f3w, polityka czystego biurka, polityka czystego ekranu<\/li>\n<li style=\"margin-bottom: 10px;\"><span style=\"color: #1d7b88; font-weight: bold;\">\u2714<\/span> Znaczenie regularnych audyt\u00f3w i szkole\u0144<\/li>\n<li style=\"margin-bottom: 10px;\"><span style=\"color: #1d7b88; font-weight: bold;\">\u2714<\/span> Bezpieczne przechowywanie danych osobowych<\/li>\n<li style=\"margin-bottom: 10px;\"><span style=\"color: #1d7b88; font-weight: bold;\">\u2714<\/span> Wykorzystanie szyfrowania i VPN<\/li>\n<li style=\"margin-bottom: 10px;\"><span style=\"color: #1d7b88; font-weight: bold;\">\u2714<\/span> Pow\u015bci\u0105gliwo\u015b\u0107 w przekazywaniu informacji w rozmowie telefonicznej \/ bezpo\u015bredniej<\/li>\n<\/ul>\n<\/li>\n<\/ul>\n<\/li>\n<\/ul>\n<p style=\"margin-top: 40px; margin-bottom: 20px;\">Po uko\u0144czeniu szkolenia i zdaniu egzaminu otrzymujecie Pa\u0144stwo<strong> za\u015bwiadczenie uko\u0144czenia szkolenia<\/strong>.<\/p>\n<\/div>\n<\/div>\n","protected":false},"excerpt":{"rendered":"<p>Szkolenie e-learningowe \u201eNaruszenie ochrony danych osobowych\u201d skierowane jest do pracownik\u00f3w, kt\u00f3rzy chc\u0105 pog\u0142\u0119bi\u0107 swoj\u0105 wiedz\u0119 na temat przepis\u00f3w RODO, szczeg\u00f3lnie w kontek\u015bcie zapobiegania i reagowania na naruszenia ochrony danych. Jest to szkolenie uzupe\u0142niaj\u0105ce, kt\u00f3re rozwija wiedz\u0119 zdobyt\u0105 podczas podstawowego kursu \u201eOchrona danych osobowych \u2013 kurs dla pracownik\u00f3w\u201d. Ochrona danych osobowych &#8211; kurs podstawowy dla pracownik\u00f3w [&hellip;]<\/p>\n","protected":false},"featured_media":44682,"template":"","meta":{"site-sidebar-layout":"default","site-content-layout":"","ast-site-content-layout":"default","site-content-style":"default","site-sidebar-style":"default","ast-global-header-display":"","ast-banner-title-visibility":"","ast-main-header-display":"","ast-hfb-above-header-display":"","ast-hfb-below-header-display":"","ast-hfb-mobile-header-display":"","site-post-title":"","ast-breadcrumbs-content":"","ast-featured-img":"","footer-sml-layout":"","ast-disable-related-posts":"","theme-transparent-header-meta":"default","adv-header-id-meta":"","stick-header-meta":"","header-above-stick-meta":"","header-main-stick-meta":"","header-below-stick-meta":"","astra-migrate-meta-layouts":"set","ast-page-background-enabled":"default","ast-page-background-meta":{"desktop":{"background-color":"","background-image":"","background-repeat":"repeat","background-position":"center center","background-size":"auto","background-attachment":"scroll","background-type":"","background-media":"","overlay-type":"","overlay-color":"","overlay-opacity":"","overlay-gradient":""},"tablet":{"background-color":"","background-image":"","background-repeat":"repeat","background-position":"center center","background-size":"auto","background-attachment":"scroll","background-type":"","background-media":"","overlay-type":"","overlay-color":"","overlay-opacity":"","overlay-gradient":""},"mobile":{"background-color":"","background-image":"","background-repeat":"repeat","background-position":"center center","background-size":"auto","background-attachment":"scroll","background-type":"","background-media":"","overlay-type":"","overlay-color":"","overlay-opacity":"","overlay-gradient":""}},"ast-content-background-meta":{"desktop":{"background-color":"var(--ast-global-color-5)","background-image":"","background-repeat":"repeat","background-position":"center center","background-size":"auto","background-attachment":"scroll","background-type":"","background-media":"","overlay-type":"","overlay-color":"","overlay-opacity":"","overlay-gradient":""},"tablet":{"background-color":"var(--ast-global-color-5)","background-image":"","background-repeat":"repeat","background-position":"center center","background-size":"auto","background-attachment":"scroll","background-type":"","background-media":"","overlay-type":"","overlay-color":"","overlay-opacity":"","overlay-gradient":""},"mobile":{"background-color":"var(--ast-global-color-5)","background-image":"","background-repeat":"repeat","background-position":"center center","background-size":"auto","background-attachment":"scroll","background-type":"","background-media":"","overlay-type":"","overlay-color":"","overlay-opacity":"","overlay-gradient":""}}},"product_brand":[],"product_cat":[435],"product_tag":[],"class_list":{"0":"post-44943","1":"product","2":"type-product","3":"status-publish","4":"has-post-thumbnail","6":"product_cat-rodo-dla-pracownikow","7":"desktop-align-left","8":"tablet-align-left","9":"mobile-align-left","11":"first","12":"instock","13":"taxable","14":"shipping-taxable","15":"purchasable","16":"product-type-simple"},"aioseo_notices":[],"yoast_head":"<!-- This site is optimized with the Yoast SEO plugin v27.5 - https:\/\/yoast.com\/product\/yoast-seo-wordpress\/ -->\n<title>Naruszenie ochrony danych osobowych \u2013 kurs dla pracownik\u00f3w - Centrum Doskonalenia Zarz\u0105dzania Meritum<\/title>\n<meta name=\"robots\" content=\"index, follow, max-snippet:-1, max-image-preview:large, max-video-preview:-1\" \/>\n<link rel=\"canonical\" href=\"https:\/\/sklep.centrum-doskonalenia.pl\/index.php\/produkt\/naruszenie-ochrony-danych-osobowych-kurs-dla-pracownikow\/\" \/>\n<meta property=\"og:locale\" content=\"pl_PL\" \/>\n<meta property=\"og:type\" content=\"article\" \/>\n<meta property=\"og:title\" content=\"Naruszenie ochrony danych osobowych \u2013 kurs dla pracownik\u00f3w - Centrum Doskonalenia Zarz\u0105dzania Meritum\" \/>\n<meta property=\"og:description\" content=\"Szkolenie e-learningowe \u201eNaruszenie ochrony danych osobowych\u201d skierowane jest do pracownik\u00f3w, kt\u00f3rzy chc\u0105 pog\u0142\u0119bi\u0107 swoj\u0105 wiedz\u0119 na temat przepis\u00f3w RODO, szczeg\u00f3lnie w kontek\u015bcie zapobiegania i reagowania na naruszenia ochrony danych. Jest to szkolenie uzupe\u0142niaj\u0105ce, kt\u00f3re rozwija wiedz\u0119 zdobyt\u0105 podczas podstawowego kursu \u201eOchrona danych osobowych \u2013 kurs dla pracownik\u00f3w\u201d. Ochrona danych osobowych &#8211; kurs podstawowy dla pracownik\u00f3w [&hellip;]\" \/>\n<meta property=\"og:url\" content=\"https:\/\/sklep.centrum-doskonalenia.pl\/index.php\/produkt\/naruszenie-ochrony-danych-osobowych-kurs-dla-pracownikow\/\" \/>\n<meta property=\"og:site_name\" content=\"Centrum Doskonalenia Zarz\u0105dzania Meritum\" \/>\n<meta property=\"article:modified_time\" content=\"2025-09-26T11:54:31+00:00\" \/>\n<meta property=\"og:image\" content=\"https:\/\/sklep.centrum-doskonalenia.pl\/wp-content\/uploads\/2025\/09\/test.png\" \/>\n\t<meta property=\"og:image:width\" content=\"1126\" \/>\n\t<meta property=\"og:image:height\" content=\"741\" \/>\n\t<meta property=\"og:image:type\" content=\"image\/png\" \/>\n<meta name=\"twitter:card\" content=\"summary_large_image\" \/>\n<meta name=\"twitter:label1\" content=\"Szacowany czas czytania\" \/>\n\t<meta name=\"twitter:data1\" content=\"2 minuty\" \/>\n<script type=\"application\/ld+json\" class=\"yoast-schema-graph\">{\"@context\":\"https:\\\/\\\/schema.org\",\"@graph\":[{\"@type\":\"WebPage\",\"@id\":\"https:\\\/\\\/sklep.centrum-doskonalenia.pl\\\/index.php\\\/produkt\\\/naruszenie-ochrony-danych-osobowych-kurs-dla-pracownikow\\\/\",\"url\":\"https:\\\/\\\/sklep.centrum-doskonalenia.pl\\\/index.php\\\/produkt\\\/naruszenie-ochrony-danych-osobowych-kurs-dla-pracownikow\\\/\",\"name\":\"Naruszenie ochrony danych osobowych \u2013 kurs dla pracownik\u00f3w - Centrum Doskonalenia Zarz\u0105dzania Meritum\",\"isPartOf\":{\"@id\":\"https:\\\/\\\/sklep.centrum-doskonalenia.pl\\\/#website\"},\"primaryImageOfPage\":{\"@id\":\"https:\\\/\\\/sklep.centrum-doskonalenia.pl\\\/index.php\\\/produkt\\\/naruszenie-ochrony-danych-osobowych-kurs-dla-pracownikow\\\/#primaryimage\"},\"image\":{\"@id\":\"https:\\\/\\\/sklep.centrum-doskonalenia.pl\\\/index.php\\\/produkt\\\/naruszenie-ochrony-danych-osobowych-kurs-dla-pracownikow\\\/#primaryimage\"},\"thumbnailUrl\":\"https:\\\/\\\/sklep.centrum-doskonalenia.pl\\\/wp-content\\\/uploads\\\/2025\\\/09\\\/test.png\",\"datePublished\":\"2025-09-16T09:19:53+00:00\",\"dateModified\":\"2025-09-26T11:54:31+00:00\",\"breadcrumb\":{\"@id\":\"https:\\\/\\\/sklep.centrum-doskonalenia.pl\\\/index.php\\\/produkt\\\/naruszenie-ochrony-danych-osobowych-kurs-dla-pracownikow\\\/#breadcrumb\"},\"inLanguage\":\"pl-PL\",\"potentialAction\":[{\"@type\":\"ReadAction\",\"target\":[\"https:\\\/\\\/sklep.centrum-doskonalenia.pl\\\/index.php\\\/produkt\\\/naruszenie-ochrony-danych-osobowych-kurs-dla-pracownikow\\\/\"]}]},{\"@type\":\"ImageObject\",\"inLanguage\":\"pl-PL\",\"@id\":\"https:\\\/\\\/sklep.centrum-doskonalenia.pl\\\/index.php\\\/produkt\\\/naruszenie-ochrony-danych-osobowych-kurs-dla-pracownikow\\\/#primaryimage\",\"url\":\"https:\\\/\\\/sklep.centrum-doskonalenia.pl\\\/wp-content\\\/uploads\\\/2025\\\/09\\\/test.png\",\"contentUrl\":\"https:\\\/\\\/sklep.centrum-doskonalenia.pl\\\/wp-content\\\/uploads\\\/2025\\\/09\\\/test.png\",\"width\":1126,\"height\":741},{\"@type\":\"BreadcrumbList\",\"@id\":\"https:\\\/\\\/sklep.centrum-doskonalenia.pl\\\/index.php\\\/produkt\\\/naruszenie-ochrony-danych-osobowych-kurs-dla-pracownikow\\\/#breadcrumb\",\"itemListElement\":[{\"@type\":\"ListItem\",\"position\":1,\"name\":\"Strona g\u0142\u00f3wna\",\"item\":\"https:\\\/\\\/sklep.centrum-doskonalenia.pl\\\/\"},{\"@type\":\"ListItem\",\"position\":2,\"name\":\"Produkty\",\"item\":\"http:\\\/\\\/sklep.centrum-doskonalenia.pl\\\/index.php\\\/shop\\\/\"},{\"@type\":\"ListItem\",\"position\":3,\"name\":\"Naruszenie ochrony danych osobowych \u2013 kurs dla pracownik\u00f3w\"}]},{\"@type\":\"WebSite\",\"@id\":\"https:\\\/\\\/sklep.centrum-doskonalenia.pl\\\/#website\",\"url\":\"https:\\\/\\\/sklep.centrum-doskonalenia.pl\\\/\",\"name\":\"Centrum Doskonalenia Zarz\u0105dzania Meritum\",\"description\":\"\",\"publisher\":{\"@id\":\"https:\\\/\\\/sklep.centrum-doskonalenia.pl\\\/#organization\"},\"potentialAction\":[{\"@type\":\"SearchAction\",\"target\":{\"@type\":\"EntryPoint\",\"urlTemplate\":\"https:\\\/\\\/sklep.centrum-doskonalenia.pl\\\/?s={search_term_string}\"},\"query-input\":{\"@type\":\"PropertyValueSpecification\",\"valueRequired\":true,\"valueName\":\"search_term_string\"}}],\"inLanguage\":\"pl-PL\"},{\"@type\":\"Organization\",\"@id\":\"https:\\\/\\\/sklep.centrum-doskonalenia.pl\\\/#organization\",\"name\":\"Centrum Doskonalenia Zarz\u0105dzania Meritum\",\"url\":\"https:\\\/\\\/sklep.centrum-doskonalenia.pl\\\/\",\"logo\":{\"@type\":\"ImageObject\",\"inLanguage\":\"pl-PL\",\"@id\":\"https:\\\/\\\/sklep.centrum-doskonalenia.pl\\\/#\\\/schema\\\/logo\\\/image\\\/\",\"url\":\"https:\\\/\\\/sklep.centrum-doskonalenia.pl\\\/wp-content\\\/uploads\\\/2023\\\/10\\\/logo-czarne-bez-tla.png\",\"contentUrl\":\"https:\\\/\\\/sklep.centrum-doskonalenia.pl\\\/wp-content\\\/uploads\\\/2023\\\/10\\\/logo-czarne-bez-tla.png\",\"width\":2089,\"height\":712,\"caption\":\"Centrum Doskonalenia Zarz\u0105dzania Meritum\"},\"image\":{\"@id\":\"https:\\\/\\\/sklep.centrum-doskonalenia.pl\\\/#\\\/schema\\\/logo\\\/image\\\/\"}}]}<\/script>\n<!-- \/ Yoast SEO plugin. -->","yoast_head_json":{"title":"Naruszenie ochrony danych osobowych \u2013 kurs dla pracownik\u00f3w - Centrum Doskonalenia Zarz\u0105dzania Meritum","robots":{"index":"index","follow":"follow","max-snippet":"max-snippet:-1","max-image-preview":"max-image-preview:large","max-video-preview":"max-video-preview:-1"},"canonical":"https:\/\/sklep.centrum-doskonalenia.pl\/index.php\/produkt\/naruszenie-ochrony-danych-osobowych-kurs-dla-pracownikow\/","og_locale":"pl_PL","og_type":"article","og_title":"Naruszenie ochrony danych osobowych \u2013 kurs dla pracownik\u00f3w - Centrum Doskonalenia Zarz\u0105dzania Meritum","og_description":"Szkolenie e-learningowe \u201eNaruszenie ochrony danych osobowych\u201d skierowane jest do pracownik\u00f3w, kt\u00f3rzy chc\u0105 pog\u0142\u0119bi\u0107 swoj\u0105 wiedz\u0119 na temat przepis\u00f3w RODO, szczeg\u00f3lnie w kontek\u015bcie zapobiegania i reagowania na naruszenia ochrony danych. Jest to szkolenie uzupe\u0142niaj\u0105ce, kt\u00f3re rozwija wiedz\u0119 zdobyt\u0105 podczas podstawowego kursu \u201eOchrona danych osobowych \u2013 kurs dla pracownik\u00f3w\u201d. Ochrona danych osobowych &#8211; kurs podstawowy dla pracownik\u00f3w [&hellip;]","og_url":"https:\/\/sklep.centrum-doskonalenia.pl\/index.php\/produkt\/naruszenie-ochrony-danych-osobowych-kurs-dla-pracownikow\/","og_site_name":"Centrum Doskonalenia Zarz\u0105dzania Meritum","article_modified_time":"2025-09-26T11:54:31+00:00","og_image":[{"width":1126,"height":741,"url":"https:\/\/sklep.centrum-doskonalenia.pl\/wp-content\/uploads\/2025\/09\/test.png","type":"image\/png"}],"twitter_card":"summary_large_image","twitter_misc":{"Szacowany czas czytania":"2 minuty"},"schema":{"@context":"https:\/\/schema.org","@graph":[{"@type":"WebPage","@id":"https:\/\/sklep.centrum-doskonalenia.pl\/index.php\/produkt\/naruszenie-ochrony-danych-osobowych-kurs-dla-pracownikow\/","url":"https:\/\/sklep.centrum-doskonalenia.pl\/index.php\/produkt\/naruszenie-ochrony-danych-osobowych-kurs-dla-pracownikow\/","name":"Naruszenie ochrony danych osobowych \u2013 kurs dla pracownik\u00f3w - Centrum Doskonalenia Zarz\u0105dzania Meritum","isPartOf":{"@id":"https:\/\/sklep.centrum-doskonalenia.pl\/#website"},"primaryImageOfPage":{"@id":"https:\/\/sklep.centrum-doskonalenia.pl\/index.php\/produkt\/naruszenie-ochrony-danych-osobowych-kurs-dla-pracownikow\/#primaryimage"},"image":{"@id":"https:\/\/sklep.centrum-doskonalenia.pl\/index.php\/produkt\/naruszenie-ochrony-danych-osobowych-kurs-dla-pracownikow\/#primaryimage"},"thumbnailUrl":"https:\/\/sklep.centrum-doskonalenia.pl\/wp-content\/uploads\/2025\/09\/test.png","datePublished":"2025-09-16T09:19:53+00:00","dateModified":"2025-09-26T11:54:31+00:00","breadcrumb":{"@id":"https:\/\/sklep.centrum-doskonalenia.pl\/index.php\/produkt\/naruszenie-ochrony-danych-osobowych-kurs-dla-pracownikow\/#breadcrumb"},"inLanguage":"pl-PL","potentialAction":[{"@type":"ReadAction","target":["https:\/\/sklep.centrum-doskonalenia.pl\/index.php\/produkt\/naruszenie-ochrony-danych-osobowych-kurs-dla-pracownikow\/"]}]},{"@type":"ImageObject","inLanguage":"pl-PL","@id":"https:\/\/sklep.centrum-doskonalenia.pl\/index.php\/produkt\/naruszenie-ochrony-danych-osobowych-kurs-dla-pracownikow\/#primaryimage","url":"https:\/\/sklep.centrum-doskonalenia.pl\/wp-content\/uploads\/2025\/09\/test.png","contentUrl":"https:\/\/sklep.centrum-doskonalenia.pl\/wp-content\/uploads\/2025\/09\/test.png","width":1126,"height":741},{"@type":"BreadcrumbList","@id":"https:\/\/sklep.centrum-doskonalenia.pl\/index.php\/produkt\/naruszenie-ochrony-danych-osobowych-kurs-dla-pracownikow\/#breadcrumb","itemListElement":[{"@type":"ListItem","position":1,"name":"Strona g\u0142\u00f3wna","item":"https:\/\/sklep.centrum-doskonalenia.pl\/"},{"@type":"ListItem","position":2,"name":"Produkty","item":"http:\/\/sklep.centrum-doskonalenia.pl\/index.php\/shop\/"},{"@type":"ListItem","position":3,"name":"Naruszenie ochrony danych osobowych \u2013 kurs dla pracownik\u00f3w"}]},{"@type":"WebSite","@id":"https:\/\/sklep.centrum-doskonalenia.pl\/#website","url":"https:\/\/sklep.centrum-doskonalenia.pl\/","name":"Centrum Doskonalenia Zarz\u0105dzania Meritum","description":"","publisher":{"@id":"https:\/\/sklep.centrum-doskonalenia.pl\/#organization"},"potentialAction":[{"@type":"SearchAction","target":{"@type":"EntryPoint","urlTemplate":"https:\/\/sklep.centrum-doskonalenia.pl\/?s={search_term_string}"},"query-input":{"@type":"PropertyValueSpecification","valueRequired":true,"valueName":"search_term_string"}}],"inLanguage":"pl-PL"},{"@type":"Organization","@id":"https:\/\/sklep.centrum-doskonalenia.pl\/#organization","name":"Centrum Doskonalenia Zarz\u0105dzania Meritum","url":"https:\/\/sklep.centrum-doskonalenia.pl\/","logo":{"@type":"ImageObject","inLanguage":"pl-PL","@id":"https:\/\/sklep.centrum-doskonalenia.pl\/#\/schema\/logo\/image\/","url":"https:\/\/sklep.centrum-doskonalenia.pl\/wp-content\/uploads\/2023\/10\/logo-czarne-bez-tla.png","contentUrl":"https:\/\/sklep.centrum-doskonalenia.pl\/wp-content\/uploads\/2023\/10\/logo-czarne-bez-tla.png","width":2089,"height":712,"caption":"Centrum Doskonalenia Zarz\u0105dzania Meritum"},"image":{"@id":"https:\/\/sklep.centrum-doskonalenia.pl\/#\/schema\/logo\/image\/"}}]}},"_links":{"self":[{"href":"https:\/\/sklep.centrum-doskonalenia.pl\/index.php\/wp-json\/wp\/v2\/product\/44943","targetHints":{"allow":["GET"]}}],"collection":[{"href":"https:\/\/sklep.centrum-doskonalenia.pl\/index.php\/wp-json\/wp\/v2\/product"}],"about":[{"href":"https:\/\/sklep.centrum-doskonalenia.pl\/index.php\/wp-json\/wp\/v2\/types\/product"}],"wp:featuredmedia":[{"embeddable":true,"href":"https:\/\/sklep.centrum-doskonalenia.pl\/index.php\/wp-json\/wp\/v2\/media\/44682"}],"wp:attachment":[{"href":"https:\/\/sklep.centrum-doskonalenia.pl\/index.php\/wp-json\/wp\/v2\/media?parent=44943"}],"wp:term":[{"taxonomy":"product_brand","embeddable":true,"href":"https:\/\/sklep.centrum-doskonalenia.pl\/index.php\/wp-json\/wp\/v2\/product_brand?post=44943"},{"taxonomy":"product_cat","embeddable":true,"href":"https:\/\/sklep.centrum-doskonalenia.pl\/index.php\/wp-json\/wp\/v2\/product_cat?post=44943"},{"taxonomy":"product_tag","embeddable":true,"href":"https:\/\/sklep.centrum-doskonalenia.pl\/index.php\/wp-json\/wp\/v2\/product_tag?post=44943"}],"curies":[{"name":"wp","href":"https:\/\/api.w.org\/{rel}","templated":true}]}}