{"id":44661,"date":"2025-09-08T13:35:37","date_gmt":"2025-09-08T11:35:37","guid":{"rendered":"https:\/\/sklep.centrum-doskonalenia.pl\/?post_type=product&#038;p=44661"},"modified":"2025-09-08T13:55:36","modified_gmt":"2025-09-08T11:55:36","slug":"wdrozenie-systemu-zarzadzania-jakoscia-wg-iso-9001-w-szkole-jezykowej-praktyczny-poradnik","status":"publish","type":"product","link":"https:\/\/sklep.centrum-doskonalenia.pl\/index.php\/produkt\/wdrozenie-systemu-zarzadzania-jakoscia-wg-iso-9001-w-szkole-jezykowej-praktyczny-poradnik\/","title":{"rendered":"Wdro\u017cenie systemu zarz\u0105dzania jako\u015bci\u0105 wg ISO 9001 w SZKOLE J\u0118ZYKOWEJ"},"content":{"rendered":"<p><!-- Start of Product Description Template --><\/p>\n<div class=\"product-description-container\">\n<div class=\"product-details\">\n<div class=\"product-info\">\n<h4 style=\"margin-bottom: 20px; font-weight: bold; color: #1d7b88;\">Wdro\u017cenie systemu zarz\u0105dzania jako\u015bci\u0105 wg ISO 9001 to praktyczny podr\u0119cznik do samodzielnego wdro\u017cenia systemu w SZKOLE J\u0118ZYKOWEJ.<\/h4>\n<\/div>\n<p><!-- Dodano zamkni\u0119cie div --><\/p>\n<\/div>\n<div class=\"product-additional-info\">\n<ul style=\"padding-left: 20px; list-style-type: none;\">\n<li style=\"list-style-type: none;\">\n<ul style=\"padding-left: 20px; list-style-type: none;\"><!-- Usuni\u0119to kropki --><\/p>\n<li style=\"margin-bottom: 10px;\"><span style=\"color: #1d7b88; font-weight: bold;\">\u2714<\/span> Co to jest ISO 9001?<\/li>\n<li style=\"margin-bottom: 10px;\"><span style=\"color: #1d7b88; font-weight: bold;\">\u2714<\/span> Na czym polega wdro\u017cenie systemu zarz\u0105dzania jako\u015bci\u0105?<\/li>\n<li style=\"margin-bottom: 10px;\"><span style=\"color: #1d7b88; font-weight: bold;\">\u2714<\/span> Jakie s\u0105 etapy wdro\u017cenia i jak je przeprowadzi\u0107?<\/li>\n<li style=\"margin-bottom: 10px;\"><span style=\"color: #1d7b88; font-weight: bold;\">\u2714<\/span> Jaka jest rola pe\u0142nomocnika ds. systemu zarz\u0105dzania jako\u015bci\u0105 w poszczeg\u00f3lnych etapach?<\/li>\n<li style=\"margin-bottom: 10px;\"><span style=\"color: #1d7b88; font-weight: bold;\">\u2714<\/span> Jak zinterpretowa\u0107 wymagania normy i jakie dokumenty przygotowa\u0107?<\/li>\n<li style=\"margin-bottom: 10px;\"><span style=\"color: #1d7b88; font-weight: bold;\">\u2714<\/span> Jak przeprowadzi\u0107 proces audytowania wewn\u0119trznego i zgodnie z jakimi dokumentami?<\/li>\n<li style=\"margin-bottom: 10px;\"><span style=\"color: #1d7b88; font-weight: bold;\">\u2714<\/span> Jak wybra\u0107 jednostk\u0119 certyfikuj\u0105c\u0105 i czego spodziewa\u0107 si\u0119 na audycie zewn\u0119trznym?<\/li>\n<\/ul>\n<\/li>\n<\/ul>\n<h5 style=\"margin-top: 40px; margin-bottom: 20px; font-weight: bold; color: #1d7b88;\">W skr\u00f3cie:<\/h5>\n<p style=\"margin-top: 40px; margin-bottom: 20px;\">Jak przygotowa\u0107 organizacj\u0119 do audytu certyfikuj\u0105cego?<\/p>\n<p style=\"margin-top: 40px; margin-bottom: 20px;\">Na te pytania odpowiadamy w przekazanym, obszernym materiale uzupe\u0142nionym licznymi przyk\u0142adami ze szko\u0142y j\u0119zykowej. To podr\u0119cznik zawieraj\u0105cy wskaz\u00f3wki do samodzielnego wdro\u017cenia systemu zarz\u0105dzania jako\u015bci\u0105 zgodnego z wymaganiami normy ISO 9001 z 2015.<\/p>\n<p style=\"margin-top: 40px; margin-bottom: 20px;\">Stosowana przez doradc\u00f3w Centrum Doskonalenia Zarz\u0105dzania MERITUM metoda wdra\u017cania system\u00f3w zarz\u0105dzania jako\u015bci\u0105, wykorzystuje spos\u00f3b podej\u015bcia poprzez analiz\u0119, monitorowanie i doskonalenie proces\u00f3w zachodz\u0105cych w firmie. Opracowanie to jest przeznaczone dla pe\u0142nomocnik\u00f3w, konsultant\u00f3w i pracownik\u00f3w w szko\u0142ach j\u0119zykowych wdra\u017caj\u0105cych system zarz\u0105dzania jako\u015bci\u0105.<\/p>\n<p style=\"margin-top: 40px; margin-bottom: 20px;\">Podr\u0119cznik umo\u017cliwia w spos\u00f3b prosty i szybki przygotowa\u0107 organizacj\u0119 do certyfikacji systemu zarz\u0105dzania jako\u015bci\u0105, na zgodno\u015b\u0107 z wymaganiami normy ISO 9001. Szybko, ale jednocze\u015bnie, w spos\u00f3b zrozumia\u0142y dla pracownik\u00f3w przedsi\u0119biorstwa.<\/p>\n<h5 style=\"margin-top: 40px; margin-bottom: 20px; font-weight: bold; color: #1d7b88;\">Podr\u0119cznik uwzgl\u0119dnia nowe wymagania zwi\u0105zane ze zmianami klimatycznymi, wprowadzone w lutym 2024 roku!<\/h5>\n<p style=\"margin-top: 40px; margin-bottom: 20px;\">Na 166 stronach przekazujemy Pa\u0144stwu nasze do\u015bwiadczenia, do przeanalizowania i wdro\u017cenia w swoich organizacjach.<\/p>\n<h5 style=\"margin-top: 40px; margin-bottom: 20px; font-weight: bold; color: #1d7b88; text-align: left;\">Omawiane zagadnienia:<\/h5>\n<ul style=\"padding-left: 20px; list-style-type: none;\">\n<li style=\"list-style-type: none;\">\n<ul style=\"padding-left: 20px; list-style-type: none;\">\n<li style=\"list-style-type: none;\">\n<ul style=\"padding-left: 20px; list-style-type: none;\"><!-- Usuni\u0119to kropki --><\/p>\n<li style=\"margin-bottom: 10px;\"><span style=\"color: #1d7b88; font-weight: bold;\">\u2714<\/span> historia system\u00f3w zarz\u0105dzania jako\u015bci\u0105,<\/li>\n<li style=\"margin-bottom: 10px;\"><span style=\"color: #1d7b88; font-weight: bold;\">\u2714<\/span> kontekst organizacji,<\/li>\n<li style=\"margin-bottom: 10px;\"><span style=\"color: #1d7b88; font-weight: bold;\">\u2714<\/span> potrzeby i oczekiwania stron zainteresowanych,<\/li>\n<li style=\"margin-bottom: 10px;\"><span style=\"color: #1d7b88; font-weight: bold;\">\u2714<\/span> zakres systemu zarz\u0105dzania jako\u015bci\u0105,<\/li>\n<li style=\"margin-bottom: 10px;\"><span style=\"color: #1d7b88; font-weight: bold;\">\u2714<\/span> polityka jako\u015bci,<\/li>\n<li style=\"margin-bottom: 10px;\"><span style=\"color: #1d7b88; font-weight: bold;\">\u2714<\/span> podej\u015bcie procesowe,<\/li>\n<li style=\"margin-bottom: 10px;\"><span style=\"color: #1d7b88; font-weight: bold;\">\u2714<\/span> metodyka analizy ryzyka,<\/li>\n<li style=\"margin-bottom: 10px;\"><span style=\"color: #1d7b88; font-weight: bold;\">\u2714<\/span> zarz\u0105dzanie zasobami przy realizacji zada\u0144,<\/li>\n<li style=\"margin-bottom: 10px;\"><span style=\"color: #1d7b88; font-weight: bold;\">\u2714<\/span> dzia\u0142ania operacyjne,<\/li>\n<li style=\"margin-bottom: 10px;\"><span style=\"color: #1d7b88; font-weight: bold;\">\u2714<\/span> rola badania satysfakcji Klient\u00f3w w systemie zarz\u0105dzania jako\u015bci\u0105,<\/li>\n<li style=\"margin-bottom: 10px;\"><span style=\"color: #1d7b88; font-weight: bold;\">\u2714<\/span> audyty wewn\u0119trzne \u2013 wymagania, procedura, formularze,<\/li>\n<li style=\"margin-bottom: 10px;\"><span style=\"color: #1d7b88; font-weight: bold;\">\u2714<\/span> przegl\u0105d zarz\u0105dzania \u2013 przygotowanie i raportowanie,<\/li>\n<li style=\"margin-bottom: 10px;\"><span style=\"color: #1d7b88; font-weight: bold;\">\u2714<\/span> doskonalenie systemu zarz\u0105dzania jako\u015bci\u0105,<\/li>\n<li style=\"margin-bottom: 10px;\"><span style=\"color: #1d7b88; font-weight: bold;\">\u2714<\/span> g\u0142\u00f3wne czynniki skutecznego wdro\u017cenia systemu,<\/li>\n<li style=\"margin-bottom: 10px;\"><span style=\"color: #1d7b88; font-weight: bold;\">\u2714<\/span> 7 etap\u00f3w wdro\u017cenia systemu zarz\u0105dzania jako\u015bci\u0105,<\/li>\n<li style=\"margin-bottom: 10px;\"><span style=\"color: #1d7b88; font-weight: bold;\">\u2714<\/span> wykaz wymaganej udokumentowanej informacji,<\/li>\n<li style=\"margin-bottom: 10px;\"><span style=\"color: #1d7b88; font-weight: bold;\">\u2714<\/span> powo\u0142anie pe\u0142nomocnika \u2013 praktyczne porady,<\/li>\n<li style=\"margin-bottom: 10px;\"><span style=\"color: #1d7b88; font-weight: bold;\">\u2714<\/span> podej\u015bcie procesowe,<\/li>\n<li style=\"margin-bottom: 10px;\"><span style=\"color: #1d7b88; font-weight: bold;\">\u2714<\/span> opracowanie polityki jako\u015bci,<\/li>\n<li style=\"margin-bottom: 10px;\"><span style=\"color: #1d7b88; font-weight: bold;\">\u2714<\/span> przeprowadzenie szkolenia audytor\u00f3w wewn\u0119trznych,<\/li>\n<li style=\"margin-bottom: 10px;\"><span style=\"color: #1d7b88; font-weight: bold;\">\u2714<\/span> opracowanie ksi\u0119gi jako\u015bci,<\/li>\n<li style=\"margin-bottom: 10px;\"><span style=\"color: #1d7b88; font-weight: bold;\">\u2714<\/span> wyb\u00f3r jednostki certyfikuj\u0105cej,<\/li>\n<li style=\"margin-bottom: 10px;\"><span style=\"color: #1d7b88; font-weight: bold;\">\u2714<\/span> najnowsze zmiany w ISO 9001.<\/li>\n<\/ul>\n<\/li>\n<\/ul>\n<\/li>\n<\/ul>\n<\/div>\n<\/div>\n<p><!-- End of Product Description Template --><\/p>\n","protected":false},"excerpt":{"rendered":"<p>Wdro\u017cenie systemu zarz\u0105dzania jako\u015bci\u0105 wg ISO 9001 to praktyczny podr\u0119cznik do samodzielnego wdro\u017cenia systemu w SZKOLE J\u0118ZYKOWEJ. \u2714 Co to jest ISO 9001? \u2714 Na czym polega wdro\u017cenie systemu zarz\u0105dzania jako\u015bci\u0105? \u2714 Jakie s\u0105 etapy wdro\u017cenia i jak je przeprowadzi\u0107? \u2714 Jaka jest rola pe\u0142nomocnika ds. systemu zarz\u0105dzania jako\u015bci\u0105 w poszczeg\u00f3lnych etapach? \u2714 Jak zinterpretowa\u0107 [&hellip;]<\/p>\n","protected":false},"featured_media":44669,"template":"","meta":{"site-sidebar-layout":"default","site-content-layout":"","ast-site-content-layout":"default","site-content-style":"default","site-sidebar-style":"default","ast-global-header-display":"","ast-banner-title-visibility":"","ast-main-header-display":"","ast-hfb-above-header-display":"","ast-hfb-below-header-display":"","ast-hfb-mobile-header-display":"","site-post-title":"","ast-breadcrumbs-content":"","ast-featured-img":"","footer-sml-layout":"","ast-disable-related-posts":"","theme-transparent-header-meta":"default","adv-header-id-meta":"","stick-header-meta":"","header-above-stick-meta":"","header-main-stick-meta":"","header-below-stick-meta":"","astra-migrate-meta-layouts":"set","ast-page-background-enabled":"default","ast-page-background-meta":{"desktop":{"background-color":"","background-image":"","background-repeat":"repeat","background-position":"center center","background-size":"auto","background-attachment":"scroll","background-type":"","background-media":"","overlay-type":"","overlay-color":"","overlay-opacity":"","overlay-gradient":""},"tablet":{"background-color":"","background-image":"","background-repeat":"repeat","background-position":"center center","background-size":"auto","background-attachment":"scroll","background-type":"","background-media":"","overlay-type":"","overlay-color":"","overlay-opacity":"","overlay-gradient":""},"mobile":{"background-color":"","background-image":"","background-repeat":"repeat","background-position":"center center","background-size":"auto","background-attachment":"scroll","background-type":"","background-media":"","overlay-type":"","overlay-color":"","overlay-opacity":"","overlay-gradient":""}},"ast-content-background-meta":{"desktop":{"background-color":"var(--ast-global-color-5)","background-image":"","background-repeat":"repeat","background-position":"center center","background-size":"auto","background-attachment":"scroll","background-type":"","background-media":"","overlay-type":"","overlay-color":"","overlay-opacity":"","overlay-gradient":""},"tablet":{"background-color":"var(--ast-global-color-5)","background-image":"","background-repeat":"repeat","background-position":"center center","background-size":"auto","background-attachment":"scroll","background-type":"","background-media":"","overlay-type":"","overlay-color":"","overlay-opacity":"","overlay-gradient":""},"mobile":{"background-color":"var(--ast-global-color-5)","background-image":"","background-repeat":"repeat","background-position":"center center","background-size":"auto","background-attachment":"scroll","background-type":"","background-media":"","overlay-type":"","overlay-color":"","overlay-opacity":"","overlay-gradient":""}}},"product_brand":[],"product_cat":[18,414],"product_tag":[],"class_list":{"0":"post-44661","1":"product","2":"type-product","3":"status-publish","4":"has-post-thumbnail","6":"product_cat-bez-kategorii","7":"product_cat-e-book-9001","8":"desktop-align-left","9":"tablet-align-left","10":"mobile-align-left","12":"first","13":"instock","14":"taxable","15":"shipping-taxable","16":"purchasable","17":"product-type-simple"},"aioseo_notices":[],"yoast_head":"<!-- This site is optimized with the Yoast SEO plugin v27.4 - https:\/\/yoast.com\/product\/yoast-seo-wordpress\/ -->\n<title>Wdro\u017cenie systemu zarz\u0105dzania jako\u015bci\u0105 wg ISO 9001 w SZKOLE J\u0118ZYKOWEJ - Centrum Doskonalenia Zarz\u0105dzania Meritum<\/title>\n<meta name=\"robots\" content=\"index, follow, max-snippet:-1, max-image-preview:large, max-video-preview:-1\" \/>\n<link rel=\"canonical\" href=\"https:\/\/sklep.centrum-doskonalenia.pl\/index.php\/produkt\/wdrozenie-systemu-zarzadzania-jakoscia-wg-iso-9001-w-szkole-jezykowej-praktyczny-poradnik\/\" \/>\n<meta property=\"og:locale\" content=\"pl_PL\" \/>\n<meta property=\"og:type\" content=\"article\" \/>\n<meta property=\"og:title\" content=\"Wdro\u017cenie systemu zarz\u0105dzania jako\u015bci\u0105 wg ISO 9001 w SZKOLE J\u0118ZYKOWEJ - Centrum Doskonalenia Zarz\u0105dzania Meritum\" \/>\n<meta property=\"og:description\" content=\"Wdro\u017cenie systemu zarz\u0105dzania jako\u015bci\u0105 wg ISO 9001 to praktyczny podr\u0119cznik do samodzielnego wdro\u017cenia systemu w SZKOLE J\u0118ZYKOWEJ. \u2714 Co to jest ISO 9001? \u2714 Na czym polega wdro\u017cenie systemu zarz\u0105dzania jako\u015bci\u0105? \u2714 Jakie s\u0105 etapy wdro\u017cenia i jak je przeprowadzi\u0107? \u2714 Jaka jest rola pe\u0142nomocnika ds. systemu zarz\u0105dzania jako\u015bci\u0105 w poszczeg\u00f3lnych etapach? \u2714 Jak zinterpretowa\u0107 [&hellip;]\" \/>\n<meta property=\"og:url\" content=\"https:\/\/sklep.centrum-doskonalenia.pl\/index.php\/produkt\/wdrozenie-systemu-zarzadzania-jakoscia-wg-iso-9001-w-szkole-jezykowej-praktyczny-poradnik\/\" \/>\n<meta property=\"og:site_name\" content=\"Centrum Doskonalenia Zarz\u0105dzania Meritum\" \/>\n<meta property=\"article:modified_time\" content=\"2025-09-08T11:55:36+00:00\" \/>\n<meta property=\"og:image\" content=\"https:\/\/sklep.centrum-doskonalenia.pl\/wp-content\/uploads\/2025\/09\/1.png\" \/>\n\t<meta property=\"og:image:width\" content=\"512\" \/>\n\t<meta property=\"og:image:height\" content=\"800\" \/>\n\t<meta property=\"og:image:type\" content=\"image\/png\" \/>\n<meta name=\"twitter:card\" content=\"summary_large_image\" \/>\n<meta name=\"twitter:label1\" content=\"Szacowany czas czytania\" \/>\n\t<meta name=\"twitter:data1\" content=\"3 minuty\" \/>\n<script type=\"application\/ld+json\" class=\"yoast-schema-graph\">{\"@context\":\"https:\\\/\\\/schema.org\",\"@graph\":[{\"@type\":\"WebPage\",\"@id\":\"https:\\\/\\\/sklep.centrum-doskonalenia.pl\\\/index.php\\\/produkt\\\/wdrozenie-systemu-zarzadzania-jakoscia-wg-iso-9001-w-szkole-jezykowej-praktyczny-poradnik\\\/\",\"url\":\"https:\\\/\\\/sklep.centrum-doskonalenia.pl\\\/index.php\\\/produkt\\\/wdrozenie-systemu-zarzadzania-jakoscia-wg-iso-9001-w-szkole-jezykowej-praktyczny-poradnik\\\/\",\"name\":\"Wdro\u017cenie systemu zarz\u0105dzania jako\u015bci\u0105 wg ISO 9001 w SZKOLE J\u0118ZYKOWEJ - Centrum Doskonalenia Zarz\u0105dzania Meritum\",\"isPartOf\":{\"@id\":\"https:\\\/\\\/sklep.centrum-doskonalenia.pl\\\/#website\"},\"primaryImageOfPage\":{\"@id\":\"https:\\\/\\\/sklep.centrum-doskonalenia.pl\\\/index.php\\\/produkt\\\/wdrozenie-systemu-zarzadzania-jakoscia-wg-iso-9001-w-szkole-jezykowej-praktyczny-poradnik\\\/#primaryimage\"},\"image\":{\"@id\":\"https:\\\/\\\/sklep.centrum-doskonalenia.pl\\\/index.php\\\/produkt\\\/wdrozenie-systemu-zarzadzania-jakoscia-wg-iso-9001-w-szkole-jezykowej-praktyczny-poradnik\\\/#primaryimage\"},\"thumbnailUrl\":\"https:\\\/\\\/sklep.centrum-doskonalenia.pl\\\/wp-content\\\/uploads\\\/2025\\\/09\\\/1.png\",\"datePublished\":\"2025-09-08T11:35:37+00:00\",\"dateModified\":\"2025-09-08T11:55:36+00:00\",\"breadcrumb\":{\"@id\":\"https:\\\/\\\/sklep.centrum-doskonalenia.pl\\\/index.php\\\/produkt\\\/wdrozenie-systemu-zarzadzania-jakoscia-wg-iso-9001-w-szkole-jezykowej-praktyczny-poradnik\\\/#breadcrumb\"},\"inLanguage\":\"pl-PL\",\"potentialAction\":[{\"@type\":\"ReadAction\",\"target\":[\"https:\\\/\\\/sklep.centrum-doskonalenia.pl\\\/index.php\\\/produkt\\\/wdrozenie-systemu-zarzadzania-jakoscia-wg-iso-9001-w-szkole-jezykowej-praktyczny-poradnik\\\/\"]}]},{\"@type\":\"ImageObject\",\"inLanguage\":\"pl-PL\",\"@id\":\"https:\\\/\\\/sklep.centrum-doskonalenia.pl\\\/index.php\\\/produkt\\\/wdrozenie-systemu-zarzadzania-jakoscia-wg-iso-9001-w-szkole-jezykowej-praktyczny-poradnik\\\/#primaryimage\",\"url\":\"https:\\\/\\\/sklep.centrum-doskonalenia.pl\\\/wp-content\\\/uploads\\\/2025\\\/09\\\/1.png\",\"contentUrl\":\"https:\\\/\\\/sklep.centrum-doskonalenia.pl\\\/wp-content\\\/uploads\\\/2025\\\/09\\\/1.png\",\"width\":512,\"height\":800},{\"@type\":\"BreadcrumbList\",\"@id\":\"https:\\\/\\\/sklep.centrum-doskonalenia.pl\\\/index.php\\\/produkt\\\/wdrozenie-systemu-zarzadzania-jakoscia-wg-iso-9001-w-szkole-jezykowej-praktyczny-poradnik\\\/#breadcrumb\",\"itemListElement\":[{\"@type\":\"ListItem\",\"position\":1,\"name\":\"Strona g\u0142\u00f3wna\",\"item\":\"https:\\\/\\\/sklep.centrum-doskonalenia.pl\\\/\"},{\"@type\":\"ListItem\",\"position\":2,\"name\":\"Produkty\",\"item\":\"https:\\\/\\\/sklep.centrum-doskonalenia.pl\\\/index.php\\\/shop\\\/\"},{\"@type\":\"ListItem\",\"position\":3,\"name\":\"Wdro\u017cenie systemu zarz\u0105dzania jako\u015bci\u0105 wg ISO 9001 w SZKOLE J\u0118ZYKOWEJ\"}]},{\"@type\":\"WebSite\",\"@id\":\"https:\\\/\\\/sklep.centrum-doskonalenia.pl\\\/#website\",\"url\":\"https:\\\/\\\/sklep.centrum-doskonalenia.pl\\\/\",\"name\":\"Centrum Doskonalenia Zarz\u0105dzania Meritum\",\"description\":\"\",\"publisher\":{\"@id\":\"https:\\\/\\\/sklep.centrum-doskonalenia.pl\\\/#organization\"},\"potentialAction\":[{\"@type\":\"SearchAction\",\"target\":{\"@type\":\"EntryPoint\",\"urlTemplate\":\"https:\\\/\\\/sklep.centrum-doskonalenia.pl\\\/?s={search_term_string}\"},\"query-input\":{\"@type\":\"PropertyValueSpecification\",\"valueRequired\":true,\"valueName\":\"search_term_string\"}}],\"inLanguage\":\"pl-PL\"},{\"@type\":\"Organization\",\"@id\":\"https:\\\/\\\/sklep.centrum-doskonalenia.pl\\\/#organization\",\"name\":\"Centrum Doskonalenia Zarz\u0105dzania Meritum\",\"url\":\"https:\\\/\\\/sklep.centrum-doskonalenia.pl\\\/\",\"logo\":{\"@type\":\"ImageObject\",\"inLanguage\":\"pl-PL\",\"@id\":\"https:\\\/\\\/sklep.centrum-doskonalenia.pl\\\/#\\\/schema\\\/logo\\\/image\\\/\",\"url\":\"https:\\\/\\\/sklep.centrum-doskonalenia.pl\\\/wp-content\\\/uploads\\\/2023\\\/10\\\/logo-czarne-bez-tla.png\",\"contentUrl\":\"https:\\\/\\\/sklep.centrum-doskonalenia.pl\\\/wp-content\\\/uploads\\\/2023\\\/10\\\/logo-czarne-bez-tla.png\",\"width\":2089,\"height\":712,\"caption\":\"Centrum Doskonalenia Zarz\u0105dzania Meritum\"},\"image\":{\"@id\":\"https:\\\/\\\/sklep.centrum-doskonalenia.pl\\\/#\\\/schema\\\/logo\\\/image\\\/\"}}]}<\/script>\n<!-- \/ Yoast SEO plugin. -->","yoast_head_json":{"title":"Wdro\u017cenie systemu zarz\u0105dzania jako\u015bci\u0105 wg ISO 9001 w SZKOLE J\u0118ZYKOWEJ - Centrum Doskonalenia Zarz\u0105dzania Meritum","robots":{"index":"index","follow":"follow","max-snippet":"max-snippet:-1","max-image-preview":"max-image-preview:large","max-video-preview":"max-video-preview:-1"},"canonical":"https:\/\/sklep.centrum-doskonalenia.pl\/index.php\/produkt\/wdrozenie-systemu-zarzadzania-jakoscia-wg-iso-9001-w-szkole-jezykowej-praktyczny-poradnik\/","og_locale":"pl_PL","og_type":"article","og_title":"Wdro\u017cenie systemu zarz\u0105dzania jako\u015bci\u0105 wg ISO 9001 w SZKOLE J\u0118ZYKOWEJ - Centrum Doskonalenia Zarz\u0105dzania Meritum","og_description":"Wdro\u017cenie systemu zarz\u0105dzania jako\u015bci\u0105 wg ISO 9001 to praktyczny podr\u0119cznik do samodzielnego wdro\u017cenia systemu w SZKOLE J\u0118ZYKOWEJ. \u2714 Co to jest ISO 9001? \u2714 Na czym polega wdro\u017cenie systemu zarz\u0105dzania jako\u015bci\u0105? \u2714 Jakie s\u0105 etapy wdro\u017cenia i jak je przeprowadzi\u0107? \u2714 Jaka jest rola pe\u0142nomocnika ds. systemu zarz\u0105dzania jako\u015bci\u0105 w poszczeg\u00f3lnych etapach? \u2714 Jak zinterpretowa\u0107 [&hellip;]","og_url":"https:\/\/sklep.centrum-doskonalenia.pl\/index.php\/produkt\/wdrozenie-systemu-zarzadzania-jakoscia-wg-iso-9001-w-szkole-jezykowej-praktyczny-poradnik\/","og_site_name":"Centrum Doskonalenia Zarz\u0105dzania Meritum","article_modified_time":"2025-09-08T11:55:36+00:00","og_image":[{"width":512,"height":800,"url":"https:\/\/sklep.centrum-doskonalenia.pl\/wp-content\/uploads\/2025\/09\/1.png","type":"image\/png"}],"twitter_card":"summary_large_image","twitter_misc":{"Szacowany czas czytania":"3 minuty"},"schema":{"@context":"https:\/\/schema.org","@graph":[{"@type":"WebPage","@id":"https:\/\/sklep.centrum-doskonalenia.pl\/index.php\/produkt\/wdrozenie-systemu-zarzadzania-jakoscia-wg-iso-9001-w-szkole-jezykowej-praktyczny-poradnik\/","url":"https:\/\/sklep.centrum-doskonalenia.pl\/index.php\/produkt\/wdrozenie-systemu-zarzadzania-jakoscia-wg-iso-9001-w-szkole-jezykowej-praktyczny-poradnik\/","name":"Wdro\u017cenie systemu zarz\u0105dzania jako\u015bci\u0105 wg ISO 9001 w SZKOLE J\u0118ZYKOWEJ - Centrum Doskonalenia Zarz\u0105dzania Meritum","isPartOf":{"@id":"https:\/\/sklep.centrum-doskonalenia.pl\/#website"},"primaryImageOfPage":{"@id":"https:\/\/sklep.centrum-doskonalenia.pl\/index.php\/produkt\/wdrozenie-systemu-zarzadzania-jakoscia-wg-iso-9001-w-szkole-jezykowej-praktyczny-poradnik\/#primaryimage"},"image":{"@id":"https:\/\/sklep.centrum-doskonalenia.pl\/index.php\/produkt\/wdrozenie-systemu-zarzadzania-jakoscia-wg-iso-9001-w-szkole-jezykowej-praktyczny-poradnik\/#primaryimage"},"thumbnailUrl":"https:\/\/sklep.centrum-doskonalenia.pl\/wp-content\/uploads\/2025\/09\/1.png","datePublished":"2025-09-08T11:35:37+00:00","dateModified":"2025-09-08T11:55:36+00:00","breadcrumb":{"@id":"https:\/\/sklep.centrum-doskonalenia.pl\/index.php\/produkt\/wdrozenie-systemu-zarzadzania-jakoscia-wg-iso-9001-w-szkole-jezykowej-praktyczny-poradnik\/#breadcrumb"},"inLanguage":"pl-PL","potentialAction":[{"@type":"ReadAction","target":["https:\/\/sklep.centrum-doskonalenia.pl\/index.php\/produkt\/wdrozenie-systemu-zarzadzania-jakoscia-wg-iso-9001-w-szkole-jezykowej-praktyczny-poradnik\/"]}]},{"@type":"ImageObject","inLanguage":"pl-PL","@id":"https:\/\/sklep.centrum-doskonalenia.pl\/index.php\/produkt\/wdrozenie-systemu-zarzadzania-jakoscia-wg-iso-9001-w-szkole-jezykowej-praktyczny-poradnik\/#primaryimage","url":"https:\/\/sklep.centrum-doskonalenia.pl\/wp-content\/uploads\/2025\/09\/1.png","contentUrl":"https:\/\/sklep.centrum-doskonalenia.pl\/wp-content\/uploads\/2025\/09\/1.png","width":512,"height":800},{"@type":"BreadcrumbList","@id":"https:\/\/sklep.centrum-doskonalenia.pl\/index.php\/produkt\/wdrozenie-systemu-zarzadzania-jakoscia-wg-iso-9001-w-szkole-jezykowej-praktyczny-poradnik\/#breadcrumb","itemListElement":[{"@type":"ListItem","position":1,"name":"Strona g\u0142\u00f3wna","item":"https:\/\/sklep.centrum-doskonalenia.pl\/"},{"@type":"ListItem","position":2,"name":"Produkty","item":"https:\/\/sklep.centrum-doskonalenia.pl\/index.php\/shop\/"},{"@type":"ListItem","position":3,"name":"Wdro\u017cenie systemu zarz\u0105dzania jako\u015bci\u0105 wg ISO 9001 w SZKOLE J\u0118ZYKOWEJ"}]},{"@type":"WebSite","@id":"https:\/\/sklep.centrum-doskonalenia.pl\/#website","url":"https:\/\/sklep.centrum-doskonalenia.pl\/","name":"Centrum Doskonalenia Zarz\u0105dzania Meritum","description":"","publisher":{"@id":"https:\/\/sklep.centrum-doskonalenia.pl\/#organization"},"potentialAction":[{"@type":"SearchAction","target":{"@type":"EntryPoint","urlTemplate":"https:\/\/sklep.centrum-doskonalenia.pl\/?s={search_term_string}"},"query-input":{"@type":"PropertyValueSpecification","valueRequired":true,"valueName":"search_term_string"}}],"inLanguage":"pl-PL"},{"@type":"Organization","@id":"https:\/\/sklep.centrum-doskonalenia.pl\/#organization","name":"Centrum Doskonalenia Zarz\u0105dzania Meritum","url":"https:\/\/sklep.centrum-doskonalenia.pl\/","logo":{"@type":"ImageObject","inLanguage":"pl-PL","@id":"https:\/\/sklep.centrum-doskonalenia.pl\/#\/schema\/logo\/image\/","url":"https:\/\/sklep.centrum-doskonalenia.pl\/wp-content\/uploads\/2023\/10\/logo-czarne-bez-tla.png","contentUrl":"https:\/\/sklep.centrum-doskonalenia.pl\/wp-content\/uploads\/2023\/10\/logo-czarne-bez-tla.png","width":2089,"height":712,"caption":"Centrum Doskonalenia Zarz\u0105dzania Meritum"},"image":{"@id":"https:\/\/sklep.centrum-doskonalenia.pl\/#\/schema\/logo\/image\/"}}]}},"_links":{"self":[{"href":"https:\/\/sklep.centrum-doskonalenia.pl\/index.php\/wp-json\/wp\/v2\/product\/44661","targetHints":{"allow":["GET"]}}],"collection":[{"href":"https:\/\/sklep.centrum-doskonalenia.pl\/index.php\/wp-json\/wp\/v2\/product"}],"about":[{"href":"https:\/\/sklep.centrum-doskonalenia.pl\/index.php\/wp-json\/wp\/v2\/types\/product"}],"wp:featuredmedia":[{"embeddable":true,"href":"https:\/\/sklep.centrum-doskonalenia.pl\/index.php\/wp-json\/wp\/v2\/media\/44669"}],"wp:attachment":[{"href":"https:\/\/sklep.centrum-doskonalenia.pl\/index.php\/wp-json\/wp\/v2\/media?parent=44661"}],"wp:term":[{"taxonomy":"product_brand","embeddable":true,"href":"https:\/\/sklep.centrum-doskonalenia.pl\/index.php\/wp-json\/wp\/v2\/product_brand?post=44661"},{"taxonomy":"product_cat","embeddable":true,"href":"https:\/\/sklep.centrum-doskonalenia.pl\/index.php\/wp-json\/wp\/v2\/product_cat?post=44661"},{"taxonomy":"product_tag","embeddable":true,"href":"https:\/\/sklep.centrum-doskonalenia.pl\/index.php\/wp-json\/wp\/v2\/product_tag?post=44661"}],"curies":[{"name":"wp","href":"https:\/\/api.w.org\/{rel}","templated":true}]}}