{"id":37996,"date":"2025-08-21T14:15:22","date_gmt":"2025-08-21T12:15:22","guid":{"rendered":"https:\/\/sklep.centrum-doskonalenia.pl\/?post_type=product&#038;p=37996"},"modified":"2025-10-02T09:33:37","modified_gmt":"2025-10-02T07:33:37","slug":"kurs-audytor-wiodacy-iso-9001-2015","status":"publish","type":"product","link":"https:\/\/sklep.centrum-doskonalenia.pl\/index.php\/produkt\/kurs-audytor-wiodacy-iso-9001-2015\/","title":{"rendered":"Kurs Audytor Wiod\u0105cy ISO 9001:2015"},"content":{"rendered":"<div class=\"product-description-container\">\n<div class=\"product-details\">\n<div class=\"product-info\">\n<h5 style=\"margin-top: 40px; margin-bottom: 20px; font-weight: bold; color: #1d7b88;\">Jeszcze wi\u0119cej wiedzy dla audytora ISO 9001:2015!<\/h5>\n<p style=\"margin-bottom: 20px;\">Najnowsze szkolenie zosta\u0142o stworzone z my\u015bl\u0105 o osobach, kt\u00f3re chc\u0105 zdoby\u0107 rzeteln\u0105 wiedz\u0119 i praktyczne umiej\u0119tno\u015bci potrzebne do pe\u0142nienia roli audytora wiod\u0105cego systemu zarz\u0105dzania jako\u015bci\u0105 zgodnego z ISO 9001:2015.<\/p>\n<\/div>\n<\/div>\n<div class=\"product-additional-info\">\n<h5 style=\"margin-top: 40px; margin-bottom: 20px; font-weight: bold; color: #1d7b88;\">Dla kogo jest to szkolenie?<\/h5>\n<ul style=\"padding-left: 20px; list-style-type: none;\">\n<li style=\"margin-bottom: 10px;\"><span style=\"color: #1d7b88; font-weight: bold;\">\u2714<\/span> dla specjalist\u00f3w ds. jako\u015bci,<\/li>\n<li style=\"margin-bottom: 10px;\"><span style=\"color: #1d7b88; font-weight: bold;\">\u2714<\/span> dla przysz\u0142ych audytor\u00f3w wiod\u0105cych przygotowuj\u0105cych si\u0119 do tej roli,<\/li>\n<li style=\"margin-bottom: 10px;\"><span style=\"color: #1d7b88; font-weight: bold;\">\u2714<\/span> dla os\u00f3b odpowiedzialnych za audyty wewn\u0119trzne lub drugiej strony,<\/li>\n<li style=\"margin-bottom: 40px;\"><span style=\"color: #1d7b88; font-weight: bold;\">\u2714<\/span> dla tych, kt\u00f3rzy nie potrzebuj\u0105 (lub jeszcze nie potrzebuj\u0105) formalnej akredytacji IRCA, ale chc\u0105 by\u0107 dobrze przygotowani do prowadzenia audyt\u00f3w zgodnych z ISO 9001:2015.<\/li>\n<\/ul>\n<\/div>\n<div class=\"product-additional-info\">\n<h5 style=\"margin-top: 40px; margin-bottom: 20px; font-weight: bold; color: #1d7b88;\">Dlaczego warto wybra\u0107 to szkolenie?<\/h5>\n<ul style=\"padding-left: 20px; list-style-type: none;\">\n<li style=\"margin-bottom: 10px;\"><span style=\"color: #1d7b88; font-weight: bold;\">\u2714<\/span> e-learning 100% online \u2013 uczysz si\u0119 we w\u0142asnym tempie, kiedy chcesz i gdzie chcesz,<\/li>\n<li style=\"margin-bottom: 10px;\"><span style=\"color: #1d7b88; font-weight: bold;\">\u2714<\/span> praktyczna zawarto\u015b\u0107 \u2013 \u0107wiczenia, przyk\u0142ady, studia przypadk\u00f3w,<\/li>\n<li style=\"margin-bottom: 10px;\"><span style=\"color: #1d7b88; font-weight: bold;\">\u2714<\/span> kompleksowe podej\u015bcie \u2013 od podstaw i wymaga\u0144 systemu zarz\u0105dzania jako\u015bci\u0105, przez rol\u0119 audytora, po prowadzenie i dokumentowanie audytu,<\/li>\n<li style=\"margin-bottom: 40px;\"><span style=\"color: #1d7b88; font-weight: bold;\">\u2714<\/span> aktualna wiedza \u2013 zgodna z najnowsz\u0105 wersj\u0105 normy ISO 9001:2015 i ISO 19011:2018.<\/li>\n<\/ul>\n<\/div>\n<div class=\"product-additional-info\">\n<h5 style=\"margin-top: 40px; margin-bottom: 20px; font-weight: bold; color: #1d7b88;\">Zakres szkolenia:<\/h5>\n<ul style=\"padding-left: 20px; list-style-type: none;\">\n<li style=\"margin-bottom: 10px;\"><span style=\"color: #1d7b88; font-weight: bold;\">\u2714<\/span> podstawy ISO 9001:2015 \u2013 zasady zarz\u0105dzania jako\u015bci\u0105, cykl PDCA, dzia\u0142ania audytowe wg ISO 19011, podej\u015bcie oparte na ryzyku,<\/li>\n<li style=\"margin-bottom: 10px;\"><span style=\"color: #1d7b88; font-weight: bold;\">\u2714<\/span> rola i kompetencje audytora wiod\u0105cego \u2013 komunikacja podczas audytu, wiedza, umiej\u0119tno\u015bci, neutralno\u015b\u0107 i obiektywizm, zarz\u0105dzanie zespo\u0142em audytor\u00f3w,<\/li>\n<li style=\"margin-bottom: 10px;\"><span style=\"color: #1d7b88; font-weight: bold;\">\u2714<\/span> interpretacja wymaga\u0144 normy,<\/li>\n<li style=\"margin-bottom: 10px;\"><span style=\"color: #1d7b88; font-weight: bold;\">\u2714<\/span> planowanie, przygotowanie i prowadzenie audytu \u2013 program, plan audytu, pytania audytowe i lista pyta\u0144, przeprowadzenie audytu,<\/li>\n<li style=\"margin-bottom: 10px;\"><span style=\"color: #1d7b88; font-weight: bold;\">\u2714<\/span> ocena niezgodno\u015bci i dzia\u0142ania poaudytowe \u2013 analiza dowod\u00f3w, klasyfikacja niezgodno\u015bci, dzia\u0142ania koryguj\u0105ce,<\/li>\n<li style=\"margin-bottom: 10px;\"><span style=\"color: #1d7b88; font-weight: bold;\">\u2714<\/span> dokumentacja, raportowanie i komunikacja<\/li>\n<li style=\"margin-bottom: 40px;\"><span style=\"color: #1d7b88; font-weight: bold;\">\u2714<\/span> praktyczne scenariusze audytowe i zadania \u2013 \u015bcie\u017cki audytowe<\/li>\n<\/ul>\n<\/div>\n<div class=\"product-additional-info\">\n<h5 style=\"margin-top: 40px; margin-bottom: 20px; font-weight: bold; color: #1d7b88;\">Co zyskujesz po uko\u0144czeniu szkolenia?<\/h5>\n<ul style=\"padding-left: 20px; list-style-type: none;\">\n<li style=\"margin-bottom: 10px;\"><span style=\"color: #1d7b88; font-weight: bold;\">\u2714<\/span> wiedz\u0119 na temat wymaga\u0144 normy ISO 9001:2015,<\/li>\n<li style=\"margin-bottom: 10px;\"><span style=\"color: #1d7b88; font-weight: bold;\">\u2714<\/span> gotowo\u015b\u0107 do samodzielnego planowania i prowadzenia audyt\u00f3w zgodnych z ISO 9001:2015,<\/li>\n<li style=\"margin-bottom: 10px;\"><span style=\"color: #1d7b88; font-weight: bold;\">\u2714<\/span> gotowo\u015b\u0107 do zarz\u0105dzania grup\u0105 audytor\u00f3w wewn\u0119trznych,<\/li>\n<li style=\"margin-bottom: 10px;\"><span style=\"color: #1d7b88; font-weight: bold;\">\u2714<\/span> wiedz\u0119 i narz\u0119dzia potrzebne do analizy ryzyk, wykrywania niezgodno\u015bci i raportowania,<\/li>\n<li style=\"margin-bottom: 40px;\"><span style=\"color: #1d7b88; font-weight: bold;\">\u2714<\/span> certyfikat potwierdzaj\u0105cy zdobycie kwalifikacji audytora wiod\u0105cego.<\/li>\n<\/ul>\n<p style=\"margin-bottom: 20px;\">Szkolenie zawiera liczne filmiki prezentuj\u0105ce dyskusje szkoleniowe \u201ez \u017cycia wzi\u0119te\u201d, w spos\u00f3b praktyczny wyja\u015bniaj\u0105cy omawiane wymagania.<\/p>\n<p style=\"margin-bottom: 20px;\">Po uko\u0144czeniu szkolenia i zdaniu egzaminu otrzymujecie Pa\u0144stwo<strong> certyfikat Audytora wiod\u0105cego systemu zarz\u0105dzania jako\u015bci\u0105 wg ISO 9001:2015<\/strong>, potwierdzaj\u0105cy nabyte kwalifikacje, uprawniaj\u0105cy do przeprowadzania audyt\u00f3w wewn\u0119trznych.<\/p>\n<\/div>\n<\/div>\n","protected":false},"excerpt":{"rendered":"<p>Jeszcze wi\u0119cej wiedzy dla audytora ISO 9001:2015! Najnowsze szkolenie zosta\u0142o stworzone z my\u015bl\u0105 o osobach, kt\u00f3re chc\u0105 zdoby\u0107 rzeteln\u0105 wiedz\u0119 i praktyczne umiej\u0119tno\u015bci potrzebne do pe\u0142nienia roli audytora wiod\u0105cego systemu zarz\u0105dzania jako\u015bci\u0105 zgodnego z ISO 9001:2015. Dla kogo jest to szkolenie? \u2714 dla specjalist\u00f3w ds. jako\u015bci, \u2714 dla przysz\u0142ych audytor\u00f3w wiod\u0105cych przygotowuj\u0105cych si\u0119 do tej [&hellip;]<\/p>\n","protected":false},"featured_media":44682,"template":"","meta":{"site-sidebar-layout":"default","site-content-layout":"","ast-site-content-layout":"default","site-content-style":"default","site-sidebar-style":"default","ast-global-header-display":"","ast-banner-title-visibility":"","ast-main-header-display":"","ast-hfb-above-header-display":"","ast-hfb-below-header-display":"","ast-hfb-mobile-header-display":"","site-post-title":"","ast-breadcrumbs-content":"","ast-featured-img":"","footer-sml-layout":"","ast-disable-related-posts":"","theme-transparent-header-meta":"default","adv-header-id-meta":"","stick-header-meta":"","header-above-stick-meta":"","header-main-stick-meta":"","header-below-stick-meta":"","astra-migrate-meta-layouts":"set","ast-page-background-enabled":"default","ast-page-background-meta":{"desktop":{"background-color":"","background-image":"","background-repeat":"repeat","background-position":"center center","background-size":"auto","background-attachment":"scroll","background-type":"","background-media":"","overlay-type":"","overlay-color":"","overlay-opacity":"","overlay-gradient":""},"tablet":{"background-color":"","background-image":"","background-repeat":"repeat","background-position":"center center","background-size":"auto","background-attachment":"scroll","background-type":"","background-media":"","overlay-type":"","overlay-color":"","overlay-opacity":"","overlay-gradient":""},"mobile":{"background-color":"","background-image":"","background-repeat":"repeat","background-position":"center center","background-size":"auto","background-attachment":"scroll","background-type":"","background-media":"","overlay-type":"","overlay-color":"","overlay-opacity":"","overlay-gradient":""}},"ast-content-background-meta":{"desktop":{"background-color":"var(--ast-global-color-5)","background-image":"","background-repeat":"repeat","background-position":"center center","background-size":"auto","background-attachment":"scroll","background-type":"","background-media":"","overlay-type":"","overlay-color":"","overlay-opacity":"","overlay-gradient":""},"tablet":{"background-color":"var(--ast-global-color-5)","background-image":"","background-repeat":"repeat","background-position":"center center","background-size":"auto","background-attachment":"scroll","background-type":"","background-media":"","overlay-type":"","overlay-color":"","overlay-opacity":"","overlay-gradient":""},"mobile":{"background-color":"var(--ast-global-color-5)","background-image":"","background-repeat":"repeat","background-position":"center center","background-size":"auto","background-attachment":"scroll","background-type":"","background-media":"","overlay-type":"","overlay-color":"","overlay-opacity":"","overlay-gradient":""}}},"product_brand":[],"product_cat":[846,35],"product_tag":[84],"class_list":{"0":"post-37996","1":"product","2":"type-product","3":"status-publish","4":"has-post-thumbnail","6":"product_cat-audytor-wiodacy","7":"product_cat-iso-9001","8":"product_tag-kurs-audytor-wewnetrzny-i-pelnomocnik-iso","9":"desktop-align-left","10":"tablet-align-left","11":"mobile-align-left","13":"first","14":"instock","15":"taxable","16":"shipping-taxable","17":"purchasable","18":"product-type-simple"},"aioseo_notices":[],"yoast_head":"<!-- This site is optimized with the Yoast SEO plugin v27.4 - https:\/\/yoast.com\/product\/yoast-seo-wordpress\/ -->\n<title>Kurs Audytor Wiod\u0105cy ISO 9001:2015 - Centrum Doskonalenia Zarz\u0105dzania Meritum<\/title>\n<meta name=\"description\" content=\"Kurs audytor wewn\u0119trzny ISO 9001 jest skierowany do os\u00f3b, kt\u00f3re chc\u0105 uzyska\u0107 kwalifikacje audytora wewn\u0119trznego ISO 9001 potwierdzone certyfikatem.\" \/>\n<meta name=\"robots\" content=\"index, follow, max-snippet:-1, max-image-preview:large, max-video-preview:-1\" \/>\n<link rel=\"canonical\" href=\"https:\/\/sklep.centrum-doskonalenia.pl\/index.php\/produkt\/kurs-audytor-wiodacy-iso-9001-2015\/\" \/>\n<meta property=\"og:locale\" content=\"pl_PL\" \/>\n<meta property=\"og:type\" content=\"article\" \/>\n<meta property=\"og:title\" content=\"Kurs Audytor Wiod\u0105cy ISO 9001:2015 - Centrum Doskonalenia Zarz\u0105dzania Meritum\" \/>\n<meta property=\"og:description\" content=\"Kurs audytor wewn\u0119trzny ISO 9001 jest skierowany do os\u00f3b, kt\u00f3re chc\u0105 uzyska\u0107 kwalifikacje audytora wewn\u0119trznego ISO 9001 potwierdzone certyfikatem.\" \/>\n<meta property=\"og:url\" content=\"https:\/\/sklep.centrum-doskonalenia.pl\/index.php\/produkt\/kurs-audytor-wiodacy-iso-9001-2015\/\" \/>\n<meta property=\"og:site_name\" content=\"Centrum Doskonalenia Zarz\u0105dzania Meritum\" \/>\n<meta property=\"article:modified_time\" content=\"2025-10-02T07:33:37+00:00\" \/>\n<meta property=\"og:image\" content=\"https:\/\/sklep.centrum-doskonalenia.pl\/wp-content\/uploads\/2025\/09\/test.png\" \/>\n\t<meta property=\"og:image:width\" content=\"1126\" \/>\n\t<meta property=\"og:image:height\" content=\"741\" \/>\n\t<meta property=\"og:image:type\" content=\"image\/png\" \/>\n<meta name=\"twitter:card\" content=\"summary_large_image\" \/>\n<meta name=\"twitter:label1\" content=\"Szacowany czas czytania\" \/>\n\t<meta name=\"twitter:data1\" content=\"3 minuty\" \/>\n<script type=\"application\/ld+json\" class=\"yoast-schema-graph\">{\"@context\":\"https:\\\/\\\/schema.org\",\"@graph\":[{\"@type\":\"WebPage\",\"@id\":\"https:\\\/\\\/sklep.centrum-doskonalenia.pl\\\/index.php\\\/produkt\\\/kurs-audytor-wiodacy-iso-9001-2015\\\/\",\"url\":\"https:\\\/\\\/sklep.centrum-doskonalenia.pl\\\/index.php\\\/produkt\\\/kurs-audytor-wiodacy-iso-9001-2015\\\/\",\"name\":\"Kurs Audytor Wiod\u0105cy ISO 9001:2015 - Centrum Doskonalenia Zarz\u0105dzania Meritum\",\"isPartOf\":{\"@id\":\"https:\\\/\\\/sklep.centrum-doskonalenia.pl\\\/#website\"},\"primaryImageOfPage\":{\"@id\":\"https:\\\/\\\/sklep.centrum-doskonalenia.pl\\\/index.php\\\/produkt\\\/kurs-audytor-wiodacy-iso-9001-2015\\\/#primaryimage\"},\"image\":{\"@id\":\"https:\\\/\\\/sklep.centrum-doskonalenia.pl\\\/index.php\\\/produkt\\\/kurs-audytor-wiodacy-iso-9001-2015\\\/#primaryimage\"},\"thumbnailUrl\":\"https:\\\/\\\/sklep.centrum-doskonalenia.pl\\\/wp-content\\\/uploads\\\/2025\\\/09\\\/test.png\",\"datePublished\":\"2025-08-21T12:15:22+00:00\",\"dateModified\":\"2025-10-02T07:33:37+00:00\",\"description\":\"Kurs audytor wewn\u0119trzny ISO 9001 jest skierowany do os\u00f3b, kt\u00f3re chc\u0105 uzyska\u0107 kwalifikacje audytora wewn\u0119trznego ISO 9001 potwierdzone certyfikatem.\",\"breadcrumb\":{\"@id\":\"https:\\\/\\\/sklep.centrum-doskonalenia.pl\\\/index.php\\\/produkt\\\/kurs-audytor-wiodacy-iso-9001-2015\\\/#breadcrumb\"},\"inLanguage\":\"pl-PL\",\"potentialAction\":[{\"@type\":\"ReadAction\",\"target\":[\"https:\\\/\\\/sklep.centrum-doskonalenia.pl\\\/index.php\\\/produkt\\\/kurs-audytor-wiodacy-iso-9001-2015\\\/\"]}]},{\"@type\":\"ImageObject\",\"inLanguage\":\"pl-PL\",\"@id\":\"https:\\\/\\\/sklep.centrum-doskonalenia.pl\\\/index.php\\\/produkt\\\/kurs-audytor-wiodacy-iso-9001-2015\\\/#primaryimage\",\"url\":\"https:\\\/\\\/sklep.centrum-doskonalenia.pl\\\/wp-content\\\/uploads\\\/2025\\\/09\\\/test.png\",\"contentUrl\":\"https:\\\/\\\/sklep.centrum-doskonalenia.pl\\\/wp-content\\\/uploads\\\/2025\\\/09\\\/test.png\",\"width\":1126,\"height\":741},{\"@type\":\"BreadcrumbList\",\"@id\":\"https:\\\/\\\/sklep.centrum-doskonalenia.pl\\\/index.php\\\/produkt\\\/kurs-audytor-wiodacy-iso-9001-2015\\\/#breadcrumb\",\"itemListElement\":[{\"@type\":\"ListItem\",\"position\":1,\"name\":\"Strona g\u0142\u00f3wna\",\"item\":\"https:\\\/\\\/sklep.centrum-doskonalenia.pl\\\/\"},{\"@type\":\"ListItem\",\"position\":2,\"name\":\"Produkty\",\"item\":\"https:\\\/\\\/sklep.centrum-doskonalenia.pl\\\/index.php\\\/shop\\\/\"},{\"@type\":\"ListItem\",\"position\":3,\"name\":\"Kurs Audytor Wiod\u0105cy ISO 9001:2015\"}]},{\"@type\":\"WebSite\",\"@id\":\"https:\\\/\\\/sklep.centrum-doskonalenia.pl\\\/#website\",\"url\":\"https:\\\/\\\/sklep.centrum-doskonalenia.pl\\\/\",\"name\":\"Centrum Doskonalenia Zarz\u0105dzania Meritum\",\"description\":\"\",\"publisher\":{\"@id\":\"https:\\\/\\\/sklep.centrum-doskonalenia.pl\\\/#organization\"},\"potentialAction\":[{\"@type\":\"SearchAction\",\"target\":{\"@type\":\"EntryPoint\",\"urlTemplate\":\"https:\\\/\\\/sklep.centrum-doskonalenia.pl\\\/?s={search_term_string}\"},\"query-input\":{\"@type\":\"PropertyValueSpecification\",\"valueRequired\":true,\"valueName\":\"search_term_string\"}}],\"inLanguage\":\"pl-PL\"},{\"@type\":\"Organization\",\"@id\":\"https:\\\/\\\/sklep.centrum-doskonalenia.pl\\\/#organization\",\"name\":\"Centrum Doskonalenia Zarz\u0105dzania Meritum\",\"url\":\"https:\\\/\\\/sklep.centrum-doskonalenia.pl\\\/\",\"logo\":{\"@type\":\"ImageObject\",\"inLanguage\":\"pl-PL\",\"@id\":\"https:\\\/\\\/sklep.centrum-doskonalenia.pl\\\/#\\\/schema\\\/logo\\\/image\\\/\",\"url\":\"https:\\\/\\\/sklep.centrum-doskonalenia.pl\\\/wp-content\\\/uploads\\\/2023\\\/10\\\/logo-czarne-bez-tla.png\",\"contentUrl\":\"https:\\\/\\\/sklep.centrum-doskonalenia.pl\\\/wp-content\\\/uploads\\\/2023\\\/10\\\/logo-czarne-bez-tla.png\",\"width\":2089,\"height\":712,\"caption\":\"Centrum Doskonalenia Zarz\u0105dzania Meritum\"},\"image\":{\"@id\":\"https:\\\/\\\/sklep.centrum-doskonalenia.pl\\\/#\\\/schema\\\/logo\\\/image\\\/\"}}]}<\/script>\n<!-- \/ Yoast SEO plugin. -->","yoast_head_json":{"title":"Kurs Audytor Wiod\u0105cy ISO 9001:2015 - Centrum Doskonalenia Zarz\u0105dzania Meritum","description":"Kurs audytor wewn\u0119trzny ISO 9001 jest skierowany do os\u00f3b, kt\u00f3re chc\u0105 uzyska\u0107 kwalifikacje audytora wewn\u0119trznego ISO 9001 potwierdzone certyfikatem.","robots":{"index":"index","follow":"follow","max-snippet":"max-snippet:-1","max-image-preview":"max-image-preview:large","max-video-preview":"max-video-preview:-1"},"canonical":"https:\/\/sklep.centrum-doskonalenia.pl\/index.php\/produkt\/kurs-audytor-wiodacy-iso-9001-2015\/","og_locale":"pl_PL","og_type":"article","og_title":"Kurs Audytor Wiod\u0105cy ISO 9001:2015 - Centrum Doskonalenia Zarz\u0105dzania Meritum","og_description":"Kurs audytor wewn\u0119trzny ISO 9001 jest skierowany do os\u00f3b, kt\u00f3re chc\u0105 uzyska\u0107 kwalifikacje audytora wewn\u0119trznego ISO 9001 potwierdzone certyfikatem.","og_url":"https:\/\/sklep.centrum-doskonalenia.pl\/index.php\/produkt\/kurs-audytor-wiodacy-iso-9001-2015\/","og_site_name":"Centrum Doskonalenia Zarz\u0105dzania Meritum","article_modified_time":"2025-10-02T07:33:37+00:00","og_image":[{"width":1126,"height":741,"url":"https:\/\/sklep.centrum-doskonalenia.pl\/wp-content\/uploads\/2025\/09\/test.png","type":"image\/png"}],"twitter_card":"summary_large_image","twitter_misc":{"Szacowany czas czytania":"3 minuty"},"schema":{"@context":"https:\/\/schema.org","@graph":[{"@type":"WebPage","@id":"https:\/\/sklep.centrum-doskonalenia.pl\/index.php\/produkt\/kurs-audytor-wiodacy-iso-9001-2015\/","url":"https:\/\/sklep.centrum-doskonalenia.pl\/index.php\/produkt\/kurs-audytor-wiodacy-iso-9001-2015\/","name":"Kurs Audytor Wiod\u0105cy ISO 9001:2015 - Centrum Doskonalenia Zarz\u0105dzania Meritum","isPartOf":{"@id":"https:\/\/sklep.centrum-doskonalenia.pl\/#website"},"primaryImageOfPage":{"@id":"https:\/\/sklep.centrum-doskonalenia.pl\/index.php\/produkt\/kurs-audytor-wiodacy-iso-9001-2015\/#primaryimage"},"image":{"@id":"https:\/\/sklep.centrum-doskonalenia.pl\/index.php\/produkt\/kurs-audytor-wiodacy-iso-9001-2015\/#primaryimage"},"thumbnailUrl":"https:\/\/sklep.centrum-doskonalenia.pl\/wp-content\/uploads\/2025\/09\/test.png","datePublished":"2025-08-21T12:15:22+00:00","dateModified":"2025-10-02T07:33:37+00:00","description":"Kurs audytor wewn\u0119trzny ISO 9001 jest skierowany do os\u00f3b, kt\u00f3re chc\u0105 uzyska\u0107 kwalifikacje audytora wewn\u0119trznego ISO 9001 potwierdzone certyfikatem.","breadcrumb":{"@id":"https:\/\/sklep.centrum-doskonalenia.pl\/index.php\/produkt\/kurs-audytor-wiodacy-iso-9001-2015\/#breadcrumb"},"inLanguage":"pl-PL","potentialAction":[{"@type":"ReadAction","target":["https:\/\/sklep.centrum-doskonalenia.pl\/index.php\/produkt\/kurs-audytor-wiodacy-iso-9001-2015\/"]}]},{"@type":"ImageObject","inLanguage":"pl-PL","@id":"https:\/\/sklep.centrum-doskonalenia.pl\/index.php\/produkt\/kurs-audytor-wiodacy-iso-9001-2015\/#primaryimage","url":"https:\/\/sklep.centrum-doskonalenia.pl\/wp-content\/uploads\/2025\/09\/test.png","contentUrl":"https:\/\/sklep.centrum-doskonalenia.pl\/wp-content\/uploads\/2025\/09\/test.png","width":1126,"height":741},{"@type":"BreadcrumbList","@id":"https:\/\/sklep.centrum-doskonalenia.pl\/index.php\/produkt\/kurs-audytor-wiodacy-iso-9001-2015\/#breadcrumb","itemListElement":[{"@type":"ListItem","position":1,"name":"Strona g\u0142\u00f3wna","item":"https:\/\/sklep.centrum-doskonalenia.pl\/"},{"@type":"ListItem","position":2,"name":"Produkty","item":"https:\/\/sklep.centrum-doskonalenia.pl\/index.php\/shop\/"},{"@type":"ListItem","position":3,"name":"Kurs Audytor Wiod\u0105cy ISO 9001:2015"}]},{"@type":"WebSite","@id":"https:\/\/sklep.centrum-doskonalenia.pl\/#website","url":"https:\/\/sklep.centrum-doskonalenia.pl\/","name":"Centrum Doskonalenia Zarz\u0105dzania Meritum","description":"","publisher":{"@id":"https:\/\/sklep.centrum-doskonalenia.pl\/#organization"},"potentialAction":[{"@type":"SearchAction","target":{"@type":"EntryPoint","urlTemplate":"https:\/\/sklep.centrum-doskonalenia.pl\/?s={search_term_string}"},"query-input":{"@type":"PropertyValueSpecification","valueRequired":true,"valueName":"search_term_string"}}],"inLanguage":"pl-PL"},{"@type":"Organization","@id":"https:\/\/sklep.centrum-doskonalenia.pl\/#organization","name":"Centrum Doskonalenia Zarz\u0105dzania Meritum","url":"https:\/\/sklep.centrum-doskonalenia.pl\/","logo":{"@type":"ImageObject","inLanguage":"pl-PL","@id":"https:\/\/sklep.centrum-doskonalenia.pl\/#\/schema\/logo\/image\/","url":"https:\/\/sklep.centrum-doskonalenia.pl\/wp-content\/uploads\/2023\/10\/logo-czarne-bez-tla.png","contentUrl":"https:\/\/sklep.centrum-doskonalenia.pl\/wp-content\/uploads\/2023\/10\/logo-czarne-bez-tla.png","width":2089,"height":712,"caption":"Centrum Doskonalenia Zarz\u0105dzania Meritum"},"image":{"@id":"https:\/\/sklep.centrum-doskonalenia.pl\/#\/schema\/logo\/image\/"}}]}},"_links":{"self":[{"href":"https:\/\/sklep.centrum-doskonalenia.pl\/index.php\/wp-json\/wp\/v2\/product\/37996","targetHints":{"allow":["GET"]}}],"collection":[{"href":"https:\/\/sklep.centrum-doskonalenia.pl\/index.php\/wp-json\/wp\/v2\/product"}],"about":[{"href":"https:\/\/sklep.centrum-doskonalenia.pl\/index.php\/wp-json\/wp\/v2\/types\/product"}],"wp:featuredmedia":[{"embeddable":true,"href":"https:\/\/sklep.centrum-doskonalenia.pl\/index.php\/wp-json\/wp\/v2\/media\/44682"}],"wp:attachment":[{"href":"https:\/\/sklep.centrum-doskonalenia.pl\/index.php\/wp-json\/wp\/v2\/media?parent=37996"}],"wp:term":[{"taxonomy":"product_brand","embeddable":true,"href":"https:\/\/sklep.centrum-doskonalenia.pl\/index.php\/wp-json\/wp\/v2\/product_brand?post=37996"},{"taxonomy":"product_cat","embeddable":true,"href":"https:\/\/sklep.centrum-doskonalenia.pl\/index.php\/wp-json\/wp\/v2\/product_cat?post=37996"},{"taxonomy":"product_tag","embeddable":true,"href":"https:\/\/sklep.centrum-doskonalenia.pl\/index.php\/wp-json\/wp\/v2\/product_tag?post=37996"}],"curies":[{"name":"wp","href":"https:\/\/api.w.org\/{rel}","templated":true}]}}