{"id":29026,"date":"2024-09-04T15:41:54","date_gmt":"2024-09-04T13:41:54","guid":{"rendered":"https:\/\/sklep.centrum-doskonalenia.pl\/?post_type=product&#038;p=29026"},"modified":"2025-10-02T10:50:10","modified_gmt":"2025-10-02T08:50:10","slug":"kurs-audytor-wewnetrzny-pelnomocnik-iso-14001-2015","status":"publish","type":"product","link":"https:\/\/sklep.centrum-doskonalenia.pl\/index.php\/produkt\/kurs-audytor-wewnetrzny-pelnomocnik-iso-14001-2015\/","title":{"rendered":"Kurs Audytor Wewn\u0119trzny + Pe\u0142nomocnik ISO 14001:2015"},"content":{"rendered":"<p><!-- Start of Product Description Template --><\/p>\n<div class=\"product-description-container\">\n<div class=\"product-details\">\n<div class=\"product-info\">\n<p style=\"margin-bottom: 20px;\">Bardzo cz\u0119sto osoba wyznaczona do roli pe\u0142nomocnika ds. systemu zarzadzania \u015brodowiskowego nie tylko wdra\u017ca system ale r\u00f3wnie\u017c przeprowadza audyty wewn\u0119trzne. Nawet je\u015bli ich nie przeprowadza to zarz\u0105dza procesem audytowania i nadzoruje prac\u0119 audytor\u00f3w wewn\u0119trznych. Dlatego je\u015bli otrzymali\u015bcie Pa\u0144stwo propozycj\u0119 bycia Audytorem wewn\u0119trznych i Pe\u0142nomocnikiem Systemu Zarz\u0105dzania \u015arodowiskowego to zach\u0119cam do zapoznania si\u0119 z tym szkoleniem. Poznacie nie tylko wymagania normy ale szczeg\u00f3\u0142owo poznacie wszystkie zadania zwi\u0105zane z przygotowaniem si\u0119 i przeprowadzeniem audytu wewn\u0119trznego ISO 14001:2015 oraz om\u00f3wienie wszystkich wymaga\u0144 i zada\u0144 zwi\u0105zanych z wdro\u017ceniem i nadzorowaniem tego systemu.<\/p>\n<p style=\"margin-bottom: 20px;\">Dostajecie Pa\u0144stwo 365 dni dost\u0119pu, w dowolnym miejscu i czasie mo\u017cecie si\u0119ga\u0107 po udost\u0119pniony materia\u0142. Otrzymujecie kompletny przewodnik niezb\u0119dny w pracy audytora wewn\u0119trznego i pe\u0142nomocnika.<\/p>\n<\/div>\n<\/div>\n<div class=\"product-additional-info\">\n<h5 style=\"margin-top: 40px; margin-bottom: 20px; font-weight: bold; color: #1d7b88;\">Przekazujemy Pa\u0144stwu 365-dniowy dost\u0119p do 15-godzinnego materia\u0142u szkoleniowego, omawiaj\u0105cego zadania audytora wewn\u0119trznego i pe\u0142nomocnika, kt\u00f3ry obejmuje:<\/h5>\n<ul style=\"padding-left: 20px; list-style-type: none;\">\n<li style=\"margin-bottom: 10px;\"><span style=\"color: #1d7b88; font-weight: bold;\">\u2714<\/span> wyja\u015bnienie co to jest audyt, dlaczego audytujemy i jakie s\u0105 rodzaje audyt\u00f3w,<\/li>\n<li style=\"margin-bottom: 10px;\"><span style=\"color: #1d7b88; font-weight: bold;\">\u2714<\/span> wymagania stawiane audytorom wewn\u0119trznym,<\/li>\n<li style=\"margin-bottom: 10px;\"><span style=\"color: #1d7b88; font-weight: bold;\">\u2714<\/span> szczeg\u00f3\u0142owe om\u00f3wienie procesu i procedury audyt\u00f3w wewn\u0119trznych,<\/li>\n<li style=\"margin-bottom: 10px;\"><span style=\"color: #1d7b88; font-weight: bold;\">\u2714<\/span> zasady planowania i przygotowania si\u0119 do audytu, w tym jak uk\u0142ada\u0107 pytania i komunikowa\u0107 si\u0119 z audytowanym,<\/li>\n<li style=\"margin-bottom: 10px;\"><span style=\"color: #1d7b88; font-weight: bold;\">\u2714<\/span> om\u00f3wienie jakie s\u0105 techniki audytowania i jak zapisywa\u0107 ustalenia z audytu,<\/li>\n<li style=\"margin-bottom: 10px;\"><span style=\"color: #1d7b88; font-weight: bold;\">\u2714<\/span> om\u00f3wienie zada\u0144 pe\u0142nomocnika,<\/li>\n<li style=\"margin-bottom: 10px;\"><span style=\"color: #1d7b88; font-weight: bold;\">\u2714<\/span> prezentacj\u0119 i komentarze do stosowanych procedur i formularzy,<\/li>\n<li style=\"margin-bottom: 10px;\"><span style=\"color: #1d7b88; font-weight: bold;\">\u2714<\/span> om\u00f3wienie procedury dzia\u0142a\u0144 koryguj\u0105cych,<\/li>\n<li style=\"margin-bottom: 10px;\"><span style=\"color: #1d7b88; font-weight: bold;\">\u2714<\/span> przedstawienie metodyki analizy ryzyka,<\/li>\n<li style=\"margin-bottom: 10px;\"><span style=\"color: #1d7b88; font-weight: bold;\">\u2714<\/span> przeprowadzenie i raportowanie przegl\u0105du zarz\u0105dzania.<\/li>\n<\/ul>\n<h5 style=\"margin-top: 40px; margin-bottom: 20px; font-weight: bold; color: #1d7b88;\">Materia\u0142 zawiera przyk\u0142ady i om\u00f3wienie stosowanych w systemach zarz\u0105dzania \u015brodowiskowego dokument\u00f3w tj.:<\/h5>\n<ul style=\"padding-left: 20px; list-style-type: none;\">\n<li style=\"margin-bottom: 10px;\"><span style=\"color: #1d7b88; font-weight: bold;\">\u2714<\/span> kontekst organizacji,<\/li>\n<li style=\"margin-bottom: 10px;\"><span style=\"color: #1d7b88; font-weight: bold;\">\u2714<\/span> Polityka \u015arodowiskowa,<\/li>\n<li style=\"margin-bottom: 10px;\"><span style=\"color: #1d7b88; font-weight: bold;\">\u2714<\/span> powo\u0142anie pe\u0142nomocnika,<\/li>\n<li style=\"margin-bottom: 10px;\"><span style=\"color: #1d7b88; font-weight: bold;\">\u2714<\/span> procedura audyt\u00f3w wewn\u0119trznych,<\/li>\n<li style=\"margin-bottom: 10px;\"><span style=\"color: #1d7b88; font-weight: bold;\">\u2714<\/span> formularze stosowane do audytu wewn\u0119trznego i dzia\u0142a\u0144 koryguj\u0105cych,<\/li>\n<li style=\"margin-bottom: 10px;\"><span style=\"color: #1d7b88; font-weight: bold;\">\u2714<\/span> procedura nadzoru nad dokumentami,<\/li>\n<li style=\"margin-bottom: 10px;\"><span style=\"color: #1d7b88; font-weight: bold;\">\u2714<\/span> spis tre\u015bci Ksi\u0119gi \u015arodowiskowej,<\/li>\n<li style=\"margin-bottom: 10px;\"><span style=\"color: #1d7b88; font-weight: bold;\">\u2714<\/span> raport z przegl\u0105du zarz\u0105dzania,<\/li>\n<\/ul>\n<p class=\"highlighted-text\" style=\"margin-top: 40px; font-weight: bold; color: #000000;\">Szkolenie zawiera liczne dialogi prezentuj\u0105ce dyskusje szkoleniowe \u201ez \u017cycia wzi\u0119te\u201d, w spos\u00f3b praktyczny wyja\u015bniaj\u0105cy omawiane wymagania.<\/p>\n<p class=\"highlighted-text\" style=\"margin-top: 40px; font-weight: bold; color: #1d7b88;\">Po uko\u0144czeniu szkolenia i zdaniu egzaminu otrzymujecie Pa\u0144stwo certyfikat Audytora Wewn\u0119trznego Systemu Zarz\u0105dzania \u015arodowiskowego ISO 14001:2015 i certyfikat Pe\u0142nomocnika Systemu Zarz\u0105dzania \u015arodowiskowego ISO 14001:2015, potwierdzaj\u0105cy nabyte kwalifikacje, uprawniaj\u0105cy do przeprowadzania audyt\u00f3w wewn\u0119trznych oraz uprawniaj\u0105cy do wdro\u017cenia i zarz\u0105dzania omawianym systemem.<\/p>\n<\/div>\n<\/div>\n","protected":false},"excerpt":{"rendered":"<p>Bardzo cz\u0119sto osoba wyznaczona do roli pe\u0142nomocnika ds. systemu zarzadzania \u015brodowiskowego nie tylko wdra\u017ca system ale r\u00f3wnie\u017c przeprowadza audyty wewn\u0119trzne. Nawet je\u015bli ich nie przeprowadza to zarz\u0105dza procesem audytowania i nadzoruje prac\u0119 audytor\u00f3w wewn\u0119trznych. Dlatego je\u015bli otrzymali\u015bcie Pa\u0144stwo propozycj\u0119 bycia Audytorem wewn\u0119trznych i Pe\u0142nomocnikiem Systemu Zarz\u0105dzania \u015arodowiskowego to zach\u0119cam do zapoznania si\u0119 z tym szkoleniem. [&hellip;]<\/p>\n","protected":false},"featured_media":44682,"template":"","meta":{"site-sidebar-layout":"default","site-content-layout":"","ast-site-content-layout":"default","site-content-style":"default","site-sidebar-style":"default","ast-global-header-display":"","ast-banner-title-visibility":"","ast-main-header-display":"","ast-hfb-above-header-display":"","ast-hfb-below-header-display":"","ast-hfb-mobile-header-display":"","site-post-title":"","ast-breadcrumbs-content":"","ast-featured-img":"","footer-sml-layout":"","ast-disable-related-posts":"","theme-transparent-header-meta":"default","adv-header-id-meta":"","stick-header-meta":"","header-above-stick-meta":"","header-main-stick-meta":"","header-below-stick-meta":"","astra-migrate-meta-layouts":"set","ast-page-background-enabled":"default","ast-page-background-meta":{"desktop":{"background-color":"","background-image":"","background-repeat":"repeat","background-position":"center center","background-size":"auto","background-attachment":"scroll","background-type":"","background-media":"","overlay-type":"","overlay-color":"","overlay-opacity":"","overlay-gradient":""},"tablet":{"background-color":"","background-image":"","background-repeat":"repeat","background-position":"center center","background-size":"auto","background-attachment":"scroll","background-type":"","background-media":"","overlay-type":"","overlay-color":"","overlay-opacity":"","overlay-gradient":""},"mobile":{"background-color":"","background-image":"","background-repeat":"repeat","background-position":"center center","background-size":"auto","background-attachment":"scroll","background-type":"","background-media":"","overlay-type":"","overlay-color":"","overlay-opacity":"","overlay-gradient":""}},"ast-content-background-meta":{"desktop":{"background-color":"var(--ast-global-color-5)","background-image":"","background-repeat":"repeat","background-position":"center center","background-size":"auto","background-attachment":"scroll","background-type":"","background-media":"","overlay-type":"","overlay-color":"","overlay-opacity":"","overlay-gradient":""},"tablet":{"background-color":"var(--ast-global-color-5)","background-image":"","background-repeat":"repeat","background-position":"center center","background-size":"auto","background-attachment":"scroll","background-type":"","background-media":"","overlay-type":"","overlay-color":"","overlay-opacity":"","overlay-gradient":""},"mobile":{"background-color":"var(--ast-global-color-5)","background-image":"","background-repeat":"repeat","background-position":"center center","background-size":"auto","background-attachment":"scroll","background-type":"","background-media":"","overlay-type":"","overlay-color":"","overlay-opacity":"","overlay-gradient":""}}},"product_brand":[],"product_cat":[36],"product_tag":[],"class_list":{"0":"post-29026","1":"product","2":"type-product","3":"status-publish","4":"has-post-thumbnail","6":"product_cat-iso-14001","7":"desktop-align-left","8":"tablet-align-left","9":"mobile-align-left","11":"first","12":"instock","13":"taxable","14":"shipping-taxable","15":"purchasable","16":"product-type-simple"},"aioseo_notices":[],"yoast_head":"<!-- This site is optimized with the Yoast SEO plugin v27.4 - https:\/\/yoast.com\/product\/yoast-seo-wordpress\/ -->\n<title>Kurs Audytor Wewn\u0119trzny + Pe\u0142nomocnik ISO 14001:2015 - Centrum Doskonalenia Zarz\u0105dzania Meritum<\/title>\n<meta name=\"robots\" content=\"index, follow, max-snippet:-1, max-image-preview:large, max-video-preview:-1\" \/>\n<link rel=\"canonical\" href=\"https:\/\/sklep.centrum-doskonalenia.pl\/index.php\/produkt\/kurs-audytor-wewnetrzny-pelnomocnik-iso-14001-2015\/\" \/>\n<meta property=\"og:locale\" content=\"pl_PL\" \/>\n<meta property=\"og:type\" content=\"article\" \/>\n<meta property=\"og:title\" content=\"Kurs Audytor Wewn\u0119trzny + Pe\u0142nomocnik ISO 14001:2015 - Centrum Doskonalenia Zarz\u0105dzania Meritum\" \/>\n<meta property=\"og:description\" content=\"Bardzo cz\u0119sto osoba wyznaczona do roli pe\u0142nomocnika ds. systemu zarzadzania \u015brodowiskowego nie tylko wdra\u017ca system ale r\u00f3wnie\u017c przeprowadza audyty wewn\u0119trzne. Nawet je\u015bli ich nie przeprowadza to zarz\u0105dza procesem audytowania i nadzoruje prac\u0119 audytor\u00f3w wewn\u0119trznych. Dlatego je\u015bli otrzymali\u015bcie Pa\u0144stwo propozycj\u0119 bycia Audytorem wewn\u0119trznych i Pe\u0142nomocnikiem Systemu Zarz\u0105dzania \u015arodowiskowego to zach\u0119cam do zapoznania si\u0119 z tym szkoleniem. [&hellip;]\" \/>\n<meta property=\"og:url\" content=\"https:\/\/sklep.centrum-doskonalenia.pl\/index.php\/produkt\/kurs-audytor-wewnetrzny-pelnomocnik-iso-14001-2015\/\" \/>\n<meta property=\"og:site_name\" content=\"Centrum Doskonalenia Zarz\u0105dzania Meritum\" \/>\n<meta property=\"article:modified_time\" content=\"2025-10-02T08:50:10+00:00\" \/>\n<meta property=\"og:image\" content=\"https:\/\/sklep.centrum-doskonalenia.pl\/wp-content\/uploads\/2025\/09\/test.png\" \/>\n\t<meta property=\"og:image:width\" content=\"1126\" \/>\n\t<meta property=\"og:image:height\" content=\"741\" \/>\n\t<meta property=\"og:image:type\" content=\"image\/png\" \/>\n<meta name=\"twitter:card\" content=\"summary_large_image\" \/>\n<meta name=\"twitter:label1\" content=\"Szacowany czas czytania\" \/>\n\t<meta name=\"twitter:data1\" content=\"3 minuty\" \/>\n<script type=\"application\/ld+json\" class=\"yoast-schema-graph\">{\"@context\":\"https:\\\/\\\/schema.org\",\"@graph\":[{\"@type\":\"WebPage\",\"@id\":\"https:\\\/\\\/sklep.centrum-doskonalenia.pl\\\/index.php\\\/produkt\\\/kurs-audytor-wewnetrzny-pelnomocnik-iso-14001-2015\\\/\",\"url\":\"https:\\\/\\\/sklep.centrum-doskonalenia.pl\\\/index.php\\\/produkt\\\/kurs-audytor-wewnetrzny-pelnomocnik-iso-14001-2015\\\/\",\"name\":\"Kurs Audytor Wewn\u0119trzny + Pe\u0142nomocnik ISO 14001:2015 - Centrum Doskonalenia Zarz\u0105dzania Meritum\",\"isPartOf\":{\"@id\":\"https:\\\/\\\/sklep.centrum-doskonalenia.pl\\\/#website\"},\"primaryImageOfPage\":{\"@id\":\"https:\\\/\\\/sklep.centrum-doskonalenia.pl\\\/index.php\\\/produkt\\\/kurs-audytor-wewnetrzny-pelnomocnik-iso-14001-2015\\\/#primaryimage\"},\"image\":{\"@id\":\"https:\\\/\\\/sklep.centrum-doskonalenia.pl\\\/index.php\\\/produkt\\\/kurs-audytor-wewnetrzny-pelnomocnik-iso-14001-2015\\\/#primaryimage\"},\"thumbnailUrl\":\"https:\\\/\\\/sklep.centrum-doskonalenia.pl\\\/wp-content\\\/uploads\\\/2025\\\/09\\\/test.png\",\"datePublished\":\"2024-09-04T13:41:54+00:00\",\"dateModified\":\"2025-10-02T08:50:10+00:00\",\"breadcrumb\":{\"@id\":\"https:\\\/\\\/sklep.centrum-doskonalenia.pl\\\/index.php\\\/produkt\\\/kurs-audytor-wewnetrzny-pelnomocnik-iso-14001-2015\\\/#breadcrumb\"},\"inLanguage\":\"pl-PL\",\"potentialAction\":[{\"@type\":\"ReadAction\",\"target\":[\"https:\\\/\\\/sklep.centrum-doskonalenia.pl\\\/index.php\\\/produkt\\\/kurs-audytor-wewnetrzny-pelnomocnik-iso-14001-2015\\\/\"]}]},{\"@type\":\"ImageObject\",\"inLanguage\":\"pl-PL\",\"@id\":\"https:\\\/\\\/sklep.centrum-doskonalenia.pl\\\/index.php\\\/produkt\\\/kurs-audytor-wewnetrzny-pelnomocnik-iso-14001-2015\\\/#primaryimage\",\"url\":\"https:\\\/\\\/sklep.centrum-doskonalenia.pl\\\/wp-content\\\/uploads\\\/2025\\\/09\\\/test.png\",\"contentUrl\":\"https:\\\/\\\/sklep.centrum-doskonalenia.pl\\\/wp-content\\\/uploads\\\/2025\\\/09\\\/test.png\",\"width\":1126,\"height\":741},{\"@type\":\"BreadcrumbList\",\"@id\":\"https:\\\/\\\/sklep.centrum-doskonalenia.pl\\\/index.php\\\/produkt\\\/kurs-audytor-wewnetrzny-pelnomocnik-iso-14001-2015\\\/#breadcrumb\",\"itemListElement\":[{\"@type\":\"ListItem\",\"position\":1,\"name\":\"Strona g\u0142\u00f3wna\",\"item\":\"https:\\\/\\\/sklep.centrum-doskonalenia.pl\\\/\"},{\"@type\":\"ListItem\",\"position\":2,\"name\":\"Produkty\",\"item\":\"https:\\\/\\\/sklep.centrum-doskonalenia.pl\\\/index.php\\\/shop\\\/\"},{\"@type\":\"ListItem\",\"position\":3,\"name\":\"Kurs Audytor Wewn\u0119trzny + Pe\u0142nomocnik ISO 14001:2015\"}]},{\"@type\":\"WebSite\",\"@id\":\"https:\\\/\\\/sklep.centrum-doskonalenia.pl\\\/#website\",\"url\":\"https:\\\/\\\/sklep.centrum-doskonalenia.pl\\\/\",\"name\":\"Centrum Doskonalenia Zarz\u0105dzania Meritum\",\"description\":\"\",\"publisher\":{\"@id\":\"https:\\\/\\\/sklep.centrum-doskonalenia.pl\\\/#organization\"},\"potentialAction\":[{\"@type\":\"SearchAction\",\"target\":{\"@type\":\"EntryPoint\",\"urlTemplate\":\"https:\\\/\\\/sklep.centrum-doskonalenia.pl\\\/?s={search_term_string}\"},\"query-input\":{\"@type\":\"PropertyValueSpecification\",\"valueRequired\":true,\"valueName\":\"search_term_string\"}}],\"inLanguage\":\"pl-PL\"},{\"@type\":\"Organization\",\"@id\":\"https:\\\/\\\/sklep.centrum-doskonalenia.pl\\\/#organization\",\"name\":\"Centrum Doskonalenia Zarz\u0105dzania Meritum\",\"url\":\"https:\\\/\\\/sklep.centrum-doskonalenia.pl\\\/\",\"logo\":{\"@type\":\"ImageObject\",\"inLanguage\":\"pl-PL\",\"@id\":\"https:\\\/\\\/sklep.centrum-doskonalenia.pl\\\/#\\\/schema\\\/logo\\\/image\\\/\",\"url\":\"https:\\\/\\\/sklep.centrum-doskonalenia.pl\\\/wp-content\\\/uploads\\\/2023\\\/10\\\/logo-czarne-bez-tla.png\",\"contentUrl\":\"https:\\\/\\\/sklep.centrum-doskonalenia.pl\\\/wp-content\\\/uploads\\\/2023\\\/10\\\/logo-czarne-bez-tla.png\",\"width\":2089,\"height\":712,\"caption\":\"Centrum Doskonalenia Zarz\u0105dzania Meritum\"},\"image\":{\"@id\":\"https:\\\/\\\/sklep.centrum-doskonalenia.pl\\\/#\\\/schema\\\/logo\\\/image\\\/\"}}]}<\/script>\n<!-- \/ Yoast SEO plugin. -->","yoast_head_json":{"title":"Kurs Audytor Wewn\u0119trzny + Pe\u0142nomocnik ISO 14001:2015 - Centrum Doskonalenia Zarz\u0105dzania Meritum","robots":{"index":"index","follow":"follow","max-snippet":"max-snippet:-1","max-image-preview":"max-image-preview:large","max-video-preview":"max-video-preview:-1"},"canonical":"https:\/\/sklep.centrum-doskonalenia.pl\/index.php\/produkt\/kurs-audytor-wewnetrzny-pelnomocnik-iso-14001-2015\/","og_locale":"pl_PL","og_type":"article","og_title":"Kurs Audytor Wewn\u0119trzny + Pe\u0142nomocnik ISO 14001:2015 - Centrum Doskonalenia Zarz\u0105dzania Meritum","og_description":"Bardzo cz\u0119sto osoba wyznaczona do roli pe\u0142nomocnika ds. systemu zarzadzania \u015brodowiskowego nie tylko wdra\u017ca system ale r\u00f3wnie\u017c przeprowadza audyty wewn\u0119trzne. Nawet je\u015bli ich nie przeprowadza to zarz\u0105dza procesem audytowania i nadzoruje prac\u0119 audytor\u00f3w wewn\u0119trznych. Dlatego je\u015bli otrzymali\u015bcie Pa\u0144stwo propozycj\u0119 bycia Audytorem wewn\u0119trznych i Pe\u0142nomocnikiem Systemu Zarz\u0105dzania \u015arodowiskowego to zach\u0119cam do zapoznania si\u0119 z tym szkoleniem. [&hellip;]","og_url":"https:\/\/sklep.centrum-doskonalenia.pl\/index.php\/produkt\/kurs-audytor-wewnetrzny-pelnomocnik-iso-14001-2015\/","og_site_name":"Centrum Doskonalenia Zarz\u0105dzania Meritum","article_modified_time":"2025-10-02T08:50:10+00:00","og_image":[{"width":1126,"height":741,"url":"https:\/\/sklep.centrum-doskonalenia.pl\/wp-content\/uploads\/2025\/09\/test.png","type":"image\/png"}],"twitter_card":"summary_large_image","twitter_misc":{"Szacowany czas czytania":"3 minuty"},"schema":{"@context":"https:\/\/schema.org","@graph":[{"@type":"WebPage","@id":"https:\/\/sklep.centrum-doskonalenia.pl\/index.php\/produkt\/kurs-audytor-wewnetrzny-pelnomocnik-iso-14001-2015\/","url":"https:\/\/sklep.centrum-doskonalenia.pl\/index.php\/produkt\/kurs-audytor-wewnetrzny-pelnomocnik-iso-14001-2015\/","name":"Kurs Audytor Wewn\u0119trzny + Pe\u0142nomocnik ISO 14001:2015 - Centrum Doskonalenia Zarz\u0105dzania Meritum","isPartOf":{"@id":"https:\/\/sklep.centrum-doskonalenia.pl\/#website"},"primaryImageOfPage":{"@id":"https:\/\/sklep.centrum-doskonalenia.pl\/index.php\/produkt\/kurs-audytor-wewnetrzny-pelnomocnik-iso-14001-2015\/#primaryimage"},"image":{"@id":"https:\/\/sklep.centrum-doskonalenia.pl\/index.php\/produkt\/kurs-audytor-wewnetrzny-pelnomocnik-iso-14001-2015\/#primaryimage"},"thumbnailUrl":"https:\/\/sklep.centrum-doskonalenia.pl\/wp-content\/uploads\/2025\/09\/test.png","datePublished":"2024-09-04T13:41:54+00:00","dateModified":"2025-10-02T08:50:10+00:00","breadcrumb":{"@id":"https:\/\/sklep.centrum-doskonalenia.pl\/index.php\/produkt\/kurs-audytor-wewnetrzny-pelnomocnik-iso-14001-2015\/#breadcrumb"},"inLanguage":"pl-PL","potentialAction":[{"@type":"ReadAction","target":["https:\/\/sklep.centrum-doskonalenia.pl\/index.php\/produkt\/kurs-audytor-wewnetrzny-pelnomocnik-iso-14001-2015\/"]}]},{"@type":"ImageObject","inLanguage":"pl-PL","@id":"https:\/\/sklep.centrum-doskonalenia.pl\/index.php\/produkt\/kurs-audytor-wewnetrzny-pelnomocnik-iso-14001-2015\/#primaryimage","url":"https:\/\/sklep.centrum-doskonalenia.pl\/wp-content\/uploads\/2025\/09\/test.png","contentUrl":"https:\/\/sklep.centrum-doskonalenia.pl\/wp-content\/uploads\/2025\/09\/test.png","width":1126,"height":741},{"@type":"BreadcrumbList","@id":"https:\/\/sklep.centrum-doskonalenia.pl\/index.php\/produkt\/kurs-audytor-wewnetrzny-pelnomocnik-iso-14001-2015\/#breadcrumb","itemListElement":[{"@type":"ListItem","position":1,"name":"Strona g\u0142\u00f3wna","item":"https:\/\/sklep.centrum-doskonalenia.pl\/"},{"@type":"ListItem","position":2,"name":"Produkty","item":"https:\/\/sklep.centrum-doskonalenia.pl\/index.php\/shop\/"},{"@type":"ListItem","position":3,"name":"Kurs Audytor Wewn\u0119trzny + Pe\u0142nomocnik ISO 14001:2015"}]},{"@type":"WebSite","@id":"https:\/\/sklep.centrum-doskonalenia.pl\/#website","url":"https:\/\/sklep.centrum-doskonalenia.pl\/","name":"Centrum Doskonalenia Zarz\u0105dzania Meritum","description":"","publisher":{"@id":"https:\/\/sklep.centrum-doskonalenia.pl\/#organization"},"potentialAction":[{"@type":"SearchAction","target":{"@type":"EntryPoint","urlTemplate":"https:\/\/sklep.centrum-doskonalenia.pl\/?s={search_term_string}"},"query-input":{"@type":"PropertyValueSpecification","valueRequired":true,"valueName":"search_term_string"}}],"inLanguage":"pl-PL"},{"@type":"Organization","@id":"https:\/\/sklep.centrum-doskonalenia.pl\/#organization","name":"Centrum Doskonalenia Zarz\u0105dzania Meritum","url":"https:\/\/sklep.centrum-doskonalenia.pl\/","logo":{"@type":"ImageObject","inLanguage":"pl-PL","@id":"https:\/\/sklep.centrum-doskonalenia.pl\/#\/schema\/logo\/image\/","url":"https:\/\/sklep.centrum-doskonalenia.pl\/wp-content\/uploads\/2023\/10\/logo-czarne-bez-tla.png","contentUrl":"https:\/\/sklep.centrum-doskonalenia.pl\/wp-content\/uploads\/2023\/10\/logo-czarne-bez-tla.png","width":2089,"height":712,"caption":"Centrum Doskonalenia Zarz\u0105dzania Meritum"},"image":{"@id":"https:\/\/sklep.centrum-doskonalenia.pl\/#\/schema\/logo\/image\/"}}]}},"_links":{"self":[{"href":"https:\/\/sklep.centrum-doskonalenia.pl\/index.php\/wp-json\/wp\/v2\/product\/29026","targetHints":{"allow":["GET"]}}],"collection":[{"href":"https:\/\/sklep.centrum-doskonalenia.pl\/index.php\/wp-json\/wp\/v2\/product"}],"about":[{"href":"https:\/\/sklep.centrum-doskonalenia.pl\/index.php\/wp-json\/wp\/v2\/types\/product"}],"wp:featuredmedia":[{"embeddable":true,"href":"https:\/\/sklep.centrum-doskonalenia.pl\/index.php\/wp-json\/wp\/v2\/media\/44682"}],"wp:attachment":[{"href":"https:\/\/sklep.centrum-doskonalenia.pl\/index.php\/wp-json\/wp\/v2\/media?parent=29026"}],"wp:term":[{"taxonomy":"product_brand","embeddable":true,"href":"https:\/\/sklep.centrum-doskonalenia.pl\/index.php\/wp-json\/wp\/v2\/product_brand?post=29026"},{"taxonomy":"product_cat","embeddable":true,"href":"https:\/\/sklep.centrum-doskonalenia.pl\/index.php\/wp-json\/wp\/v2\/product_cat?post=29026"},{"taxonomy":"product_tag","embeddable":true,"href":"https:\/\/sklep.centrum-doskonalenia.pl\/index.php\/wp-json\/wp\/v2\/product_tag?post=29026"}],"curies":[{"name":"wp","href":"https:\/\/api.w.org\/{rel}","templated":true}]}}