{"id":28050,"date":"2024-08-23T11:37:25","date_gmt":"2024-08-23T09:37:25","guid":{"rendered":"https:\/\/sklep.centrum-doskonalenia.pl\/?post_type=product&#038;p=28050"},"modified":"2025-09-17T16:10:08","modified_gmt":"2025-09-17T14:10:08","slug":"koordynator-haccp-poradnikcertyfikat","status":"publish","type":"product","link":"https:\/\/sklep.centrum-doskonalenia.pl\/index.php\/produkt\/koordynator-haccp-poradnikcertyfikat\/","title":{"rendered":"Koordynator HACCP &#8211; PORADNIK + CERTYFIKAT"},"content":{"rendered":"<div class=\"product-description-container\">\n<div class=\"product-details\">\n<div class=\"product-info\">\n<p style=\"margin-bottom: 20px;\">Pe\u0142nienie funkcji Koordynatora HACCP wi\u0105\u017ce si\u0119 z odpowiedzialno\u015bci\u0105 za realizacj\u0119 wielu kluczowych zada\u0144, takich jak powo\u0142anie i wsp\u00f3\u0142praca z zespo\u0142em HACCP, przeprowadzenie analizy ryzyk, opracowanie niezb\u0119dnych dokument\u00f3w, ich wdro\u017cenie oraz edukacja pracownik\u00f3w, a tak\u017ce monitorowanie funkcjonowania systemu. Niniejszy e-book szczeg\u00f3\u0142owo omawia wszystkie te zadania, krok po kroku prowadz\u0105c czytelnika przez proces przygotowania i wdro\u017cenia systemu HACCP. Zawiera liczne przyk\u0142ady oraz wzory dokument\u00f3w, kt\u00f3re stanowi\u0105 praktyczne wsparcie w codziennej pracy koordynatora.<\/p>\n<p style=\"margin-bottom: 20px;\"><strong>Zawarto\u015b\u0107 tego e-booka jest identyczna z materia\u0142em dost\u0119pnym w kursie Koordynatora HACCP, dzi\u0119ki czemu osoby preferuj\u0105ce form\u0119 tekstow\u0105 mog\u0105 przyswoi\u0107 ca\u0142\u0105 wiedz\u0119 w wygodny dla siebie spos\u00f3b.<\/strong><\/p>\n<\/div>\n<div class=\"product-additional-info\">\n<h5 style=\"margin-top: 40px; margin-bottom: 20px; font-weight: bold; color: #1d7b88;\">Proponujemy szkolenie e-learningowe zawieraj\u0105ce:<\/h5>\n<ul style=\"padding-left: 20px; list-style-type: none;\">\n<li style=\"margin-bottom: 10px;\"><span style=\"color: #1d7b88; font-weight: bold;\">\u2714<\/span> om\u00f3wienie zada\u0144 koordynatora,<\/li>\n<li style=\"margin-bottom: 10px;\"><span style=\"color: #1d7b88; font-weight: bold;\">\u2714<\/span> szczeg\u00f3\u0142owe om\u00f3wienie 12 etap\u00f3w wdro\u017cenia w tym 7 zasad HACCP z praktycznymi przyk\u0142adami i wzorami dokument\u00f3w, m.in. wz\u00f3r powo\u0142ania zespo\u0142u, opisy produkt\u00f3w, diagramy przep\u0142ywu, schemat technologiczny, przyk\u0142ady i opisy mo\u017cliwych zagro\u017ce\u0144 biologicznych, chemicznych, fizycznych, metody wyznaczania krytycznych punkt\u00f3w kontroli, kontroli, nadzorowania dokumentacji,<\/li>\n<li style=\"margin-bottom: 10px;\"><span style=\"color: #1d7b88; font-weight: bold;\">\u2714<\/span> Codex Alimentarius \u2013 om\u00f3wienie ka\u017cdego wymagania,<\/li>\n<li style=\"margin-bottom: 10px;\"><span style=\"color: #1d7b88; font-weight: bold;\">\u2714<\/span> szczeg\u00f3\u0142owe om\u00f3wienie procedury audyt\u00f3w wewn\u0119trznych i zasad ich przeprowadzania jako jednego z obowi\u0105zk\u00f3w koordynatora.<\/li>\n<\/ul>\n<h5 style=\"margin-top: 40px; margin-bottom: 20px; font-weight: bold; color: #1d7b88;\">Po przeczytaniu e-booka, istnieje mo\u017cliwo\u015b\u0107 przyst\u0105pienia do egzaminu online, a po jego zdaniu \u2013 pobrania certyfikatu Koordynatora HACCP, kt\u00f3ry potwierdza zdobyte kwalifikacje i uprawnia do przeprowadzania audyt\u00f3w wewn\u0119trznych. Certyfikat jest dost\u0119pny w formacie PDF lub mo\u017ce zosta\u0107 wys\u0142any poczt\u0105 w wersji papierowej.<\/h5>\n<h5 style=\"margin-top: 40px; margin-bottom: 20px; font-weight: bold; color: #1d7b88;\">Czas na zdanie egzaminu: 365 dni.<\/h5>\n<\/div>\n<\/div>\n<\/div>\n","protected":false},"excerpt":{"rendered":"<p>Pe\u0142nienie funkcji Koordynatora HACCP wi\u0105\u017ce si\u0119 z odpowiedzialno\u015bci\u0105 za realizacj\u0119 wielu kluczowych zada\u0144, takich jak powo\u0142anie i wsp\u00f3\u0142praca z zespo\u0142em HACCP, przeprowadzenie analizy ryzyk, opracowanie niezb\u0119dnych dokument\u00f3w, ich wdro\u017cenie oraz edukacja pracownik\u00f3w, a tak\u017ce monitorowanie funkcjonowania systemu. Niniejszy e-book szczeg\u00f3\u0142owo omawia wszystkie te zadania, krok po kroku prowadz\u0105c czytelnika przez proces przygotowania i wdro\u017cenia systemu [&hellip;]<\/p>\n","protected":false},"featured_media":28078,"template":"","meta":{"site-sidebar-layout":"default","site-content-layout":"","ast-site-content-layout":"default","site-content-style":"default","site-sidebar-style":"default","ast-global-header-display":"","ast-banner-title-visibility":"","ast-main-header-display":"","ast-hfb-above-header-display":"","ast-hfb-below-header-display":"","ast-hfb-mobile-header-display":"","site-post-title":"","ast-breadcrumbs-content":"","ast-featured-img":"","footer-sml-layout":"","ast-disable-related-posts":"","theme-transparent-header-meta":"default","adv-header-id-meta":"","stick-header-meta":"","header-above-stick-meta":"","header-main-stick-meta":"","header-below-stick-meta":"","astra-migrate-meta-layouts":"set","ast-page-background-enabled":"default","ast-page-background-meta":{"desktop":{"background-color":"","background-image":"","background-repeat":"repeat","background-position":"center center","background-size":"auto","background-attachment":"scroll","background-type":"","background-media":"","overlay-type":"","overlay-color":"","overlay-opacity":"","overlay-gradient":""},"tablet":{"background-color":"","background-image":"","background-repeat":"repeat","background-position":"center center","background-size":"auto","background-attachment":"scroll","background-type":"","background-media":"","overlay-type":"","overlay-color":"","overlay-opacity":"","overlay-gradient":""},"mobile":{"background-color":"","background-image":"","background-repeat":"repeat","background-position":"center center","background-size":"auto","background-attachment":"scroll","background-type":"","background-media":"","overlay-type":"","overlay-color":"","overlay-opacity":"","overlay-gradient":""}},"ast-content-background-meta":{"desktop":{"background-color":"var(--ast-global-color-5)","background-image":"","background-repeat":"repeat","background-position":"center center","background-size":"auto","background-attachment":"scroll","background-type":"","background-media":"","overlay-type":"","overlay-color":"","overlay-opacity":"","overlay-gradient":""},"tablet":{"background-color":"var(--ast-global-color-5)","background-image":"","background-repeat":"repeat","background-position":"center center","background-size":"auto","background-attachment":"scroll","background-type":"","background-media":"","overlay-type":"","overlay-color":"","overlay-opacity":"","overlay-gradient":""},"mobile":{"background-color":"var(--ast-global-color-5)","background-image":"","background-repeat":"repeat","background-position":"center center","background-size":"auto","background-attachment":"scroll","background-type":"","background-media":"","overlay-type":"","overlay-color":"","overlay-opacity":"","overlay-gradient":""}}},"product_brand":[],"product_cat":[39,409],"product_tag":[84],"class_list":{"0":"post-28050","1":"product","2":"type-product","3":"status-publish","4":"has-post-thumbnail","6":"product_cat-e-book","7":"product_cat-e-book-haccp","8":"product_tag-kurs-audytor-wewnetrzny-i-pelnomocnik-iso","9":"desktop-align-left","10":"tablet-align-left","11":"mobile-align-left","13":"first","14":"instock","15":"taxable","16":"shipping-taxable","17":"purchasable","18":"product-type-simple"},"aioseo_notices":[],"yoast_head":"<!-- This site is optimized with the Yoast SEO plugin v27.4 - https:\/\/yoast.com\/product\/yoast-seo-wordpress\/ -->\n<title>Koordynator HACCP - PORADNIK + CERTYFIKAT - Centrum Doskonalenia Zarz\u0105dzania Meritum<\/title>\n<meta name=\"description\" content=\"Kurs audytor wewn\u0119trzny ISO 9001 jest skierowany do os\u00f3b, kt\u00f3re chc\u0105 uzyska\u0107 kwalifikacje audytora wewn\u0119trznego ISO 9001 potwierdzone certyfikatem.\" \/>\n<meta name=\"robots\" content=\"index, follow, max-snippet:-1, max-image-preview:large, max-video-preview:-1\" \/>\n<link rel=\"canonical\" href=\"https:\/\/sklep.centrum-doskonalenia.pl\/index.php\/produkt\/koordynator-haccp-poradnikcertyfikat\/\" \/>\n<meta property=\"og:locale\" content=\"pl_PL\" \/>\n<meta property=\"og:type\" content=\"article\" \/>\n<meta property=\"og:title\" content=\"Koordynator HACCP - PORADNIK + CERTYFIKAT - Centrum Doskonalenia Zarz\u0105dzania Meritum\" \/>\n<meta property=\"og:description\" content=\"Kurs audytor wewn\u0119trzny ISO 9001 jest skierowany do os\u00f3b, kt\u00f3re chc\u0105 uzyska\u0107 kwalifikacje audytora wewn\u0119trznego ISO 9001 potwierdzone certyfikatem.\" \/>\n<meta property=\"og:url\" content=\"https:\/\/sklep.centrum-doskonalenia.pl\/index.php\/produkt\/koordynator-haccp-poradnikcertyfikat\/\" \/>\n<meta property=\"og:site_name\" content=\"Centrum Doskonalenia Zarz\u0105dzania Meritum\" \/>\n<meta property=\"article:modified_time\" content=\"2025-09-17T14:10:08+00:00\" \/>\n<meta property=\"og:image\" content=\"https:\/\/sklep.centrum-doskonalenia.pl\/wp-content\/uploads\/2024\/08\/Poradnik-dla-koordynatorow-i-specjalistow-zespolu-HACCP-2.png\" \/>\n\t<meta property=\"og:image:width\" content=\"512\" \/>\n\t<meta property=\"og:image:height\" content=\"800\" \/>\n\t<meta property=\"og:image:type\" content=\"image\/png\" \/>\n<meta name=\"twitter:card\" content=\"summary_large_image\" \/>\n<meta name=\"twitter:label1\" content=\"Szacowany czas czytania\" \/>\n\t<meta name=\"twitter:data1\" content=\"2 minuty\" \/>\n<script type=\"application\/ld+json\" class=\"yoast-schema-graph\">{\"@context\":\"https:\\\/\\\/schema.org\",\"@graph\":[{\"@type\":\"WebPage\",\"@id\":\"https:\\\/\\\/sklep.centrum-doskonalenia.pl\\\/index.php\\\/produkt\\\/koordynator-haccp-poradnikcertyfikat\\\/\",\"url\":\"https:\\\/\\\/sklep.centrum-doskonalenia.pl\\\/index.php\\\/produkt\\\/koordynator-haccp-poradnikcertyfikat\\\/\",\"name\":\"Koordynator HACCP - PORADNIK + CERTYFIKAT - Centrum Doskonalenia Zarz\u0105dzania Meritum\",\"isPartOf\":{\"@id\":\"https:\\\/\\\/sklep.centrum-doskonalenia.pl\\\/#website\"},\"primaryImageOfPage\":{\"@id\":\"https:\\\/\\\/sklep.centrum-doskonalenia.pl\\\/index.php\\\/produkt\\\/koordynator-haccp-poradnikcertyfikat\\\/#primaryimage\"},\"image\":{\"@id\":\"https:\\\/\\\/sklep.centrum-doskonalenia.pl\\\/index.php\\\/produkt\\\/koordynator-haccp-poradnikcertyfikat\\\/#primaryimage\"},\"thumbnailUrl\":\"https:\\\/\\\/sklep.centrum-doskonalenia.pl\\\/wp-content\\\/uploads\\\/2024\\\/08\\\/Poradnik-dla-koordynatorow-i-specjalistow-zespolu-HACCP-2.png\",\"datePublished\":\"2024-08-23T09:37:25+00:00\",\"dateModified\":\"2025-09-17T14:10:08+00:00\",\"description\":\"Kurs audytor wewn\u0119trzny ISO 9001 jest skierowany do os\u00f3b, kt\u00f3re chc\u0105 uzyska\u0107 kwalifikacje audytora wewn\u0119trznego ISO 9001 potwierdzone certyfikatem.\",\"breadcrumb\":{\"@id\":\"https:\\\/\\\/sklep.centrum-doskonalenia.pl\\\/index.php\\\/produkt\\\/koordynator-haccp-poradnikcertyfikat\\\/#breadcrumb\"},\"inLanguage\":\"pl-PL\",\"potentialAction\":[{\"@type\":\"ReadAction\",\"target\":[\"https:\\\/\\\/sklep.centrum-doskonalenia.pl\\\/index.php\\\/produkt\\\/koordynator-haccp-poradnikcertyfikat\\\/\"]}]},{\"@type\":\"ImageObject\",\"inLanguage\":\"pl-PL\",\"@id\":\"https:\\\/\\\/sklep.centrum-doskonalenia.pl\\\/index.php\\\/produkt\\\/koordynator-haccp-poradnikcertyfikat\\\/#primaryimage\",\"url\":\"https:\\\/\\\/sklep.centrum-doskonalenia.pl\\\/wp-content\\\/uploads\\\/2024\\\/08\\\/Poradnik-dla-koordynatorow-i-specjalistow-zespolu-HACCP-2.png\",\"contentUrl\":\"https:\\\/\\\/sklep.centrum-doskonalenia.pl\\\/wp-content\\\/uploads\\\/2024\\\/08\\\/Poradnik-dla-koordynatorow-i-specjalistow-zespolu-HACCP-2.png\",\"width\":512,\"height\":800},{\"@type\":\"BreadcrumbList\",\"@id\":\"https:\\\/\\\/sklep.centrum-doskonalenia.pl\\\/index.php\\\/produkt\\\/koordynator-haccp-poradnikcertyfikat\\\/#breadcrumb\",\"itemListElement\":[{\"@type\":\"ListItem\",\"position\":1,\"name\":\"Strona g\u0142\u00f3wna\",\"item\":\"https:\\\/\\\/sklep.centrum-doskonalenia.pl\\\/\"},{\"@type\":\"ListItem\",\"position\":2,\"name\":\"Produkty\",\"item\":\"https:\\\/\\\/sklep.centrum-doskonalenia.pl\\\/index.php\\\/shop\\\/\"},{\"@type\":\"ListItem\",\"position\":3,\"name\":\"Koordynator HACCP &#8211; PORADNIK + CERTYFIKAT\"}]},{\"@type\":\"WebSite\",\"@id\":\"https:\\\/\\\/sklep.centrum-doskonalenia.pl\\\/#website\",\"url\":\"https:\\\/\\\/sklep.centrum-doskonalenia.pl\\\/\",\"name\":\"Centrum Doskonalenia Zarz\u0105dzania Meritum\",\"description\":\"\",\"publisher\":{\"@id\":\"https:\\\/\\\/sklep.centrum-doskonalenia.pl\\\/#organization\"},\"potentialAction\":[{\"@type\":\"SearchAction\",\"target\":{\"@type\":\"EntryPoint\",\"urlTemplate\":\"https:\\\/\\\/sklep.centrum-doskonalenia.pl\\\/?s={search_term_string}\"},\"query-input\":{\"@type\":\"PropertyValueSpecification\",\"valueRequired\":true,\"valueName\":\"search_term_string\"}}],\"inLanguage\":\"pl-PL\"},{\"@type\":\"Organization\",\"@id\":\"https:\\\/\\\/sklep.centrum-doskonalenia.pl\\\/#organization\",\"name\":\"Centrum Doskonalenia Zarz\u0105dzania Meritum\",\"url\":\"https:\\\/\\\/sklep.centrum-doskonalenia.pl\\\/\",\"logo\":{\"@type\":\"ImageObject\",\"inLanguage\":\"pl-PL\",\"@id\":\"https:\\\/\\\/sklep.centrum-doskonalenia.pl\\\/#\\\/schema\\\/logo\\\/image\\\/\",\"url\":\"https:\\\/\\\/sklep.centrum-doskonalenia.pl\\\/wp-content\\\/uploads\\\/2023\\\/10\\\/logo-czarne-bez-tla.png\",\"contentUrl\":\"https:\\\/\\\/sklep.centrum-doskonalenia.pl\\\/wp-content\\\/uploads\\\/2023\\\/10\\\/logo-czarne-bez-tla.png\",\"width\":2089,\"height\":712,\"caption\":\"Centrum Doskonalenia Zarz\u0105dzania Meritum\"},\"image\":{\"@id\":\"https:\\\/\\\/sklep.centrum-doskonalenia.pl\\\/#\\\/schema\\\/logo\\\/image\\\/\"}}]}<\/script>\n<!-- \/ Yoast SEO plugin. -->","yoast_head_json":{"title":"Koordynator HACCP - PORADNIK + CERTYFIKAT - Centrum Doskonalenia Zarz\u0105dzania Meritum","description":"Kurs audytor wewn\u0119trzny ISO 9001 jest skierowany do os\u00f3b, kt\u00f3re chc\u0105 uzyska\u0107 kwalifikacje audytora wewn\u0119trznego ISO 9001 potwierdzone certyfikatem.","robots":{"index":"index","follow":"follow","max-snippet":"max-snippet:-1","max-image-preview":"max-image-preview:large","max-video-preview":"max-video-preview:-1"},"canonical":"https:\/\/sklep.centrum-doskonalenia.pl\/index.php\/produkt\/koordynator-haccp-poradnikcertyfikat\/","og_locale":"pl_PL","og_type":"article","og_title":"Koordynator HACCP - PORADNIK + CERTYFIKAT - Centrum Doskonalenia Zarz\u0105dzania Meritum","og_description":"Kurs audytor wewn\u0119trzny ISO 9001 jest skierowany do os\u00f3b, kt\u00f3re chc\u0105 uzyska\u0107 kwalifikacje audytora wewn\u0119trznego ISO 9001 potwierdzone certyfikatem.","og_url":"https:\/\/sklep.centrum-doskonalenia.pl\/index.php\/produkt\/koordynator-haccp-poradnikcertyfikat\/","og_site_name":"Centrum Doskonalenia Zarz\u0105dzania Meritum","article_modified_time":"2025-09-17T14:10:08+00:00","og_image":[{"width":512,"height":800,"url":"https:\/\/sklep.centrum-doskonalenia.pl\/wp-content\/uploads\/2024\/08\/Poradnik-dla-koordynatorow-i-specjalistow-zespolu-HACCP-2.png","type":"image\/png"}],"twitter_card":"summary_large_image","twitter_misc":{"Szacowany czas czytania":"2 minuty"},"schema":{"@context":"https:\/\/schema.org","@graph":[{"@type":"WebPage","@id":"https:\/\/sklep.centrum-doskonalenia.pl\/index.php\/produkt\/koordynator-haccp-poradnikcertyfikat\/","url":"https:\/\/sklep.centrum-doskonalenia.pl\/index.php\/produkt\/koordynator-haccp-poradnikcertyfikat\/","name":"Koordynator HACCP - PORADNIK + CERTYFIKAT - Centrum Doskonalenia Zarz\u0105dzania Meritum","isPartOf":{"@id":"https:\/\/sklep.centrum-doskonalenia.pl\/#website"},"primaryImageOfPage":{"@id":"https:\/\/sklep.centrum-doskonalenia.pl\/index.php\/produkt\/koordynator-haccp-poradnikcertyfikat\/#primaryimage"},"image":{"@id":"https:\/\/sklep.centrum-doskonalenia.pl\/index.php\/produkt\/koordynator-haccp-poradnikcertyfikat\/#primaryimage"},"thumbnailUrl":"https:\/\/sklep.centrum-doskonalenia.pl\/wp-content\/uploads\/2024\/08\/Poradnik-dla-koordynatorow-i-specjalistow-zespolu-HACCP-2.png","datePublished":"2024-08-23T09:37:25+00:00","dateModified":"2025-09-17T14:10:08+00:00","description":"Kurs audytor wewn\u0119trzny ISO 9001 jest skierowany do os\u00f3b, kt\u00f3re chc\u0105 uzyska\u0107 kwalifikacje audytora wewn\u0119trznego ISO 9001 potwierdzone certyfikatem.","breadcrumb":{"@id":"https:\/\/sklep.centrum-doskonalenia.pl\/index.php\/produkt\/koordynator-haccp-poradnikcertyfikat\/#breadcrumb"},"inLanguage":"pl-PL","potentialAction":[{"@type":"ReadAction","target":["https:\/\/sklep.centrum-doskonalenia.pl\/index.php\/produkt\/koordynator-haccp-poradnikcertyfikat\/"]}]},{"@type":"ImageObject","inLanguage":"pl-PL","@id":"https:\/\/sklep.centrum-doskonalenia.pl\/index.php\/produkt\/koordynator-haccp-poradnikcertyfikat\/#primaryimage","url":"https:\/\/sklep.centrum-doskonalenia.pl\/wp-content\/uploads\/2024\/08\/Poradnik-dla-koordynatorow-i-specjalistow-zespolu-HACCP-2.png","contentUrl":"https:\/\/sklep.centrum-doskonalenia.pl\/wp-content\/uploads\/2024\/08\/Poradnik-dla-koordynatorow-i-specjalistow-zespolu-HACCP-2.png","width":512,"height":800},{"@type":"BreadcrumbList","@id":"https:\/\/sklep.centrum-doskonalenia.pl\/index.php\/produkt\/koordynator-haccp-poradnikcertyfikat\/#breadcrumb","itemListElement":[{"@type":"ListItem","position":1,"name":"Strona g\u0142\u00f3wna","item":"https:\/\/sklep.centrum-doskonalenia.pl\/"},{"@type":"ListItem","position":2,"name":"Produkty","item":"https:\/\/sklep.centrum-doskonalenia.pl\/index.php\/shop\/"},{"@type":"ListItem","position":3,"name":"Koordynator HACCP &#8211; PORADNIK + CERTYFIKAT"}]},{"@type":"WebSite","@id":"https:\/\/sklep.centrum-doskonalenia.pl\/#website","url":"https:\/\/sklep.centrum-doskonalenia.pl\/","name":"Centrum Doskonalenia Zarz\u0105dzania Meritum","description":"","publisher":{"@id":"https:\/\/sklep.centrum-doskonalenia.pl\/#organization"},"potentialAction":[{"@type":"SearchAction","target":{"@type":"EntryPoint","urlTemplate":"https:\/\/sklep.centrum-doskonalenia.pl\/?s={search_term_string}"},"query-input":{"@type":"PropertyValueSpecification","valueRequired":true,"valueName":"search_term_string"}}],"inLanguage":"pl-PL"},{"@type":"Organization","@id":"https:\/\/sklep.centrum-doskonalenia.pl\/#organization","name":"Centrum Doskonalenia Zarz\u0105dzania Meritum","url":"https:\/\/sklep.centrum-doskonalenia.pl\/","logo":{"@type":"ImageObject","inLanguage":"pl-PL","@id":"https:\/\/sklep.centrum-doskonalenia.pl\/#\/schema\/logo\/image\/","url":"https:\/\/sklep.centrum-doskonalenia.pl\/wp-content\/uploads\/2023\/10\/logo-czarne-bez-tla.png","contentUrl":"https:\/\/sklep.centrum-doskonalenia.pl\/wp-content\/uploads\/2023\/10\/logo-czarne-bez-tla.png","width":2089,"height":712,"caption":"Centrum Doskonalenia Zarz\u0105dzania Meritum"},"image":{"@id":"https:\/\/sklep.centrum-doskonalenia.pl\/#\/schema\/logo\/image\/"}}]}},"_links":{"self":[{"href":"https:\/\/sklep.centrum-doskonalenia.pl\/index.php\/wp-json\/wp\/v2\/product\/28050","targetHints":{"allow":["GET"]}}],"collection":[{"href":"https:\/\/sklep.centrum-doskonalenia.pl\/index.php\/wp-json\/wp\/v2\/product"}],"about":[{"href":"https:\/\/sklep.centrum-doskonalenia.pl\/index.php\/wp-json\/wp\/v2\/types\/product"}],"wp:featuredmedia":[{"embeddable":true,"href":"https:\/\/sklep.centrum-doskonalenia.pl\/index.php\/wp-json\/wp\/v2\/media\/28078"}],"wp:attachment":[{"href":"https:\/\/sklep.centrum-doskonalenia.pl\/index.php\/wp-json\/wp\/v2\/media?parent=28050"}],"wp:term":[{"taxonomy":"product_brand","embeddable":true,"href":"https:\/\/sklep.centrum-doskonalenia.pl\/index.php\/wp-json\/wp\/v2\/product_brand?post=28050"},{"taxonomy":"product_cat","embeddable":true,"href":"https:\/\/sklep.centrum-doskonalenia.pl\/index.php\/wp-json\/wp\/v2\/product_cat?post=28050"},{"taxonomy":"product_tag","embeddable":true,"href":"https:\/\/sklep.centrum-doskonalenia.pl\/index.php\/wp-json\/wp\/v2\/product_tag?post=28050"}],"curies":[{"name":"wp","href":"https:\/\/api.w.org\/{rel}","templated":true}]}}