{"id":28037,"date":"2024-08-19T16:53:27","date_gmt":"2024-08-19T14:53:27","guid":{"rendered":"https:\/\/sklep.centrum-doskonalenia.pl\/?post_type=product&#038;p=28037"},"modified":"2025-09-17T11:45:38","modified_gmt":"2025-09-17T09:45:38","slug":"kurs-wymagania-normy-iso-22000-2018","status":"publish","type":"product","link":"https:\/\/sklep.centrum-doskonalenia.pl\/index.php\/produkt\/kurs-wymagania-normy-iso-22000-2018\/","title":{"rendered":"Kurs Wymagania normy ISO 22000:2018"},"content":{"rendered":"<p><!-- Start of Product Description Template --><\/p>\n<div class=\"product-description-container\">\n<div class=\"product-details\">\n<div class=\"product-info\">\n<p style=\"margin-bottom: 20px;\">Szkolenie skierowane jest do os\u00f3b chc\u0105cych pozna\u0107 wymagania normy ISO 22000 oraz zasady funkcjonowania Systemu Zarz\u0105dzania Bezpiecze\u0144stwem \u017bywno\u015bci. Materia\u0142 szkoleniowy zosta\u0142 przygotowany tak, aby na podstawie licznych przyk\u0142ad\u00f3w, w spos\u00f3b zrozumia\u0142y obja\u015bni\u0107 poszczeg\u00f3lne wymagania normy. Szkolenie mo\u017ce by\u0107 przydatne zar\u00f3wno dla os\u00f3b, kt\u00f3re b\u0119d\u0105 po raz pierwszy poznawa\u0142y wymagania systemu zarz\u0105dzania bezpiecze\u0144stwem \u017cywno\u015bci, jak i dla tych, kt\u00f3re chc\u0105 \u201eod\u015bwie\u017cy\u0107\u201d poznane kiedy\u015b zasady.<\/p>\n<p style=\"margin-bottom: 20px;\"><strong>Dostajecie Pa\u0144stwo 365-dni dost\u0119pu, w dowolnym miejscu i czasie mo\u017cecie si\u0119ga\u0107 po udost\u0119pniony materia\u0142.<\/strong><\/p>\n<\/div>\n<\/div>\n<div class=\"product-additional-info\">\n<h5 style=\"margin-top: 40px; margin-bottom: 20px; font-weight: bold; color: #1d7b88;\">Proponujemy szkolenie e-learningowe zawieraj\u0105ce:<\/h5>\n<ul style=\"padding-left: 20px; list-style-type: none;\">\n<li style=\"margin-bottom: 10px;\"><span style=\"color: #1d7b88; font-weight: bold;\">\u2714<\/span> dialogi, zapisy realnych dyskusji,<\/li>\n<li style=\"margin-bottom: 10px;\"><span style=\"color: #1d7b88; font-weight: bold;\">\u2714<\/span> przyk\u0142ady z r\u00f3\u017cnych bran\u017c,<\/li>\n<li style=\"margin-bottom: 10px;\"><span style=\"color: #1d7b88; font-weight: bold;\">\u2714<\/span> praktyczne porady i prost\u0105 interpretacj\u0119 wymaga\u0144 normy.<\/li>\n<\/ul>\n<h5 style=\"margin-top: 40px; margin-bottom: 20px; font-weight: bold; color: #1d7b88;\">Modu\u0142y szkolenia obejmuj\u0105 zagadnienia:<\/h5>\n<ul style=\"padding-left: 20px; list-style-type: none;\">\n<li style=\"margin-bottom: 10px;\"><span style=\"color: #1d7b88; font-weight: bold;\">\u2714<\/span> historia i om\u00f3wienie rodziny norm ISO,<\/li>\n<li style=\"margin-bottom: 10px;\"><span style=\"color: #1d7b88; font-weight: bold;\">\u2714<\/span> podej\u015bcie procesowe oparte na ryzyku,<\/li>\n<li style=\"margin-bottom: 10px;\"><span style=\"color: #1d7b88; font-weight: bold;\">\u2714<\/span>om\u00f3wienie wymaga\u0144 normy.<\/li>\n<\/ul>\n<\/div>\n<\/div>\n","protected":false},"excerpt":{"rendered":"<p>Szkolenie skierowane jest do os\u00f3b chc\u0105cych pozna\u0107 wymagania normy ISO 22000 oraz zasady funkcjonowania Systemu Zarz\u0105dzania Bezpiecze\u0144stwem \u017bywno\u015bci. Materia\u0142 szkoleniowy zosta\u0142 przygotowany tak, aby na podstawie licznych przyk\u0142ad\u00f3w, w spos\u00f3b zrozumia\u0142y obja\u015bni\u0107 poszczeg\u00f3lne wymagania normy. Szkolenie mo\u017ce by\u0107 przydatne zar\u00f3wno dla os\u00f3b, kt\u00f3re b\u0119d\u0105 po raz pierwszy poznawa\u0142y wymagania systemu zarz\u0105dzania bezpiecze\u0144stwem \u017cywno\u015bci, jak i [&hellip;]<\/p>\n","protected":false},"featured_media":44682,"template":"","meta":{"site-sidebar-layout":"default","site-content-layout":"","ast-site-content-layout":"default","site-content-style":"default","site-sidebar-style":"default","ast-global-header-display":"","ast-banner-title-visibility":"","ast-main-header-display":"","ast-hfb-above-header-display":"","ast-hfb-below-header-display":"","ast-hfb-mobile-header-display":"","site-post-title":"","ast-breadcrumbs-content":"","ast-featured-img":"","footer-sml-layout":"","ast-disable-related-posts":"","theme-transparent-header-meta":"default","adv-header-id-meta":"","stick-header-meta":"","header-above-stick-meta":"","header-main-stick-meta":"","header-below-stick-meta":"","astra-migrate-meta-layouts":"set","ast-page-background-enabled":"default","ast-page-background-meta":{"desktop":{"background-color":"","background-image":"","background-repeat":"repeat","background-position":"center center","background-size":"auto","background-attachment":"scroll","background-type":"","background-media":"","overlay-type":"","overlay-color":"","overlay-opacity":"","overlay-gradient":""},"tablet":{"background-color":"","background-image":"","background-repeat":"repeat","background-position":"center center","background-size":"auto","background-attachment":"scroll","background-type":"","background-media":"","overlay-type":"","overlay-color":"","overlay-opacity":"","overlay-gradient":""},"mobile":{"background-color":"","background-image":"","background-repeat":"repeat","background-position":"center center","background-size":"auto","background-attachment":"scroll","background-type":"","background-media":"","overlay-type":"","overlay-color":"","overlay-opacity":"","overlay-gradient":""}},"ast-content-background-meta":{"desktop":{"background-color":"var(--ast-global-color-5)","background-image":"","background-repeat":"repeat","background-position":"center center","background-size":"auto","background-attachment":"scroll","background-type":"","background-media":"","overlay-type":"","overlay-color":"","overlay-opacity":"","overlay-gradient":""},"tablet":{"background-color":"var(--ast-global-color-5)","background-image":"","background-repeat":"repeat","background-position":"center center","background-size":"auto","background-attachment":"scroll","background-type":"","background-media":"","overlay-type":"","overlay-color":"","overlay-opacity":"","overlay-gradient":""},"mobile":{"background-color":"var(--ast-global-color-5)","background-image":"","background-repeat":"repeat","background-position":"center center","background-size":"auto","background-attachment":"scroll","background-type":"","background-media":"","overlay-type":"","overlay-color":"","overlay-opacity":"","overlay-gradient":""}}},"product_brand":[],"product_cat":[397],"product_tag":[],"class_list":{"0":"post-28037","1":"product","2":"type-product","3":"status-publish","4":"has-post-thumbnail","6":"product_cat-iso-22000","7":"desktop-align-left","8":"tablet-align-left","9":"mobile-align-left","11":"first","12":"instock","13":"taxable","14":"shipping-taxable","15":"purchasable","16":"product-type-simple"},"aioseo_notices":[],"yoast_head":"<!-- This site is optimized with the Yoast SEO plugin v27.4 - https:\/\/yoast.com\/product\/yoast-seo-wordpress\/ -->\n<title>Kurs Wymagania normy ISO 22000:2018 - Centrum Doskonalenia Zarz\u0105dzania Meritum<\/title>\n<meta name=\"robots\" content=\"index, follow, max-snippet:-1, max-image-preview:large, max-video-preview:-1\" \/>\n<link rel=\"canonical\" href=\"http:\/\/sklep.centrum-doskonalenia.pl\/index.php\/produkt\/kurs-wymagania-normy-iso-22000-2018\/\" \/>\n<meta property=\"og:locale\" content=\"pl_PL\" \/>\n<meta property=\"og:type\" content=\"article\" \/>\n<meta property=\"og:title\" content=\"Kurs Wymagania normy ISO 22000:2018 - Centrum Doskonalenia Zarz\u0105dzania Meritum\" \/>\n<meta property=\"og:description\" content=\"Szkolenie skierowane jest do os\u00f3b chc\u0105cych pozna\u0107 wymagania normy ISO 22000 oraz zasady funkcjonowania Systemu Zarz\u0105dzania Bezpiecze\u0144stwem \u017bywno\u015bci. Materia\u0142 szkoleniowy zosta\u0142 przygotowany tak, aby na podstawie licznych przyk\u0142ad\u00f3w, w spos\u00f3b zrozumia\u0142y obja\u015bni\u0107 poszczeg\u00f3lne wymagania normy. Szkolenie mo\u017ce by\u0107 przydatne zar\u00f3wno dla os\u00f3b, kt\u00f3re b\u0119d\u0105 po raz pierwszy poznawa\u0142y wymagania systemu zarz\u0105dzania bezpiecze\u0144stwem \u017cywno\u015bci, jak i [&hellip;]\" \/>\n<meta property=\"og:url\" content=\"http:\/\/sklep.centrum-doskonalenia.pl\/index.php\/produkt\/kurs-wymagania-normy-iso-22000-2018\/\" \/>\n<meta property=\"og:site_name\" content=\"Centrum Doskonalenia Zarz\u0105dzania Meritum\" \/>\n<meta property=\"article:modified_time\" content=\"2025-09-17T09:45:38+00:00\" \/>\n<meta property=\"og:image\" content=\"http:\/\/sklep.centrum-doskonalenia.pl\/wp-content\/uploads\/2025\/09\/test.png\" \/>\n\t<meta property=\"og:image:width\" content=\"1126\" \/>\n\t<meta property=\"og:image:height\" content=\"741\" \/>\n\t<meta property=\"og:image:type\" content=\"image\/png\" \/>\n<meta name=\"twitter:card\" content=\"summary_large_image\" \/>\n<meta name=\"twitter:label1\" content=\"Szacowany czas czytania\" \/>\n\t<meta name=\"twitter:data1\" content=\"1 minuta\" \/>\n<script type=\"application\/ld+json\" class=\"yoast-schema-graph\">{\"@context\":\"https:\\\/\\\/schema.org\",\"@graph\":[{\"@type\":\"WebPage\",\"@id\":\"http:\\\/\\\/sklep.centrum-doskonalenia.pl\\\/index.php\\\/produkt\\\/kurs-wymagania-normy-iso-22000-2018\\\/\",\"url\":\"http:\\\/\\\/sklep.centrum-doskonalenia.pl\\\/index.php\\\/produkt\\\/kurs-wymagania-normy-iso-22000-2018\\\/\",\"name\":\"Kurs Wymagania normy ISO 22000:2018 - Centrum Doskonalenia Zarz\u0105dzania Meritum\",\"isPartOf\":{\"@id\":\"https:\\\/\\\/sklep.centrum-doskonalenia.pl\\\/#website\"},\"primaryImageOfPage\":{\"@id\":\"http:\\\/\\\/sklep.centrum-doskonalenia.pl\\\/index.php\\\/produkt\\\/kurs-wymagania-normy-iso-22000-2018\\\/#primaryimage\"},\"image\":{\"@id\":\"http:\\\/\\\/sklep.centrum-doskonalenia.pl\\\/index.php\\\/produkt\\\/kurs-wymagania-normy-iso-22000-2018\\\/#primaryimage\"},\"thumbnailUrl\":\"https:\\\/\\\/sklep.centrum-doskonalenia.pl\\\/wp-content\\\/uploads\\\/2025\\\/09\\\/test.png\",\"datePublished\":\"2024-08-19T14:53:27+00:00\",\"dateModified\":\"2025-09-17T09:45:38+00:00\",\"breadcrumb\":{\"@id\":\"http:\\\/\\\/sklep.centrum-doskonalenia.pl\\\/index.php\\\/produkt\\\/kurs-wymagania-normy-iso-22000-2018\\\/#breadcrumb\"},\"inLanguage\":\"pl-PL\",\"potentialAction\":[{\"@type\":\"ReadAction\",\"target\":[\"http:\\\/\\\/sklep.centrum-doskonalenia.pl\\\/index.php\\\/produkt\\\/kurs-wymagania-normy-iso-22000-2018\\\/\"]}]},{\"@type\":\"ImageObject\",\"inLanguage\":\"pl-PL\",\"@id\":\"http:\\\/\\\/sklep.centrum-doskonalenia.pl\\\/index.php\\\/produkt\\\/kurs-wymagania-normy-iso-22000-2018\\\/#primaryimage\",\"url\":\"https:\\\/\\\/sklep.centrum-doskonalenia.pl\\\/wp-content\\\/uploads\\\/2025\\\/09\\\/test.png\",\"contentUrl\":\"https:\\\/\\\/sklep.centrum-doskonalenia.pl\\\/wp-content\\\/uploads\\\/2025\\\/09\\\/test.png\",\"width\":1126,\"height\":741},{\"@type\":\"BreadcrumbList\",\"@id\":\"http:\\\/\\\/sklep.centrum-doskonalenia.pl\\\/index.php\\\/produkt\\\/kurs-wymagania-normy-iso-22000-2018\\\/#breadcrumb\",\"itemListElement\":[{\"@type\":\"ListItem\",\"position\":1,\"name\":\"Strona g\u0142\u00f3wna\",\"item\":\"https:\\\/\\\/sklep.centrum-doskonalenia.pl\\\/\"},{\"@type\":\"ListItem\",\"position\":2,\"name\":\"Produkty\",\"item\":\"https:\\\/\\\/sklep.centrum-doskonalenia.pl\\\/index.php\\\/shop\\\/\"},{\"@type\":\"ListItem\",\"position\":3,\"name\":\"Kurs Wymagania normy ISO 22000:2018\"}]},{\"@type\":\"WebSite\",\"@id\":\"https:\\\/\\\/sklep.centrum-doskonalenia.pl\\\/#website\",\"url\":\"https:\\\/\\\/sklep.centrum-doskonalenia.pl\\\/\",\"name\":\"Centrum Doskonalenia Zarz\u0105dzania Meritum\",\"description\":\"\",\"publisher\":{\"@id\":\"https:\\\/\\\/sklep.centrum-doskonalenia.pl\\\/#organization\"},\"potentialAction\":[{\"@type\":\"SearchAction\",\"target\":{\"@type\":\"EntryPoint\",\"urlTemplate\":\"https:\\\/\\\/sklep.centrum-doskonalenia.pl\\\/?s={search_term_string}\"},\"query-input\":{\"@type\":\"PropertyValueSpecification\",\"valueRequired\":true,\"valueName\":\"search_term_string\"}}],\"inLanguage\":\"pl-PL\"},{\"@type\":\"Organization\",\"@id\":\"https:\\\/\\\/sklep.centrum-doskonalenia.pl\\\/#organization\",\"name\":\"Centrum Doskonalenia Zarz\u0105dzania Meritum\",\"url\":\"https:\\\/\\\/sklep.centrum-doskonalenia.pl\\\/\",\"logo\":{\"@type\":\"ImageObject\",\"inLanguage\":\"pl-PL\",\"@id\":\"https:\\\/\\\/sklep.centrum-doskonalenia.pl\\\/#\\\/schema\\\/logo\\\/image\\\/\",\"url\":\"https:\\\/\\\/sklep.centrum-doskonalenia.pl\\\/wp-content\\\/uploads\\\/2023\\\/10\\\/logo-czarne-bez-tla.png\",\"contentUrl\":\"https:\\\/\\\/sklep.centrum-doskonalenia.pl\\\/wp-content\\\/uploads\\\/2023\\\/10\\\/logo-czarne-bez-tla.png\",\"width\":2089,\"height\":712,\"caption\":\"Centrum Doskonalenia Zarz\u0105dzania Meritum\"},\"image\":{\"@id\":\"https:\\\/\\\/sklep.centrum-doskonalenia.pl\\\/#\\\/schema\\\/logo\\\/image\\\/\"}}]}<\/script>\n<!-- \/ Yoast SEO plugin. -->","yoast_head_json":{"title":"Kurs Wymagania normy ISO 22000:2018 - Centrum Doskonalenia Zarz\u0105dzania Meritum","robots":{"index":"index","follow":"follow","max-snippet":"max-snippet:-1","max-image-preview":"max-image-preview:large","max-video-preview":"max-video-preview:-1"},"canonical":"http:\/\/sklep.centrum-doskonalenia.pl\/index.php\/produkt\/kurs-wymagania-normy-iso-22000-2018\/","og_locale":"pl_PL","og_type":"article","og_title":"Kurs Wymagania normy ISO 22000:2018 - Centrum Doskonalenia Zarz\u0105dzania Meritum","og_description":"Szkolenie skierowane jest do os\u00f3b chc\u0105cych pozna\u0107 wymagania normy ISO 22000 oraz zasady funkcjonowania Systemu Zarz\u0105dzania Bezpiecze\u0144stwem \u017bywno\u015bci. Materia\u0142 szkoleniowy zosta\u0142 przygotowany tak, aby na podstawie licznych przyk\u0142ad\u00f3w, w spos\u00f3b zrozumia\u0142y obja\u015bni\u0107 poszczeg\u00f3lne wymagania normy. Szkolenie mo\u017ce by\u0107 przydatne zar\u00f3wno dla os\u00f3b, kt\u00f3re b\u0119d\u0105 po raz pierwszy poznawa\u0142y wymagania systemu zarz\u0105dzania bezpiecze\u0144stwem \u017cywno\u015bci, jak i [&hellip;]","og_url":"http:\/\/sklep.centrum-doskonalenia.pl\/index.php\/produkt\/kurs-wymagania-normy-iso-22000-2018\/","og_site_name":"Centrum Doskonalenia Zarz\u0105dzania Meritum","article_modified_time":"2025-09-17T09:45:38+00:00","og_image":[{"width":1126,"height":741,"url":"http:\/\/sklep.centrum-doskonalenia.pl\/wp-content\/uploads\/2025\/09\/test.png","type":"image\/png"}],"twitter_card":"summary_large_image","twitter_misc":{"Szacowany czas czytania":"1 minuta"},"schema":{"@context":"https:\/\/schema.org","@graph":[{"@type":"WebPage","@id":"http:\/\/sklep.centrum-doskonalenia.pl\/index.php\/produkt\/kurs-wymagania-normy-iso-22000-2018\/","url":"http:\/\/sklep.centrum-doskonalenia.pl\/index.php\/produkt\/kurs-wymagania-normy-iso-22000-2018\/","name":"Kurs Wymagania normy ISO 22000:2018 - Centrum Doskonalenia Zarz\u0105dzania Meritum","isPartOf":{"@id":"https:\/\/sklep.centrum-doskonalenia.pl\/#website"},"primaryImageOfPage":{"@id":"http:\/\/sklep.centrum-doskonalenia.pl\/index.php\/produkt\/kurs-wymagania-normy-iso-22000-2018\/#primaryimage"},"image":{"@id":"http:\/\/sklep.centrum-doskonalenia.pl\/index.php\/produkt\/kurs-wymagania-normy-iso-22000-2018\/#primaryimage"},"thumbnailUrl":"https:\/\/sklep.centrum-doskonalenia.pl\/wp-content\/uploads\/2025\/09\/test.png","datePublished":"2024-08-19T14:53:27+00:00","dateModified":"2025-09-17T09:45:38+00:00","breadcrumb":{"@id":"http:\/\/sklep.centrum-doskonalenia.pl\/index.php\/produkt\/kurs-wymagania-normy-iso-22000-2018\/#breadcrumb"},"inLanguage":"pl-PL","potentialAction":[{"@type":"ReadAction","target":["http:\/\/sklep.centrum-doskonalenia.pl\/index.php\/produkt\/kurs-wymagania-normy-iso-22000-2018\/"]}]},{"@type":"ImageObject","inLanguage":"pl-PL","@id":"http:\/\/sklep.centrum-doskonalenia.pl\/index.php\/produkt\/kurs-wymagania-normy-iso-22000-2018\/#primaryimage","url":"https:\/\/sklep.centrum-doskonalenia.pl\/wp-content\/uploads\/2025\/09\/test.png","contentUrl":"https:\/\/sklep.centrum-doskonalenia.pl\/wp-content\/uploads\/2025\/09\/test.png","width":1126,"height":741},{"@type":"BreadcrumbList","@id":"http:\/\/sklep.centrum-doskonalenia.pl\/index.php\/produkt\/kurs-wymagania-normy-iso-22000-2018\/#breadcrumb","itemListElement":[{"@type":"ListItem","position":1,"name":"Strona g\u0142\u00f3wna","item":"https:\/\/sklep.centrum-doskonalenia.pl\/"},{"@type":"ListItem","position":2,"name":"Produkty","item":"https:\/\/sklep.centrum-doskonalenia.pl\/index.php\/shop\/"},{"@type":"ListItem","position":3,"name":"Kurs Wymagania normy ISO 22000:2018"}]},{"@type":"WebSite","@id":"https:\/\/sklep.centrum-doskonalenia.pl\/#website","url":"https:\/\/sklep.centrum-doskonalenia.pl\/","name":"Centrum Doskonalenia Zarz\u0105dzania Meritum","description":"","publisher":{"@id":"https:\/\/sklep.centrum-doskonalenia.pl\/#organization"},"potentialAction":[{"@type":"SearchAction","target":{"@type":"EntryPoint","urlTemplate":"https:\/\/sklep.centrum-doskonalenia.pl\/?s={search_term_string}"},"query-input":{"@type":"PropertyValueSpecification","valueRequired":true,"valueName":"search_term_string"}}],"inLanguage":"pl-PL"},{"@type":"Organization","@id":"https:\/\/sklep.centrum-doskonalenia.pl\/#organization","name":"Centrum Doskonalenia Zarz\u0105dzania Meritum","url":"https:\/\/sklep.centrum-doskonalenia.pl\/","logo":{"@type":"ImageObject","inLanguage":"pl-PL","@id":"https:\/\/sklep.centrum-doskonalenia.pl\/#\/schema\/logo\/image\/","url":"https:\/\/sklep.centrum-doskonalenia.pl\/wp-content\/uploads\/2023\/10\/logo-czarne-bez-tla.png","contentUrl":"https:\/\/sklep.centrum-doskonalenia.pl\/wp-content\/uploads\/2023\/10\/logo-czarne-bez-tla.png","width":2089,"height":712,"caption":"Centrum Doskonalenia Zarz\u0105dzania Meritum"},"image":{"@id":"https:\/\/sklep.centrum-doskonalenia.pl\/#\/schema\/logo\/image\/"}}]}},"_links":{"self":[{"href":"https:\/\/sklep.centrum-doskonalenia.pl\/index.php\/wp-json\/wp\/v2\/product\/28037","targetHints":{"allow":["GET"]}}],"collection":[{"href":"https:\/\/sklep.centrum-doskonalenia.pl\/index.php\/wp-json\/wp\/v2\/product"}],"about":[{"href":"https:\/\/sklep.centrum-doskonalenia.pl\/index.php\/wp-json\/wp\/v2\/types\/product"}],"wp:featuredmedia":[{"embeddable":true,"href":"https:\/\/sklep.centrum-doskonalenia.pl\/index.php\/wp-json\/wp\/v2\/media\/44682"}],"wp:attachment":[{"href":"https:\/\/sklep.centrum-doskonalenia.pl\/index.php\/wp-json\/wp\/v2\/media?parent=28037"}],"wp:term":[{"taxonomy":"product_brand","embeddable":true,"href":"https:\/\/sklep.centrum-doskonalenia.pl\/index.php\/wp-json\/wp\/v2\/product_brand?post=28037"},{"taxonomy":"product_cat","embeddable":true,"href":"https:\/\/sklep.centrum-doskonalenia.pl\/index.php\/wp-json\/wp\/v2\/product_cat?post=28037"},{"taxonomy":"product_tag","embeddable":true,"href":"https:\/\/sklep.centrum-doskonalenia.pl\/index.php\/wp-json\/wp\/v2\/product_tag?post=28037"}],"curies":[{"name":"wp","href":"https:\/\/api.w.org\/{rel}","templated":true}]}}