{"id":1226,"date":"2023-10-17T16:36:17","date_gmt":"2023-10-17T14:36:17","guid":{"rendered":"https:\/\/sklep.centrum-doskonalenia.pl\/?post_type=product&#038;p=1226"},"modified":"2025-10-02T12:13:16","modified_gmt":"2025-10-02T10:13:16","slug":"inspektor-ds-rodo","status":"publish","type":"product","link":"https:\/\/sklep.centrum-doskonalenia.pl\/index.php\/produkt\/inspektor-ds-rodo\/","title":{"rendered":"Kurs Inspektor ds. RODO"},"content":{"rendered":"<div class=\"product-description-container\">\n<div class=\"product-details\">\n<div class=\"product-info\">\n<p style=\"margin-top: 20px; margin-bottom: 20px;\">Szkolenie obejmuje wszystkie zagadnienia z zakresu obowi\u0105zk\u00f3w i roli jakie ma sprawowa\u0107 Inspektor RODO w organizacji.\u00a0 Zawarto\u015b\u0107 merytoryczna szkolenia zosta\u0142a przygotowana przez wykwalifikowan\u0105 kadr\u0119 ekspert\u00f3w\u00a0 ds. danych osobowych z wieloletnim do\u015bwiadczeniem, a dzi\u0119ki multimedialnej formie i nowoczesnej grafice szkolenie aktywizuje uczestnika co u\u0142atwia przyswajanie wiedzy.<\/p>\n<p style=\"margin-top: 20px; margin-bottom: 10px;\">Szkolenie e-learningowe jest wygodnym rozwi\u0105zaniem, kt\u00f3re pozwala zaoszcz\u0119dzi\u0107 czas i pieni\u0105dze, jednocze\u015bnie gwarantuj\u0105c profesjonalny i rzetelny zakres wiedzy.<\/p>\n<p>&nbsp;<\/p>\n<\/div>\n<p><!-- Dodano zamkni\u0119cie div --><\/p>\n<\/div>\n<div class=\"product-additional-info\">\n<h5 style=\"margin-top: 0px; margin-bottom: 20px; font-weight: bold; color: #1d7b88;\">Modu\u0142y szkolenia:<\/h5>\n<h5 style=\"margin-top: 0px; margin-bottom: 20px; font-weight: bold; color: #1d7b88;\">Modu\u0142 I &#8211; Dane osobowe:<\/h5>\n<ul style=\"padding-left: 20px; list-style-type: none;\">\n<li style=\"list-style-type: none;\">\n<ul style=\"padding-left: 20px; list-style-type: none;\">\n<li style=\"list-style-type: none;\">\n<ul style=\"padding-left: 20px; list-style-type: none;\"><!-- Usuni\u0119to kropki --><\/p>\n<li style=\"margin-bottom: 10px;\"><span style=\"color: #1d7b88; font-weight: bold;\">\u2714<\/span> Prawo i funkcje w ochronie danych osobowych<\/li>\n<li style=\"margin-bottom: 10px;\"><span style=\"color: #1d7b88; font-weight: bold;\">\u2714<\/span> Czym jest RODO?<\/li>\n<li style=\"margin-bottom: 10px;\"><span style=\"color: #1d7b88; font-weight: bold;\">\u2714<\/span> Obowi\u0105zki przedsi\u0119biorstwa w kwestii ochrony danych<\/li>\n<li style=\"margin-bottom: 10px;\"><span style=\"color: #1d7b88; font-weight: bold;\">\u2714<\/span> Terminy i definicje<\/li>\n<li style=\"margin-bottom: 10px;\"><span style=\"color: #1d7b88; font-weight: bold;\">\u2714<\/span> Co to s\u0105 dane osobowe?<\/li>\n<li style=\"margin-bottom: 10px;\"><span style=\"color: #1d7b88; font-weight: bold;\">\u2714<\/span> Grupy danych osobowych<\/li>\n<li style=\"margin-bottom: 10px;\"><span style=\"color: #1d7b88; font-weight: bold;\">\u2714<\/span> Co nie jest dan\u0105 osobow\u0105?<\/li>\n<li style=\"margin-bottom: 10px;\"><span style=\"color: #1d7b88; font-weight: bold;\">\u2714<\/span> Kary finansowe<\/li>\n<\/ul>\n<\/li>\n<\/ul>\n<\/li>\n<\/ul>\n<h5 style=\"margin-top: 0px; margin-bottom: 20px; font-weight: bold; color: #1d7b88;\">Modu\u0142 II &#8211; Ochrona Danych Osobowych:<\/h5>\n<ul style=\"padding-left: 20px; list-style-type: none;\">\n<li style=\"list-style-type: none;\">\n<ul style=\"padding-left: 20px; list-style-type: none;\">\n<li style=\"list-style-type: none;\">\n<ul style=\"padding-left: 20px; list-style-type: none;\"><!-- Usuni\u0119to kropki --><\/p>\n<li style=\"margin-bottom: 10px;\"><span style=\"color: #1d7b88; font-weight: bold;\">\u2714<\/span> Poziomy zabezpiecze\u0144<\/li>\n<li style=\"margin-bottom: 10px;\"><span style=\"color: #1d7b88; font-weight: bold;\">\u2714<\/span> Obszary zabezpiecze\u0144<\/li>\n<li style=\"margin-bottom: 10px;\"><span style=\"color: #1d7b88; font-weight: bold;\">\u2714<\/span> Zabezpieczenie budynku<\/li>\n<li style=\"margin-bottom: 10px;\"><span style=\"color: #1d7b88; font-weight: bold;\">\u2714<\/span> Zabezpieczenie pomieszcze\u0144<\/li>\n<li style=\"margin-bottom: 10px;\"><span style=\"color: #1d7b88; font-weight: bold;\">\u2714<\/span> Zabezpieczenie komputer\u00f3w stacjonarnych<\/li>\n<li style=\"margin-bottom: 10px;\"><span style=\"color: #1d7b88; font-weight: bold;\">\u2714<\/span> Zabezpieczenie urz\u0105dze\u0144 mobilnych<\/li>\n<li style=\"margin-bottom: 10px;\"><span style=\"color: #1d7b88; font-weight: bold;\">\u2714<\/span> Zabezpieczenie przechowywania<\/li>\n<li style=\"margin-bottom: 10px;\"><span style=\"color: #1d7b88; font-weight: bold;\">\u2714<\/span> Zabezpieczenie no\u015bnik\u00f3w z danymi osobowymi<\/li>\n<\/ul>\n<\/li>\n<\/ul>\n<\/li>\n<\/ul>\n<h5 style=\"margin-top: 0px; margin-bottom: 20px; font-weight: bold; color: #1d7b88;\">Modu\u0142 III &#8211; Przetwarzanie Danych Osobowych:<\/h5>\n<ul style=\"padding-left: 20px; list-style-type: none;\">\n<li style=\"list-style-type: none;\">\n<ul style=\"padding-left: 20px; list-style-type: none;\">\n<li style=\"list-style-type: none;\">\n<ul style=\"padding-left: 20px; list-style-type: none;\"><!-- Usuni\u0119to kropki --><\/p>\n<li style=\"margin-bottom: 10px;\"><span style=\"color: #1d7b88; font-weight: bold;\">\u2714<\/span> Co to jest przetwarzanie danych&gt;<\/li>\n<li style=\"margin-bottom: 10px;\"><span style=\"color: #1d7b88; font-weight: bold;\">\u2714<\/span> Warunki przetwarzania danych osobowych<\/li>\n<li style=\"margin-bottom: 10px;\"><span style=\"color: #1d7b88; font-weight: bold;\">\u2714<\/span> Zasady przetwarzania<\/li>\n<li style=\"margin-bottom: 10px;\"><span style=\"color: #1d7b88; font-weight: bold;\">\u2714<\/span> Forma zgody na przetwarzanie danych osobowych<\/li>\n<li style=\"margin-bottom: 10px;\"><span style=\"color: #1d7b88; font-weight: bold;\">\u2714<\/span> Wycofanie zgody<\/li>\n<li style=\"margin-bottom: 10px;\"><span style=\"color: #1d7b88; font-weight: bold;\">\u2714<\/span> Przetwarzanie danych bez zgody<\/li>\n<li style=\"margin-bottom: 10px;\"><span style=\"color: #1d7b88; font-weight: bold;\">\u2714<\/span> Obowi\u0105zek informacyjny<\/li>\n<li style=\"margin-bottom: 10px;\"><span style=\"color: #1d7b88; font-weight: bold;\">\u2714<\/span> Przetwarzanie danych szczeg\u00f3lnej kategorii<\/li>\n<li style=\"margin-bottom: 10px;\"><span style=\"color: #1d7b88; font-weight: bold;\">\u2714<\/span> Przetwarzanie danych osobowych pracownik\u00f3w<\/li>\n<li style=\"margin-bottom: 10px;\"><span style=\"color: #1d7b88; font-weight: bold;\">\u2714<\/span> Czy mog\u0119 powierzy\u0107 przetwarzanie danych?<\/li>\n<\/ul>\n<\/li>\n<\/ul>\n<\/li>\n<\/ul>\n<h5 style=\"margin-top: 0px; margin-bottom: 20px; font-weight: bold; color: #1d7b88;\">Modu\u0142 IV &#8211; Rejestry przetwarzania Danych Osobowych:<\/h5>\n<ul style=\"padding-left: 20px; list-style-type: none;\">\n<li style=\"list-style-type: none;\">\n<ul style=\"padding-left: 20px; list-style-type: none;\">\n<li style=\"list-style-type: none;\">\n<ul style=\"padding-left: 20px; list-style-type: none;\"><!-- Usuni\u0119to kropki --><\/p>\n<li style=\"margin-bottom: 10px;\"><span style=\"color: #1d7b88; font-weight: bold;\">\u2714<\/span> Czym s\u0105 rejestry przetwarzania danych osobowych?<\/li>\n<li style=\"margin-bottom: 10px;\"><span style=\"color: #1d7b88; font-weight: bold;\">\u2714<\/span> Kiedy nale\u017cy prowadzi\u0107 rejestr przetwarzania danych osobowych?<\/li>\n<li style=\"margin-bottom: 10px;\"><span style=\"color: #1d7b88; font-weight: bold;\">\u2714<\/span> Rejestr kategorii czynno\u015bci przetwarzania<\/li>\n<\/ul>\n<\/li>\n<\/ul>\n<\/li>\n<\/ul>\n<h5 style=\"margin-top: 0px; margin-bottom: 20px; font-weight: bold; color: #1d7b88;\">Modu\u0142 V &#8211; Inspektor Ochrony Danych Osobowych:<\/h5>\n<ul style=\"padding-left: 20px; list-style-type: none;\">\n<li style=\"list-style-type: none;\">\n<ul style=\"padding-left: 20px; list-style-type: none;\">\n<li style=\"list-style-type: none;\">\n<ul style=\"padding-left: 20px; list-style-type: none;\"><!-- Usuni\u0119to kropki --><\/p>\n<li style=\"margin-bottom: 10px;\"><span style=\"color: #1d7b88; font-weight: bold;\">\u2714<\/span> Wyznaczanie inspektora ochrony danych<\/li>\n<li style=\"margin-bottom: 10px;\"><span style=\"color: #1d7b88; font-weight: bold;\">\u2714<\/span> Zg\u0142oszenie i odwo\u0142anie IOD<\/li>\n<li style=\"margin-bottom: 10px;\"><span style=\"color: #1d7b88; font-weight: bold;\">\u2714<\/span> Kto mo\u017ce zosta\u0107 inspektorem ochrony danych?<\/li>\n<li style=\"margin-bottom: 10px;\"><span style=\"color: #1d7b88; font-weight: bold;\">\u2714<\/span> Status inspektora ochrony danych<\/li>\n<li style=\"margin-bottom: 10px;\"><span style=\"color: #1d7b88; font-weight: bold;\">\u2714<\/span> Zadania inspektora ochrony danych<\/li>\n<li style=\"margin-bottom: 10px;\"><span style=\"color: #1d7b88; font-weight: bold;\">\u2714<\/span> Incydent bezpiecze\u0144stwa<\/li>\n<li style=\"margin-bottom: 10px;\"><span style=\"color: #1d7b88; font-weight: bold;\">\u2714<\/span> Naruszenie ochrony danych osobowych<\/li>\n<li style=\"margin-bottom: 10px;\"><span style=\"color: #1d7b88; font-weight: bold;\">\u2714<\/span> Ubezpieczenie OC<\/li>\n<\/ul>\n<\/li>\n<\/ul>\n<\/li>\n<\/ul>\n<h5 style=\"margin-top: 0px; margin-bottom: 20px; font-weight: bold; color: #1d7b88;\">W ramach szkolenia poznasz:<\/h5>\n<ul style=\"padding-left: 20px; list-style-type: none;\">\n<li style=\"list-style-type: none;\">\n<ul style=\"padding-left: 20px; list-style-type: none;\">\n<li style=\"list-style-type: none;\">\n<ul style=\"padding-left: 20px; list-style-type: none;\"><!-- Usuni\u0119to kropki --><\/p>\n<li style=\"margin-bottom: 10px;\"><span style=\"color: #1d7b88; font-weight: bold;\">\u2714<\/span> obowi\u0105zuj\u0105ce przepisy prawne, r\u00f3wnie\u017c kary,<\/li>\n<li style=\"margin-bottom: 10px;\"><span style=\"color: #1d7b88; font-weight: bold;\">\u2714<\/span> obowi\u0105zki przedsi\u0119biorstwa,<\/li>\n<li style=\"margin-bottom: 10px;\"><span style=\"color: #1d7b88; font-weight: bold;\">\u2714<\/span> terminy i definicje,<\/li>\n<li style=\"margin-bottom: 10px;\"><span style=\"color: #1d7b88; font-weight: bold;\">\u2714<\/span> co to s\u0105 dane osobowe, ich grupy, co jest a co nie jest dan\u0105 osobow\u0105,<\/li>\n<li style=\"margin-bottom: 10px;\"><span style=\"color: #1d7b88; font-weight: bold;\">\u2714<\/span> poziomy i obszary stosowanych zabezpiecze\u0144<\/li>\n<li style=\"margin-bottom: 10px;\"><span style=\"color: #1d7b88; font-weight: bold;\">\u2714<\/span> wszystko o przetwarzaniu danych osobowych<\/li>\n<li style=\"margin-bottom: 10px;\"><span style=\"color: #1d7b88; font-weight: bold;\">\u2714<\/span> rejestry przetwarzania danych osobowych i kategorii czynno\u015bci przetwarzania wraz z przyk\u0142adami<\/li>\n<li style=\"margin-bottom: 10px;\"><span style=\"color: #1d7b88; font-weight: bold;\">\u2714<\/span> kto mo\u017ce zosta\u0107 Inspektorem, jak go powo\u0142a\u0107 i odwo\u0142a\u0107, jego zadania<\/li>\n<li style=\"margin-bottom: 10px;\"><span style=\"color: #1d7b88; font-weight: bold;\">\u2714<\/span> co robi\u0107 z incydentami i naruszeniami<\/li>\n<li style=\"margin-bottom: 10px;\"><span style=\"color: #1d7b88; font-weight: bold;\">\u2714<\/span> jak Inspektor mo\u017ce si\u0119 ubezpieczy\u0107<\/li>\n<\/ul>\n<\/li>\n<\/ul>\n<\/li>\n<\/ul>\n<p style=\"margin-top: 40px; margin-bottom: 20px;\">Dost\u0119p do szkolenia: 365 dni.<\/p>\n<p style=\"margin-top: 40px; margin-bottom: 20px;\">Po uko\u0144czonym szkoleniu i zdaniu egzaminu dostaniecie Pa\u0144stwo certyfikat <strong>\u201eInspektora Ochrony Danych Osobowych\u201d<\/strong>.<\/p>\n<\/div>\n<\/div>\n","protected":false},"excerpt":{"rendered":"<p>Szkolenie obejmuje wszystkie zagadnienia z zakresu obowi\u0105zk\u00f3w i roli jakie ma sprawowa\u0107 Inspektor RODO w organizacji.\u00a0 Zawarto\u015b\u0107 merytoryczna szkolenia zosta\u0142a przygotowana przez wykwalifikowan\u0105 kadr\u0119 ekspert\u00f3w\u00a0 ds. danych osobowych z wieloletnim do\u015bwiadczeniem, a dzi\u0119ki multimedialnej formie i nowoczesnej grafice szkolenie aktywizuje uczestnika co u\u0142atwia przyswajanie wiedzy. Szkolenie e-learningowe jest wygodnym rozwi\u0105zaniem, kt\u00f3re pozwala zaoszcz\u0119dzi\u0107 czas i [&hellip;]<\/p>\n","protected":false},"featured_media":44682,"template":"","meta":{"site-sidebar-layout":"default","site-content-layout":"","ast-site-content-layout":"default","site-content-style":"default","site-sidebar-style":"default","ast-global-header-display":"","ast-banner-title-visibility":"","ast-main-header-display":"","ast-hfb-above-header-display":"","ast-hfb-below-header-display":"","ast-hfb-mobile-header-display":"","site-post-title":"","ast-breadcrumbs-content":"","ast-featured-img":"","footer-sml-layout":"","ast-disable-related-posts":"","theme-transparent-header-meta":"default","adv-header-id-meta":"","stick-header-meta":"","header-above-stick-meta":"","header-main-stick-meta":"","header-below-stick-meta":"","astra-migrate-meta-layouts":"set","ast-page-background-enabled":"default","ast-page-background-meta":{"desktop":{"background-color":"","background-image":"","background-repeat":"repeat","background-position":"center center","background-size":"auto","background-attachment":"scroll","background-type":"","background-media":"","overlay-type":"","overlay-color":"","overlay-opacity":"","overlay-gradient":""},"tablet":{"background-color":"","background-image":"","background-repeat":"repeat","background-position":"center center","background-size":"auto","background-attachment":"scroll","background-type":"","background-media":"","overlay-type":"","overlay-color":"","overlay-opacity":"","overlay-gradient":""},"mobile":{"background-color":"","background-image":"","background-repeat":"repeat","background-position":"center center","background-size":"auto","background-attachment":"scroll","background-type":"","background-media":"","overlay-type":"","overlay-color":"","overlay-opacity":"","overlay-gradient":""}},"ast-content-background-meta":{"desktop":{"background-color":"var(--ast-global-color-5)","background-image":"","background-repeat":"repeat","background-position":"center center","background-size":"auto","background-attachment":"scroll","background-type":"","background-media":"","overlay-type":"","overlay-color":"","overlay-opacity":"","overlay-gradient":""},"tablet":{"background-color":"var(--ast-global-color-5)","background-image":"","background-repeat":"repeat","background-position":"center center","background-size":"auto","background-attachment":"scroll","background-type":"","background-media":"","overlay-type":"","overlay-color":"","overlay-opacity":"","overlay-gradient":""},"mobile":{"background-color":"var(--ast-global-color-5)","background-image":"","background-repeat":"repeat","background-position":"center center","background-size":"auto","background-attachment":"scroll","background-type":"","background-media":"","overlay-type":"","overlay-color":"","overlay-opacity":"","overlay-gradient":""}}},"product_brand":[],"product_cat":[38],"product_tag":[],"class_list":{"0":"post-1226","1":"product","2":"type-product","3":"status-publish","4":"has-post-thumbnail","6":"product_cat-rodo","7":"desktop-align-left","8":"tablet-align-left","9":"mobile-align-left","11":"first","12":"instock","13":"taxable","14":"shipping-taxable","15":"purchasable","16":"product-type-simple"},"aioseo_notices":[],"yoast_head":"<!-- This site is optimized with the Yoast SEO plugin v27.5 - https:\/\/yoast.com\/product\/yoast-seo-wordpress\/ -->\n<title>Kurs Inspektor ds. RODO - Centrum Doskonalenia Zarz\u0105dzania Meritum<\/title>\n<meta name=\"robots\" content=\"index, follow, max-snippet:-1, max-image-preview:large, max-video-preview:-1\" \/>\n<link rel=\"canonical\" href=\"https:\/\/sklep.centrum-doskonalenia.pl\/index.php\/produkt\/inspektor-ds-rodo\/\" \/>\n<meta property=\"og:locale\" content=\"pl_PL\" \/>\n<meta property=\"og:type\" content=\"article\" \/>\n<meta property=\"og:title\" content=\"Kurs Inspektor ds. RODO - Centrum Doskonalenia Zarz\u0105dzania Meritum\" \/>\n<meta property=\"og:description\" content=\"Szkolenie obejmuje wszystkie zagadnienia z zakresu obowi\u0105zk\u00f3w i roli jakie ma sprawowa\u0107 Inspektor RODO w organizacji.\u00a0 Zawarto\u015b\u0107 merytoryczna szkolenia zosta\u0142a przygotowana przez wykwalifikowan\u0105 kadr\u0119 ekspert\u00f3w\u00a0 ds. danych osobowych z wieloletnim do\u015bwiadczeniem, a dzi\u0119ki multimedialnej formie i nowoczesnej grafice szkolenie aktywizuje uczestnika co u\u0142atwia przyswajanie wiedzy. Szkolenie e-learningowe jest wygodnym rozwi\u0105zaniem, kt\u00f3re pozwala zaoszcz\u0119dzi\u0107 czas i [&hellip;]\" \/>\n<meta property=\"og:url\" content=\"https:\/\/sklep.centrum-doskonalenia.pl\/index.php\/produkt\/inspektor-ds-rodo\/\" \/>\n<meta property=\"og:site_name\" content=\"Centrum Doskonalenia Zarz\u0105dzania Meritum\" \/>\n<meta property=\"article:modified_time\" content=\"2025-10-02T10:13:16+00:00\" \/>\n<meta property=\"og:image\" content=\"https:\/\/sklep.centrum-doskonalenia.pl\/wp-content\/uploads\/2025\/09\/test.png\" \/>\n\t<meta property=\"og:image:width\" content=\"1126\" \/>\n\t<meta property=\"og:image:height\" content=\"741\" \/>\n\t<meta property=\"og:image:type\" content=\"image\/png\" \/>\n<meta name=\"twitter:card\" content=\"summary_large_image\" \/>\n<meta name=\"twitter:label1\" content=\"Szacowany czas czytania\" \/>\n\t<meta name=\"twitter:data1\" content=\"3 minuty\" \/>\n<script type=\"application\/ld+json\" class=\"yoast-schema-graph\">{\"@context\":\"https:\\\/\\\/schema.org\",\"@graph\":[{\"@type\":\"WebPage\",\"@id\":\"https:\\\/\\\/sklep.centrum-doskonalenia.pl\\\/index.php\\\/produkt\\\/inspektor-ds-rodo\\\/\",\"url\":\"https:\\\/\\\/sklep.centrum-doskonalenia.pl\\\/index.php\\\/produkt\\\/inspektor-ds-rodo\\\/\",\"name\":\"Kurs Inspektor ds. RODO - Centrum Doskonalenia Zarz\u0105dzania Meritum\",\"isPartOf\":{\"@id\":\"https:\\\/\\\/sklep.centrum-doskonalenia.pl\\\/#website\"},\"primaryImageOfPage\":{\"@id\":\"https:\\\/\\\/sklep.centrum-doskonalenia.pl\\\/index.php\\\/produkt\\\/inspektor-ds-rodo\\\/#primaryimage\"},\"image\":{\"@id\":\"https:\\\/\\\/sklep.centrum-doskonalenia.pl\\\/index.php\\\/produkt\\\/inspektor-ds-rodo\\\/#primaryimage\"},\"thumbnailUrl\":\"https:\\\/\\\/sklep.centrum-doskonalenia.pl\\\/wp-content\\\/uploads\\\/2025\\\/09\\\/test.png\",\"datePublished\":\"2023-10-17T14:36:17+00:00\",\"dateModified\":\"2025-10-02T10:13:16+00:00\",\"breadcrumb\":{\"@id\":\"https:\\\/\\\/sklep.centrum-doskonalenia.pl\\\/index.php\\\/produkt\\\/inspektor-ds-rodo\\\/#breadcrumb\"},\"inLanguage\":\"pl-PL\",\"potentialAction\":[{\"@type\":\"ReadAction\",\"target\":[\"https:\\\/\\\/sklep.centrum-doskonalenia.pl\\\/index.php\\\/produkt\\\/inspektor-ds-rodo\\\/\"]}]},{\"@type\":\"ImageObject\",\"inLanguage\":\"pl-PL\",\"@id\":\"https:\\\/\\\/sklep.centrum-doskonalenia.pl\\\/index.php\\\/produkt\\\/inspektor-ds-rodo\\\/#primaryimage\",\"url\":\"https:\\\/\\\/sklep.centrum-doskonalenia.pl\\\/wp-content\\\/uploads\\\/2025\\\/09\\\/test.png\",\"contentUrl\":\"https:\\\/\\\/sklep.centrum-doskonalenia.pl\\\/wp-content\\\/uploads\\\/2025\\\/09\\\/test.png\",\"width\":1126,\"height\":741},{\"@type\":\"BreadcrumbList\",\"@id\":\"https:\\\/\\\/sklep.centrum-doskonalenia.pl\\\/index.php\\\/produkt\\\/inspektor-ds-rodo\\\/#breadcrumb\",\"itemListElement\":[{\"@type\":\"ListItem\",\"position\":1,\"name\":\"Strona g\u0142\u00f3wna\",\"item\":\"https:\\\/\\\/sklep.centrum-doskonalenia.pl\\\/\"},{\"@type\":\"ListItem\",\"position\":2,\"name\":\"Produkty\",\"item\":\"http:\\\/\\\/sklep.centrum-doskonalenia.pl\\\/index.php\\\/shop\\\/\"},{\"@type\":\"ListItem\",\"position\":3,\"name\":\"Kurs Inspektor ds. RODO\"}]},{\"@type\":\"WebSite\",\"@id\":\"https:\\\/\\\/sklep.centrum-doskonalenia.pl\\\/#website\",\"url\":\"https:\\\/\\\/sklep.centrum-doskonalenia.pl\\\/\",\"name\":\"Centrum Doskonalenia Zarz\u0105dzania Meritum\",\"description\":\"\",\"publisher\":{\"@id\":\"https:\\\/\\\/sklep.centrum-doskonalenia.pl\\\/#organization\"},\"potentialAction\":[{\"@type\":\"SearchAction\",\"target\":{\"@type\":\"EntryPoint\",\"urlTemplate\":\"https:\\\/\\\/sklep.centrum-doskonalenia.pl\\\/?s={search_term_string}\"},\"query-input\":{\"@type\":\"PropertyValueSpecification\",\"valueRequired\":true,\"valueName\":\"search_term_string\"}}],\"inLanguage\":\"pl-PL\"},{\"@type\":\"Organization\",\"@id\":\"https:\\\/\\\/sklep.centrum-doskonalenia.pl\\\/#organization\",\"name\":\"Centrum Doskonalenia Zarz\u0105dzania Meritum\",\"url\":\"https:\\\/\\\/sklep.centrum-doskonalenia.pl\\\/\",\"logo\":{\"@type\":\"ImageObject\",\"inLanguage\":\"pl-PL\",\"@id\":\"https:\\\/\\\/sklep.centrum-doskonalenia.pl\\\/#\\\/schema\\\/logo\\\/image\\\/\",\"url\":\"https:\\\/\\\/sklep.centrum-doskonalenia.pl\\\/wp-content\\\/uploads\\\/2023\\\/10\\\/logo-czarne-bez-tla.png\",\"contentUrl\":\"https:\\\/\\\/sklep.centrum-doskonalenia.pl\\\/wp-content\\\/uploads\\\/2023\\\/10\\\/logo-czarne-bez-tla.png\",\"width\":2089,\"height\":712,\"caption\":\"Centrum Doskonalenia Zarz\u0105dzania Meritum\"},\"image\":{\"@id\":\"https:\\\/\\\/sklep.centrum-doskonalenia.pl\\\/#\\\/schema\\\/logo\\\/image\\\/\"}}]}<\/script>\n<!-- \/ Yoast SEO plugin. -->","yoast_head_json":{"title":"Kurs Inspektor ds. RODO - Centrum Doskonalenia Zarz\u0105dzania Meritum","robots":{"index":"index","follow":"follow","max-snippet":"max-snippet:-1","max-image-preview":"max-image-preview:large","max-video-preview":"max-video-preview:-1"},"canonical":"https:\/\/sklep.centrum-doskonalenia.pl\/index.php\/produkt\/inspektor-ds-rodo\/","og_locale":"pl_PL","og_type":"article","og_title":"Kurs Inspektor ds. RODO - Centrum Doskonalenia Zarz\u0105dzania Meritum","og_description":"Szkolenie obejmuje wszystkie zagadnienia z zakresu obowi\u0105zk\u00f3w i roli jakie ma sprawowa\u0107 Inspektor RODO w organizacji.\u00a0 Zawarto\u015b\u0107 merytoryczna szkolenia zosta\u0142a przygotowana przez wykwalifikowan\u0105 kadr\u0119 ekspert\u00f3w\u00a0 ds. danych osobowych z wieloletnim do\u015bwiadczeniem, a dzi\u0119ki multimedialnej formie i nowoczesnej grafice szkolenie aktywizuje uczestnika co u\u0142atwia przyswajanie wiedzy. Szkolenie e-learningowe jest wygodnym rozwi\u0105zaniem, kt\u00f3re pozwala zaoszcz\u0119dzi\u0107 czas i [&hellip;]","og_url":"https:\/\/sklep.centrum-doskonalenia.pl\/index.php\/produkt\/inspektor-ds-rodo\/","og_site_name":"Centrum Doskonalenia Zarz\u0105dzania Meritum","article_modified_time":"2025-10-02T10:13:16+00:00","og_image":[{"width":1126,"height":741,"url":"https:\/\/sklep.centrum-doskonalenia.pl\/wp-content\/uploads\/2025\/09\/test.png","type":"image\/png"}],"twitter_card":"summary_large_image","twitter_misc":{"Szacowany czas czytania":"3 minuty"},"schema":{"@context":"https:\/\/schema.org","@graph":[{"@type":"WebPage","@id":"https:\/\/sklep.centrum-doskonalenia.pl\/index.php\/produkt\/inspektor-ds-rodo\/","url":"https:\/\/sklep.centrum-doskonalenia.pl\/index.php\/produkt\/inspektor-ds-rodo\/","name":"Kurs Inspektor ds. RODO - Centrum Doskonalenia Zarz\u0105dzania Meritum","isPartOf":{"@id":"https:\/\/sklep.centrum-doskonalenia.pl\/#website"},"primaryImageOfPage":{"@id":"https:\/\/sklep.centrum-doskonalenia.pl\/index.php\/produkt\/inspektor-ds-rodo\/#primaryimage"},"image":{"@id":"https:\/\/sklep.centrum-doskonalenia.pl\/index.php\/produkt\/inspektor-ds-rodo\/#primaryimage"},"thumbnailUrl":"https:\/\/sklep.centrum-doskonalenia.pl\/wp-content\/uploads\/2025\/09\/test.png","datePublished":"2023-10-17T14:36:17+00:00","dateModified":"2025-10-02T10:13:16+00:00","breadcrumb":{"@id":"https:\/\/sklep.centrum-doskonalenia.pl\/index.php\/produkt\/inspektor-ds-rodo\/#breadcrumb"},"inLanguage":"pl-PL","potentialAction":[{"@type":"ReadAction","target":["https:\/\/sklep.centrum-doskonalenia.pl\/index.php\/produkt\/inspektor-ds-rodo\/"]}]},{"@type":"ImageObject","inLanguage":"pl-PL","@id":"https:\/\/sklep.centrum-doskonalenia.pl\/index.php\/produkt\/inspektor-ds-rodo\/#primaryimage","url":"https:\/\/sklep.centrum-doskonalenia.pl\/wp-content\/uploads\/2025\/09\/test.png","contentUrl":"https:\/\/sklep.centrum-doskonalenia.pl\/wp-content\/uploads\/2025\/09\/test.png","width":1126,"height":741},{"@type":"BreadcrumbList","@id":"https:\/\/sklep.centrum-doskonalenia.pl\/index.php\/produkt\/inspektor-ds-rodo\/#breadcrumb","itemListElement":[{"@type":"ListItem","position":1,"name":"Strona g\u0142\u00f3wna","item":"https:\/\/sklep.centrum-doskonalenia.pl\/"},{"@type":"ListItem","position":2,"name":"Produkty","item":"http:\/\/sklep.centrum-doskonalenia.pl\/index.php\/shop\/"},{"@type":"ListItem","position":3,"name":"Kurs Inspektor ds. RODO"}]},{"@type":"WebSite","@id":"https:\/\/sklep.centrum-doskonalenia.pl\/#website","url":"https:\/\/sklep.centrum-doskonalenia.pl\/","name":"Centrum Doskonalenia Zarz\u0105dzania Meritum","description":"","publisher":{"@id":"https:\/\/sklep.centrum-doskonalenia.pl\/#organization"},"potentialAction":[{"@type":"SearchAction","target":{"@type":"EntryPoint","urlTemplate":"https:\/\/sklep.centrum-doskonalenia.pl\/?s={search_term_string}"},"query-input":{"@type":"PropertyValueSpecification","valueRequired":true,"valueName":"search_term_string"}}],"inLanguage":"pl-PL"},{"@type":"Organization","@id":"https:\/\/sklep.centrum-doskonalenia.pl\/#organization","name":"Centrum Doskonalenia Zarz\u0105dzania Meritum","url":"https:\/\/sklep.centrum-doskonalenia.pl\/","logo":{"@type":"ImageObject","inLanguage":"pl-PL","@id":"https:\/\/sklep.centrum-doskonalenia.pl\/#\/schema\/logo\/image\/","url":"https:\/\/sklep.centrum-doskonalenia.pl\/wp-content\/uploads\/2023\/10\/logo-czarne-bez-tla.png","contentUrl":"https:\/\/sklep.centrum-doskonalenia.pl\/wp-content\/uploads\/2023\/10\/logo-czarne-bez-tla.png","width":2089,"height":712,"caption":"Centrum Doskonalenia Zarz\u0105dzania Meritum"},"image":{"@id":"https:\/\/sklep.centrum-doskonalenia.pl\/#\/schema\/logo\/image\/"}}]}},"_links":{"self":[{"href":"https:\/\/sklep.centrum-doskonalenia.pl\/index.php\/wp-json\/wp\/v2\/product\/1226","targetHints":{"allow":["GET"]}}],"collection":[{"href":"https:\/\/sklep.centrum-doskonalenia.pl\/index.php\/wp-json\/wp\/v2\/product"}],"about":[{"href":"https:\/\/sklep.centrum-doskonalenia.pl\/index.php\/wp-json\/wp\/v2\/types\/product"}],"wp:featuredmedia":[{"embeddable":true,"href":"https:\/\/sklep.centrum-doskonalenia.pl\/index.php\/wp-json\/wp\/v2\/media\/44682"}],"wp:attachment":[{"href":"https:\/\/sklep.centrum-doskonalenia.pl\/index.php\/wp-json\/wp\/v2\/media?parent=1226"}],"wp:term":[{"taxonomy":"product_brand","embeddable":true,"href":"https:\/\/sklep.centrum-doskonalenia.pl\/index.php\/wp-json\/wp\/v2\/product_brand?post=1226"},{"taxonomy":"product_cat","embeddable":true,"href":"https:\/\/sklep.centrum-doskonalenia.pl\/index.php\/wp-json\/wp\/v2\/product_cat?post=1226"},{"taxonomy":"product_tag","embeddable":true,"href":"https:\/\/sklep.centrum-doskonalenia.pl\/index.php\/wp-json\/wp\/v2\/product_tag?post=1226"}],"curies":[{"name":"wp","href":"https:\/\/api.w.org\/{rel}","templated":true}]}}