{"id":1212,"date":"2023-10-17T16:36:16","date_gmt":"2023-10-17T14:36:16","guid":{"rendered":"https:\/\/sklep.centrum-doskonalenia.pl\/?post_type=product&#038;p=1212"},"modified":"2025-10-02T09:38:16","modified_gmt":"2025-10-02T07:38:16","slug":"audytor-wewnetrzny-pn-iso-iec-27001-2022-2023","status":"publish","type":"product","link":"https:\/\/sklep.centrum-doskonalenia.pl\/index.php\/produkt\/audytor-wewnetrzny-pn-iso-iec-27001-2022-2023\/","title":{"rendered":"Kurs Audytor Wewn\u0119trzny ISO\/IEC 27001:2022 (2023)"},"content":{"rendered":"<div class=\"product-description-container\">\n<div class=\"product-details\">\n<div class=\"product-info\">\n<p style=\"margin-top: 40px; margin-bottom: 20px;\">Je\u017celi otrzymali\u015bcie Pa\u0144stwo propozycj\u0119 bycia Audytorem wewn\u0119trznych Systemu Zarz\u0105dzania Bezpiecze\u0144stwem Informacji i nie wiecie jeszcze jakie czekaj\u0105 Was wyzwania to zapraszamy do zapoznania si\u0119 z naszym szkoleniem. Zawiera ono szczeg\u00f3\u0142owe om\u00f3wienie wszystkich zada\u0144 zwi\u0105zanych z przygotowaniem si\u0119 i przeprowadzeniem audytu wewn\u0119trznego ISO\/IEC 27001.<\/p>\n<p style=\"margin-top: 40px; margin-bottom: 0px;\">Dostajecie Pa\u0144stwo 365 dni dost\u0119pu, w dowolnym miejscu i czasie mo\u017cecie si\u0119ga\u0107 po udost\u0119pniony materia\u0142. Otrzymujecie kompletny przewodnik niezb\u0119dny w pracy audytora wewn\u0119trznego.<\/p>\n<p>&nbsp;<\/p>\n<\/div>\n<p><!-- Dodano zamkni\u0119cie div --><\/p>\n<\/div>\n<div class=\"product-additional-info\">\n<h5 style=\"margin-top: 0px; margin-bottom: 20px; font-weight: bold; color: #1d7b88;\">Przekazujemy Pa\u0144stwu 365-dniowy dost\u0119p do 10-godzinnego materia\u0142u szkoleniowego, omawiaj\u0105cego zadania audytora wewn\u0119trznego, kt\u00f3ry obejmuje:<\/h5>\n<ul style=\"padding-left: 20px; list-style-type: none;\">\n<li style=\"list-style-type: none;\">\n<ul style=\"padding-left: 20px; list-style-type: none;\">\n<li style=\"list-style-type: none;\">\n<ul style=\"padding-left: 20px; list-style-type: none;\"><!-- Usuni\u0119to kropki --><\/p>\n<li style=\"margin-bottom: 10px;\"><span style=\"color: #1d7b88; font-weight: bold;\">\u2714<\/span> wyja\u015bnienie co to jest audyt, dlaczego audytujemy i jakie s\u0105 rodzaje audyt\u00f3w,<\/li>\n<li style=\"margin-bottom: 10px;\"><span style=\"color: #1d7b88; font-weight: bold;\">\u2714<\/span> wymagania stawiane audytorom wewn\u0119trznym,<\/li>\n<li style=\"margin-bottom: 10px;\"><span style=\"color: #1d7b88; font-weight: bold;\">\u2714<\/span> szczeg\u00f3\u0142owe om\u00f3wienie procedury audyt\u00f3w wewn\u0119trznych,<\/li>\n<li style=\"margin-bottom: 10px;\"><span style=\"color: #1d7b88; font-weight: bold;\">\u2714<\/span> zasady planowania i przygotowania si\u0119 do audytu, w tym jak uk\u0142ada\u0107 pytania i komunikowa\u0107 si\u0119 z audytowanym,<\/li>\n<li style=\"margin-bottom: 10px;\"><span style=\"color: #1d7b88; font-weight: bold;\">\u2714<\/span> om\u00f3wienie jakie s\u0105 techniki audytowania i jak zapisywa\u0107 ustalenia z audytu,<\/li>\n<\/ul>\n<\/li>\n<\/ul>\n<\/li>\n<\/ul>\n<h5 style=\"margin-top: 40px; margin-bottom: 20px; font-weight: bold; color: #1d7b88; text-align: left;\">Ponadto szkolenie zawiera:<\/h5>\n<ul style=\"padding-left: 20px; list-style-type: none;\">\n<li style=\"list-style-type: none;\">\n<ul style=\"padding-left: 20px; list-style-type: none;\">\n<li style=\"list-style-type: none;\">\n<ul style=\"padding-left: 20px; list-style-type: none;\"><!-- Usuni\u0119to kropki --><\/p>\n<li style=\"margin-bottom: 10px;\"><span style=\"color: #1d7b88; font-weight: bold;\">\u2714<\/span> om\u00f3wienie wymaga\u0144 normy,<\/li>\n<li style=\"margin-bottom: 10px;\"><span style=\"color: #1d7b88; font-weight: bold;\">\u2714<\/span> szczeg\u00f3\u0142owe om\u00f3wienie stosowanych zabezpiecze\u0144 z Za\u0142\u0105cznika A,<\/li>\n<\/ul>\n<\/li>\n<\/ul>\n<\/li>\n<\/ul>\n<p style=\"margin-top: 40px; margin-bottom: 20px;\">Szkolenie zawiera liczne scenki prezentuj\u0105ce dyskusje szkoleniowe \u201ez \u017cycia wzi\u0119te\u201d, w spos\u00f3b praktyczny wyja\u015bniaj\u0105cy omawiane wymagania.<\/p>\n<p style=\"margin-top: 40px; margin-bottom: 20px;\">Po uko\u0144czeniu szkolenia i zdaniu egzaminu otrzymujecie Pa\u0144stwo<strong> certyfikat Audytora Wewn\u0119trznego Systemu Zarz\u0105dzania Bezpiecze\u0144stwem Informacji ISO\/IEC 27001:2022<\/strong>, potwierdzaj\u0105cy nabyte kwalifikacje, uprawniaj\u0105cy do przeprowadzania audyt\u00f3w wewn\u0119trznych.<\/p>\n<h5 style=\"margin-top: 40px; margin-bottom: 20px; font-weight: bold; color: #1d7b88; text-align: left;\">Proponujemy r\u00f3wnie\u017c szkolenie dla audytor\u00f3w wewn\u0119trznych ISO 27001:2022 w formie poradnika. Jest to idealne rozwi\u0105zanie dla os\u00f3b preferuj\u0105cych przyswajanie wiedzy poprzez czytanie e-booka: <a href=\"https:\/\/sklep.centrum-doskonalenia.pl\/index.php\/produkt\/audytor-wewnetrzny-iso-9001-2015certyfikat-szkolenie-w-postaci-poradnika\/\" target=\"_blank\" rel=\"noopener\">Kliknij, aby zobaczy\u0107 ofert\u0119<\/a>.<\/h5>\n<\/div>\n<\/div>\n","protected":false},"excerpt":{"rendered":"<p>Je\u017celi otrzymali\u015bcie Pa\u0144stwo propozycj\u0119 bycia Audytorem wewn\u0119trznych Systemu Zarz\u0105dzania Bezpiecze\u0144stwem Informacji i nie wiecie jeszcze jakie czekaj\u0105 Was wyzwania to zapraszamy do zapoznania si\u0119 z naszym szkoleniem. Zawiera ono szczeg\u00f3\u0142owe om\u00f3wienie wszystkich zada\u0144 zwi\u0105zanych z przygotowaniem si\u0119 i przeprowadzeniem audytu wewn\u0119trznego ISO\/IEC 27001. Dostajecie Pa\u0144stwo 365 dni dost\u0119pu, w dowolnym miejscu i czasie mo\u017cecie si\u0119ga\u0107 [&hellip;]<\/p>\n","protected":false},"featured_media":44682,"template":"","meta":{"site-sidebar-layout":"default","site-content-layout":"","ast-site-content-layout":"default","site-content-style":"default","site-sidebar-style":"default","ast-global-header-display":"","ast-banner-title-visibility":"","ast-main-header-display":"","ast-hfb-above-header-display":"","ast-hfb-below-header-display":"","ast-hfb-mobile-header-display":"","site-post-title":"","ast-breadcrumbs-content":"","ast-featured-img":"","footer-sml-layout":"","ast-disable-related-posts":"","theme-transparent-header-meta":"default","adv-header-id-meta":"","stick-header-meta":"","header-above-stick-meta":"","header-main-stick-meta":"","header-below-stick-meta":"","astra-migrate-meta-layouts":"set","ast-page-background-enabled":"default","ast-page-background-meta":{"desktop":{"background-color":"","background-image":"","background-repeat":"repeat","background-position":"center center","background-size":"auto","background-attachment":"scroll","background-type":"","background-media":"","overlay-type":"","overlay-color":"","overlay-opacity":"","overlay-gradient":""},"tablet":{"background-color":"","background-image":"","background-repeat":"repeat","background-position":"center center","background-size":"auto","background-attachment":"scroll","background-type":"","background-media":"","overlay-type":"","overlay-color":"","overlay-opacity":"","overlay-gradient":""},"mobile":{"background-color":"","background-image":"","background-repeat":"repeat","background-position":"center center","background-size":"auto","background-attachment":"scroll","background-type":"","background-media":"","overlay-type":"","overlay-color":"","overlay-opacity":"","overlay-gradient":""}},"ast-content-background-meta":{"desktop":{"background-color":"var(--ast-global-color-5)","background-image":"","background-repeat":"repeat","background-position":"center center","background-size":"auto","background-attachment":"scroll","background-type":"","background-media":"","overlay-type":"","overlay-color":"","overlay-opacity":"","overlay-gradient":""},"tablet":{"background-color":"var(--ast-global-color-5)","background-image":"","background-repeat":"repeat","background-position":"center center","background-size":"auto","background-attachment":"scroll","background-type":"","background-media":"","overlay-type":"","overlay-color":"","overlay-opacity":"","overlay-gradient":""},"mobile":{"background-color":"var(--ast-global-color-5)","background-image":"","background-repeat":"repeat","background-position":"center center","background-size":"auto","background-attachment":"scroll","background-type":"","background-media":"","overlay-type":"","overlay-color":"","overlay-opacity":"","overlay-gradient":""}}},"product_brand":[],"product_cat":[34,33],"product_tag":[],"class_list":{"0":"post-1212","1":"product","2":"type-product","3":"status-publish","4":"has-post-thumbnail","6":"product_cat-iso-27001","7":"product_cat-kurs-audytor-wewnetrzny-i-pelnomocnik-iso","8":"desktop-align-left","9":"tablet-align-left","10":"mobile-align-left","12":"first","13":"instock","14":"taxable","15":"shipping-taxable","16":"purchasable","17":"product-type-simple"},"aioseo_notices":[],"yoast_head":"<!-- This site is optimized with the Yoast SEO plugin v27.4 - https:\/\/yoast.com\/product\/yoast-seo-wordpress\/ -->\n<title>Kurs Audytor Wewn\u0119trzny ISO\/IEC 27001:2022 (2023) - Centrum Doskonalenia Zarz\u0105dzania Meritum<\/title>\n<meta name=\"robots\" content=\"index, follow, max-snippet:-1, max-image-preview:large, max-video-preview:-1\" \/>\n<link rel=\"canonical\" href=\"https:\/\/sklep.centrum-doskonalenia.pl\/index.php\/produkt\/audytor-wewnetrzny-pn-iso-iec-27001-2022-2023\/\" \/>\n<meta property=\"og:locale\" content=\"pl_PL\" \/>\n<meta property=\"og:type\" content=\"article\" \/>\n<meta property=\"og:title\" content=\"Kurs Audytor Wewn\u0119trzny ISO\/IEC 27001:2022 (2023) - Centrum Doskonalenia Zarz\u0105dzania Meritum\" \/>\n<meta property=\"og:description\" content=\"Je\u017celi otrzymali\u015bcie Pa\u0144stwo propozycj\u0119 bycia Audytorem wewn\u0119trznych Systemu Zarz\u0105dzania Bezpiecze\u0144stwem Informacji i nie wiecie jeszcze jakie czekaj\u0105 Was wyzwania to zapraszamy do zapoznania si\u0119 z naszym szkoleniem. Zawiera ono szczeg\u00f3\u0142owe om\u00f3wienie wszystkich zada\u0144 zwi\u0105zanych z przygotowaniem si\u0119 i przeprowadzeniem audytu wewn\u0119trznego ISO\/IEC 27001. Dostajecie Pa\u0144stwo 365 dni dost\u0119pu, w dowolnym miejscu i czasie mo\u017cecie si\u0119ga\u0107 [&hellip;]\" \/>\n<meta property=\"og:url\" content=\"https:\/\/sklep.centrum-doskonalenia.pl\/index.php\/produkt\/audytor-wewnetrzny-pn-iso-iec-27001-2022-2023\/\" \/>\n<meta property=\"og:site_name\" content=\"Centrum Doskonalenia Zarz\u0105dzania Meritum\" \/>\n<meta property=\"article:modified_time\" content=\"2025-10-02T07:38:16+00:00\" \/>\n<meta property=\"og:image\" content=\"https:\/\/sklep.centrum-doskonalenia.pl\/wp-content\/uploads\/2025\/09\/test.png\" \/>\n\t<meta property=\"og:image:width\" content=\"1126\" \/>\n\t<meta property=\"og:image:height\" content=\"741\" \/>\n\t<meta property=\"og:image:type\" content=\"image\/png\" \/>\n<meta name=\"twitter:card\" content=\"summary_large_image\" \/>\n<meta name=\"twitter:label1\" content=\"Szacowany czas czytania\" \/>\n\t<meta name=\"twitter:data1\" content=\"2 minuty\" \/>\n<script type=\"application\/ld+json\" class=\"yoast-schema-graph\">{\"@context\":\"https:\\\/\\\/schema.org\",\"@graph\":[{\"@type\":\"WebPage\",\"@id\":\"https:\\\/\\\/sklep.centrum-doskonalenia.pl\\\/index.php\\\/produkt\\\/audytor-wewnetrzny-pn-iso-iec-27001-2022-2023\\\/\",\"url\":\"https:\\\/\\\/sklep.centrum-doskonalenia.pl\\\/index.php\\\/produkt\\\/audytor-wewnetrzny-pn-iso-iec-27001-2022-2023\\\/\",\"name\":\"Kurs Audytor Wewn\u0119trzny ISO\\\/IEC 27001:2022 (2023) - Centrum Doskonalenia Zarz\u0105dzania Meritum\",\"isPartOf\":{\"@id\":\"https:\\\/\\\/sklep.centrum-doskonalenia.pl\\\/#website\"},\"primaryImageOfPage\":{\"@id\":\"https:\\\/\\\/sklep.centrum-doskonalenia.pl\\\/index.php\\\/produkt\\\/audytor-wewnetrzny-pn-iso-iec-27001-2022-2023\\\/#primaryimage\"},\"image\":{\"@id\":\"https:\\\/\\\/sklep.centrum-doskonalenia.pl\\\/index.php\\\/produkt\\\/audytor-wewnetrzny-pn-iso-iec-27001-2022-2023\\\/#primaryimage\"},\"thumbnailUrl\":\"https:\\\/\\\/sklep.centrum-doskonalenia.pl\\\/wp-content\\\/uploads\\\/2025\\\/09\\\/test.png\",\"datePublished\":\"2023-10-17T14:36:16+00:00\",\"dateModified\":\"2025-10-02T07:38:16+00:00\",\"breadcrumb\":{\"@id\":\"https:\\\/\\\/sklep.centrum-doskonalenia.pl\\\/index.php\\\/produkt\\\/audytor-wewnetrzny-pn-iso-iec-27001-2022-2023\\\/#breadcrumb\"},\"inLanguage\":\"pl-PL\",\"potentialAction\":[{\"@type\":\"ReadAction\",\"target\":[\"https:\\\/\\\/sklep.centrum-doskonalenia.pl\\\/index.php\\\/produkt\\\/audytor-wewnetrzny-pn-iso-iec-27001-2022-2023\\\/\"]}]},{\"@type\":\"ImageObject\",\"inLanguage\":\"pl-PL\",\"@id\":\"https:\\\/\\\/sklep.centrum-doskonalenia.pl\\\/index.php\\\/produkt\\\/audytor-wewnetrzny-pn-iso-iec-27001-2022-2023\\\/#primaryimage\",\"url\":\"https:\\\/\\\/sklep.centrum-doskonalenia.pl\\\/wp-content\\\/uploads\\\/2025\\\/09\\\/test.png\",\"contentUrl\":\"https:\\\/\\\/sklep.centrum-doskonalenia.pl\\\/wp-content\\\/uploads\\\/2025\\\/09\\\/test.png\",\"width\":1126,\"height\":741},{\"@type\":\"BreadcrumbList\",\"@id\":\"https:\\\/\\\/sklep.centrum-doskonalenia.pl\\\/index.php\\\/produkt\\\/audytor-wewnetrzny-pn-iso-iec-27001-2022-2023\\\/#breadcrumb\",\"itemListElement\":[{\"@type\":\"ListItem\",\"position\":1,\"name\":\"Strona g\u0142\u00f3wna\",\"item\":\"https:\\\/\\\/sklep.centrum-doskonalenia.pl\\\/\"},{\"@type\":\"ListItem\",\"position\":2,\"name\":\"Produkty\",\"item\":\"https:\\\/\\\/sklep.centrum-doskonalenia.pl\\\/index.php\\\/shop\\\/\"},{\"@type\":\"ListItem\",\"position\":3,\"name\":\"Kurs Audytor Wewn\u0119trzny ISO\\\/IEC 27001:2022 (2023)\"}]},{\"@type\":\"WebSite\",\"@id\":\"https:\\\/\\\/sklep.centrum-doskonalenia.pl\\\/#website\",\"url\":\"https:\\\/\\\/sklep.centrum-doskonalenia.pl\\\/\",\"name\":\"Centrum Doskonalenia Zarz\u0105dzania Meritum\",\"description\":\"\",\"publisher\":{\"@id\":\"https:\\\/\\\/sklep.centrum-doskonalenia.pl\\\/#organization\"},\"potentialAction\":[{\"@type\":\"SearchAction\",\"target\":{\"@type\":\"EntryPoint\",\"urlTemplate\":\"https:\\\/\\\/sklep.centrum-doskonalenia.pl\\\/?s={search_term_string}\"},\"query-input\":{\"@type\":\"PropertyValueSpecification\",\"valueRequired\":true,\"valueName\":\"search_term_string\"}}],\"inLanguage\":\"pl-PL\"},{\"@type\":\"Organization\",\"@id\":\"https:\\\/\\\/sklep.centrum-doskonalenia.pl\\\/#organization\",\"name\":\"Centrum Doskonalenia Zarz\u0105dzania Meritum\",\"url\":\"https:\\\/\\\/sklep.centrum-doskonalenia.pl\\\/\",\"logo\":{\"@type\":\"ImageObject\",\"inLanguage\":\"pl-PL\",\"@id\":\"https:\\\/\\\/sklep.centrum-doskonalenia.pl\\\/#\\\/schema\\\/logo\\\/image\\\/\",\"url\":\"https:\\\/\\\/sklep.centrum-doskonalenia.pl\\\/wp-content\\\/uploads\\\/2023\\\/10\\\/logo-czarne-bez-tla.png\",\"contentUrl\":\"https:\\\/\\\/sklep.centrum-doskonalenia.pl\\\/wp-content\\\/uploads\\\/2023\\\/10\\\/logo-czarne-bez-tla.png\",\"width\":2089,\"height\":712,\"caption\":\"Centrum Doskonalenia Zarz\u0105dzania Meritum\"},\"image\":{\"@id\":\"https:\\\/\\\/sklep.centrum-doskonalenia.pl\\\/#\\\/schema\\\/logo\\\/image\\\/\"}}]}<\/script>\n<!-- \/ Yoast SEO plugin. -->","yoast_head_json":{"title":"Kurs Audytor Wewn\u0119trzny ISO\/IEC 27001:2022 (2023) - Centrum Doskonalenia Zarz\u0105dzania Meritum","robots":{"index":"index","follow":"follow","max-snippet":"max-snippet:-1","max-image-preview":"max-image-preview:large","max-video-preview":"max-video-preview:-1"},"canonical":"https:\/\/sklep.centrum-doskonalenia.pl\/index.php\/produkt\/audytor-wewnetrzny-pn-iso-iec-27001-2022-2023\/","og_locale":"pl_PL","og_type":"article","og_title":"Kurs Audytor Wewn\u0119trzny ISO\/IEC 27001:2022 (2023) - Centrum Doskonalenia Zarz\u0105dzania Meritum","og_description":"Je\u017celi otrzymali\u015bcie Pa\u0144stwo propozycj\u0119 bycia Audytorem wewn\u0119trznych Systemu Zarz\u0105dzania Bezpiecze\u0144stwem Informacji i nie wiecie jeszcze jakie czekaj\u0105 Was wyzwania to zapraszamy do zapoznania si\u0119 z naszym szkoleniem. Zawiera ono szczeg\u00f3\u0142owe om\u00f3wienie wszystkich zada\u0144 zwi\u0105zanych z przygotowaniem si\u0119 i przeprowadzeniem audytu wewn\u0119trznego ISO\/IEC 27001. Dostajecie Pa\u0144stwo 365 dni dost\u0119pu, w dowolnym miejscu i czasie mo\u017cecie si\u0119ga\u0107 [&hellip;]","og_url":"https:\/\/sklep.centrum-doskonalenia.pl\/index.php\/produkt\/audytor-wewnetrzny-pn-iso-iec-27001-2022-2023\/","og_site_name":"Centrum Doskonalenia Zarz\u0105dzania Meritum","article_modified_time":"2025-10-02T07:38:16+00:00","og_image":[{"width":1126,"height":741,"url":"https:\/\/sklep.centrum-doskonalenia.pl\/wp-content\/uploads\/2025\/09\/test.png","type":"image\/png"}],"twitter_card":"summary_large_image","twitter_misc":{"Szacowany czas czytania":"2 minuty"},"schema":{"@context":"https:\/\/schema.org","@graph":[{"@type":"WebPage","@id":"https:\/\/sklep.centrum-doskonalenia.pl\/index.php\/produkt\/audytor-wewnetrzny-pn-iso-iec-27001-2022-2023\/","url":"https:\/\/sklep.centrum-doskonalenia.pl\/index.php\/produkt\/audytor-wewnetrzny-pn-iso-iec-27001-2022-2023\/","name":"Kurs Audytor Wewn\u0119trzny ISO\/IEC 27001:2022 (2023) - Centrum Doskonalenia Zarz\u0105dzania Meritum","isPartOf":{"@id":"https:\/\/sklep.centrum-doskonalenia.pl\/#website"},"primaryImageOfPage":{"@id":"https:\/\/sklep.centrum-doskonalenia.pl\/index.php\/produkt\/audytor-wewnetrzny-pn-iso-iec-27001-2022-2023\/#primaryimage"},"image":{"@id":"https:\/\/sklep.centrum-doskonalenia.pl\/index.php\/produkt\/audytor-wewnetrzny-pn-iso-iec-27001-2022-2023\/#primaryimage"},"thumbnailUrl":"https:\/\/sklep.centrum-doskonalenia.pl\/wp-content\/uploads\/2025\/09\/test.png","datePublished":"2023-10-17T14:36:16+00:00","dateModified":"2025-10-02T07:38:16+00:00","breadcrumb":{"@id":"https:\/\/sklep.centrum-doskonalenia.pl\/index.php\/produkt\/audytor-wewnetrzny-pn-iso-iec-27001-2022-2023\/#breadcrumb"},"inLanguage":"pl-PL","potentialAction":[{"@type":"ReadAction","target":["https:\/\/sklep.centrum-doskonalenia.pl\/index.php\/produkt\/audytor-wewnetrzny-pn-iso-iec-27001-2022-2023\/"]}]},{"@type":"ImageObject","inLanguage":"pl-PL","@id":"https:\/\/sklep.centrum-doskonalenia.pl\/index.php\/produkt\/audytor-wewnetrzny-pn-iso-iec-27001-2022-2023\/#primaryimage","url":"https:\/\/sklep.centrum-doskonalenia.pl\/wp-content\/uploads\/2025\/09\/test.png","contentUrl":"https:\/\/sklep.centrum-doskonalenia.pl\/wp-content\/uploads\/2025\/09\/test.png","width":1126,"height":741},{"@type":"BreadcrumbList","@id":"https:\/\/sklep.centrum-doskonalenia.pl\/index.php\/produkt\/audytor-wewnetrzny-pn-iso-iec-27001-2022-2023\/#breadcrumb","itemListElement":[{"@type":"ListItem","position":1,"name":"Strona g\u0142\u00f3wna","item":"https:\/\/sklep.centrum-doskonalenia.pl\/"},{"@type":"ListItem","position":2,"name":"Produkty","item":"https:\/\/sklep.centrum-doskonalenia.pl\/index.php\/shop\/"},{"@type":"ListItem","position":3,"name":"Kurs Audytor Wewn\u0119trzny ISO\/IEC 27001:2022 (2023)"}]},{"@type":"WebSite","@id":"https:\/\/sklep.centrum-doskonalenia.pl\/#website","url":"https:\/\/sklep.centrum-doskonalenia.pl\/","name":"Centrum Doskonalenia Zarz\u0105dzania Meritum","description":"","publisher":{"@id":"https:\/\/sklep.centrum-doskonalenia.pl\/#organization"},"potentialAction":[{"@type":"SearchAction","target":{"@type":"EntryPoint","urlTemplate":"https:\/\/sklep.centrum-doskonalenia.pl\/?s={search_term_string}"},"query-input":{"@type":"PropertyValueSpecification","valueRequired":true,"valueName":"search_term_string"}}],"inLanguage":"pl-PL"},{"@type":"Organization","@id":"https:\/\/sklep.centrum-doskonalenia.pl\/#organization","name":"Centrum Doskonalenia Zarz\u0105dzania Meritum","url":"https:\/\/sklep.centrum-doskonalenia.pl\/","logo":{"@type":"ImageObject","inLanguage":"pl-PL","@id":"https:\/\/sklep.centrum-doskonalenia.pl\/#\/schema\/logo\/image\/","url":"https:\/\/sklep.centrum-doskonalenia.pl\/wp-content\/uploads\/2023\/10\/logo-czarne-bez-tla.png","contentUrl":"https:\/\/sklep.centrum-doskonalenia.pl\/wp-content\/uploads\/2023\/10\/logo-czarne-bez-tla.png","width":2089,"height":712,"caption":"Centrum Doskonalenia Zarz\u0105dzania Meritum"},"image":{"@id":"https:\/\/sklep.centrum-doskonalenia.pl\/#\/schema\/logo\/image\/"}}]}},"_links":{"self":[{"href":"https:\/\/sklep.centrum-doskonalenia.pl\/index.php\/wp-json\/wp\/v2\/product\/1212","targetHints":{"allow":["GET"]}}],"collection":[{"href":"https:\/\/sklep.centrum-doskonalenia.pl\/index.php\/wp-json\/wp\/v2\/product"}],"about":[{"href":"https:\/\/sklep.centrum-doskonalenia.pl\/index.php\/wp-json\/wp\/v2\/types\/product"}],"wp:featuredmedia":[{"embeddable":true,"href":"https:\/\/sklep.centrum-doskonalenia.pl\/index.php\/wp-json\/wp\/v2\/media\/44682"}],"wp:attachment":[{"href":"https:\/\/sklep.centrum-doskonalenia.pl\/index.php\/wp-json\/wp\/v2\/media?parent=1212"}],"wp:term":[{"taxonomy":"product_brand","embeddable":true,"href":"https:\/\/sklep.centrum-doskonalenia.pl\/index.php\/wp-json\/wp\/v2\/product_brand?post=1212"},{"taxonomy":"product_cat","embeddable":true,"href":"https:\/\/sklep.centrum-doskonalenia.pl\/index.php\/wp-json\/wp\/v2\/product_cat?post=1212"},{"taxonomy":"product_tag","embeddable":true,"href":"https:\/\/sklep.centrum-doskonalenia.pl\/index.php\/wp-json\/wp\/v2\/product_tag?post=1212"}],"curies":[{"name":"wp","href":"https:\/\/api.w.org\/{rel}","templated":true}]}}