{"id":36074,"date":"2024-12-23T11:03:33","date_gmt":"2024-12-23T10:03:33","guid":{"rendered":"https:\/\/sklep.centrum-doskonalenia.pl\/?post_type=product&#038;p=36074"},"modified":"2025-10-02T11:18:51","modified_gmt":"2025-10-02T09:18:51","slug":"kurs-pelnomocnik-iso-28000-2022","status":"publish","type":"product","link":"http:\/\/sklep.centrum-doskonalenia.pl\/index.php\/produkt\/kurs-pelnomocnik-iso-28000-2022\/","title":{"rendered":"Kurs Pe\u0142nomocnik ISO 28000:2022"},"content":{"rendered":"<p><!-- Start of Product Description Template --><\/p>\n<div class=\"product-description-container\">\n<div class=\"product-details\">\n<div class=\"product-info\">\n<p style=\"margin-bottom: 20px;\">Szkolenie jest skierowane do os\u00f3b pragn\u0105cych zdoby\u0107 kwalifikacje Pe\u0142nomocnika ds. Systemu Zarz\u0105dzania Bezpiecze\u0144stwem \u0141a\u0144cucha Dostaw zgodnego z norm\u0105 ISO 28000. Nasz materia\u0142 szkoleniowy zosta\u0142 starannie przygotowany, aby maksymalnie wspiera\u0107 przysz\u0142ych pe\u0142nomocnik\u00f3w w przygotowaniu organizacji do certyfikacji i skutecznego zarz\u0105dzania systemem bezpiecze\u0144stwa \u0142a\u0144cucha dostaw.<\/p>\n<p style=\"margin-bottom: 20px;\">Je\u017celi otrzymali\u015bcie Pa\u0144stwo propozycj\u0119 pe\u0142nienia funkcji Pe\u0142nomocnika Systemu Zarz\u0105dzania Bezpiecze\u0144stwem \u0141a\u0144cucha Dostaw i zastanawiacie si\u0119, jakie wyzwania przed Wami stoj\u0105, to to szkolenie jest idealne dla Pa\u0144stwa. Zawiera ono szczeg\u00f3\u0142owe om\u00f3wienie wszystkich wymaga\u0144 i zada\u0144 zwi\u0105zanych z wdro\u017ceniem oraz nadzorowaniem systemu ISO 28000.<\/p>\n<p style=\"margin-bottom: 20px;\">Szkolenie zapewnia <strong>365-dniowy<\/strong> dost\u0119p do materia\u0142\u00f3w, kt\u00f3re mo\u017cna przegl\u0105da\u0107 w dowolnym miejscu i czasie. Jest to kompletny przewodnik niezb\u0119dny w pracy pe\u0142nomocnika, zawieraj\u0105cy szczeg\u00f3\u0142owo opisane kroki i procedury zwi\u0105zane z wdro\u017ceniem, utrzymaniem i doskonaleniem systemu zarz\u0105dzania bezpiecze\u0144stwem \u0142a\u0144cucha dostaw.<\/p>\n<\/div>\n<\/div>\n<div class=\"product-additional-info\">\n<h5 style=\"margin-top: 40px; margin-bottom: 20px; font-weight: bold; color: #1d7b88;\">Program szkolenia obejmuje:<\/h5>\n<ul style=\"padding-left: 20px; list-style-type: none;\">\n<li style=\"margin-bottom: 10px;\"><span style=\"color: #1d7b88; font-weight: bold;\">\u2714<\/span> szczeg\u00f3\u0142owe om\u00f3wienie zada\u0144 pe\u0142nomocnika, od wdro\u017cenia po nadz\u00f3r nad systemem.<\/li>\n<li style=\"margin-bottom: 10px;\"><span style=\"color: #1d7b88; font-weight: bold;\">\u2714<\/span> prezentacj\u0119 i komentarze do kluczowych dokument\u00f3w stosowanych w systemie ISO 28000.<\/li>\n<li style=\"margin-bottom: 10px;\"><span style=\"color: #1d7b88; font-weight: bold;\">\u2714<\/span> om\u00f3wienie procesu audytu wewn\u0119trznego i roli audytor\u00f3w.<\/li>\n<li style=\"margin-bottom: 10px;\"><span style=\"color: #1d7b88; font-weight: bold;\">\u2714<\/span> dzia\u0142ania koryguj\u0105ce i ich skuteczne wdra\u017canie.<\/li>\n<li style=\"margin-bottom: 10px;\"><span style=\"color: #1d7b88; font-weight: bold;\">\u2714<\/span> przeprowadzenie i raportowanie przegl\u0105du zarz\u0105dzania systemem.<\/li>\n<li style=\"margin-bottom: 10px;\"><span style=\"color: #1d7b88; font-weight: bold;\">\u2714<\/span> praktyczne scenki i przyk\u0142ady sytuacji \u201ez \u017cycia wzi\u0119tych\u201d z zakresu zarz\u0105dzania bezpiecze\u0144stwem \u0142a\u0144cucha dostaw.<\/li>\n<li style=\"margin-bottom: 10px;\"><span style=\"color: #1d7b88; font-weight: bold;\">\u2714<\/span> proces certyfikacji systemu \u2013 praktyczne wskaz\u00f3wki, fazy audytu, raportowanie.<\/li>\n<li style=\"margin-bottom: 10px;\"><span style=\"color: #1d7b88; font-weight: bold;\">\u2714<\/span> om\u00f3wienie wymaga\u0144 normy ISO 28000.<\/li>\n<\/ul>\n<h5 style=\"margin-top: 40px; margin-bottom: 20px; font-weight: bold; color: #1d7b88;\">Materia\u0142 zawiera r\u00f3wnie\u017c przyk\u0142ady i om\u00f3wienie stosowanych dokument\u00f3w, takich jak:<\/h5>\n<ul style=\"padding-left: 20px; list-style-type: none;\">\n<li style=\"margin-bottom: 10px;\"><span style=\"color: #1d7b88; font-weight: bold;\">\u2714<\/span> Polityka Bezpiecze\u0144stwa \u0141a\u0144cucha Dostaw.<\/li>\n<li style=\"margin-bottom: 10px;\"><span style=\"color: #1d7b88; font-weight: bold;\">\u2714<\/span> decyzja o powo\u0142aniu pe\u0142nomocnika.<\/li>\n<li style=\"margin-bottom: 10px;\"><span style=\"color: #1d7b88; font-weight: bold;\">\u2714<\/span> procedura audyt\u00f3w wewn\u0119trznych.<\/li>\n<li style=\"margin-bottom: 10px;\"><span style=\"color: #1d7b88; font-weight: bold;\">\u2714<\/span> formularze stosowane do audytu wewn\u0119trznego i dzia\u0142a\u0144 koryguj\u0105cych.<\/li>\n<li style=\"margin-bottom: 10px;\"><span style=\"color: #1d7b88; font-weight: bold;\">\u2714<\/span> procedura nadzoru nad dokumentami.<\/li>\n<li style=\"margin-bottom: 10px;\"><span style=\"color: #1d7b88; font-weight: bold;\">\u2714<\/span> spis tre\u015bci Ksi\u0119gi Bezpiecze\u0144stwa \u0141a\u0144cucha Dostaw.<\/li>\n<li style=\"margin-bottom: 10px;\"><span style=\"color: #1d7b88; font-weight: bold;\">\u2714<\/span> raport z przegl\u0105du zarz\u0105dzania.<\/li>\n<\/ul>\n<\/div>\n<\/div>\n","protected":false},"excerpt":{"rendered":"<p>Szkolenie jest skierowane do os\u00f3b pragn\u0105cych zdoby\u0107 kwalifikacje Pe\u0142nomocnika ds. Systemu Zarz\u0105dzania Bezpiecze\u0144stwem \u0141a\u0144cucha Dostaw zgodnego z norm\u0105 ISO 28000. Nasz materia\u0142 szkoleniowy zosta\u0142 starannie przygotowany, aby maksymalnie wspiera\u0107 przysz\u0142ych pe\u0142nomocnik\u00f3w w przygotowaniu organizacji do certyfikacji i skutecznego zarz\u0105dzania systemem bezpiecze\u0144stwa \u0142a\u0144cucha dostaw. Je\u017celi otrzymali\u015bcie Pa\u0144stwo propozycj\u0119 pe\u0142nienia funkcji Pe\u0142nomocnika Systemu Zarz\u0105dzania Bezpiecze\u0144stwem \u0141a\u0144cucha Dostaw [&hellip;]<\/p>\n","protected":false},"featured_media":44682,"template":"","meta":{"site-sidebar-layout":"default","site-content-layout":"","ast-site-content-layout":"default","site-content-style":"default","site-sidebar-style":"default","ast-global-header-display":"","ast-banner-title-visibility":"","ast-main-header-display":"","ast-hfb-above-header-display":"","ast-hfb-below-header-display":"","ast-hfb-mobile-header-display":"","site-post-title":"","ast-breadcrumbs-content":"","ast-featured-img":"","footer-sml-layout":"","ast-disable-related-posts":"","theme-transparent-header-meta":"default","adv-header-id-meta":"","stick-header-meta":"","header-above-stick-meta":"","header-main-stick-meta":"","header-below-stick-meta":"","astra-migrate-meta-layouts":"set","ast-page-background-enabled":"default","ast-page-background-meta":{"desktop":{"background-color":"","background-image":"","background-repeat":"repeat","background-position":"center center","background-size":"auto","background-attachment":"scroll","background-type":"","background-media":"","overlay-type":"","overlay-color":"","overlay-opacity":"","overlay-gradient":""},"tablet":{"background-color":"","background-image":"","background-repeat":"repeat","background-position":"center center","background-size":"auto","background-attachment":"scroll","background-type":"","background-media":"","overlay-type":"","overlay-color":"","overlay-opacity":"","overlay-gradient":""},"mobile":{"background-color":"","background-image":"","background-repeat":"repeat","background-position":"center center","background-size":"auto","background-attachment":"scroll","background-type":"","background-media":"","overlay-type":"","overlay-color":"","overlay-opacity":"","overlay-gradient":""}},"ast-content-background-meta":{"desktop":{"background-color":"var(--ast-global-color-5)","background-image":"","background-repeat":"repeat","background-position":"center center","background-size":"auto","background-attachment":"scroll","background-type":"","background-media":"","overlay-type":"","overlay-color":"","overlay-opacity":"","overlay-gradient":""},"tablet":{"background-color":"var(--ast-global-color-5)","background-image":"","background-repeat":"repeat","background-position":"center center","background-size":"auto","background-attachment":"scroll","background-type":"","background-media":"","overlay-type":"","overlay-color":"","overlay-opacity":"","overlay-gradient":""},"mobile":{"background-color":"var(--ast-global-color-5)","background-image":"","background-repeat":"repeat","background-position":"center center","background-size":"auto","background-attachment":"scroll","background-type":"","background-media":"","overlay-type":"","overlay-color":"","overlay-opacity":"","overlay-gradient":""}}},"product_brand":[],"product_cat":[664,33],"product_tag":[],"class_list":{"0":"post-36074","1":"product","2":"type-product","3":"status-publish","4":"has-post-thumbnail","6":"product_cat-iso-28000","7":"product_cat-kurs-audytor-wewnetrzny-i-pelnomocnik-iso","8":"desktop-align-left","9":"tablet-align-left","10":"mobile-align-left","12":"first","13":"instock","14":"taxable","15":"shipping-taxable","16":"purchasable","17":"product-type-simple"},"aioseo_notices":[],"yoast_head":"<!-- This site is optimized with the Yoast SEO plugin v27.4 - https:\/\/yoast.com\/product\/yoast-seo-wordpress\/ -->\n<title>Kurs Pe\u0142nomocnik ISO 28000:2022 - Centrum Doskonalenia Zarz\u0105dzania Meritum<\/title>\n<meta name=\"robots\" content=\"index, follow, max-snippet:-1, max-image-preview:large, max-video-preview:-1\" \/>\n<link rel=\"canonical\" href=\"http:\/\/sklep.centrum-doskonalenia.pl\/index.php\/produkt\/kurs-pelnomocnik-iso-28000-2022\/\" \/>\n<meta property=\"og:locale\" content=\"pl_PL\" \/>\n<meta property=\"og:type\" content=\"article\" \/>\n<meta property=\"og:title\" content=\"Kurs Pe\u0142nomocnik ISO 28000:2022 - Centrum Doskonalenia Zarz\u0105dzania Meritum\" \/>\n<meta property=\"og:description\" content=\"Szkolenie jest skierowane do os\u00f3b pragn\u0105cych zdoby\u0107 kwalifikacje Pe\u0142nomocnika ds. Systemu Zarz\u0105dzania Bezpiecze\u0144stwem \u0141a\u0144cucha Dostaw zgodnego z norm\u0105 ISO 28000. Nasz materia\u0142 szkoleniowy zosta\u0142 starannie przygotowany, aby maksymalnie wspiera\u0107 przysz\u0142ych pe\u0142nomocnik\u00f3w w przygotowaniu organizacji do certyfikacji i skutecznego zarz\u0105dzania systemem bezpiecze\u0144stwa \u0142a\u0144cucha dostaw. Je\u017celi otrzymali\u015bcie Pa\u0144stwo propozycj\u0119 pe\u0142nienia funkcji Pe\u0142nomocnika Systemu Zarz\u0105dzania Bezpiecze\u0144stwem \u0141a\u0144cucha Dostaw [&hellip;]\" \/>\n<meta property=\"og:url\" content=\"http:\/\/sklep.centrum-doskonalenia.pl\/index.php\/produkt\/kurs-pelnomocnik-iso-28000-2022\/\" \/>\n<meta property=\"og:site_name\" content=\"Centrum Doskonalenia Zarz\u0105dzania Meritum\" \/>\n<meta property=\"article:modified_time\" content=\"2025-10-02T09:18:51+00:00\" \/>\n<meta property=\"og:image\" content=\"http:\/\/sklep.centrum-doskonalenia.pl\/wp-content\/uploads\/2025\/09\/test.png\" \/>\n\t<meta property=\"og:image:width\" content=\"1126\" \/>\n\t<meta property=\"og:image:height\" content=\"741\" \/>\n\t<meta property=\"og:image:type\" content=\"image\/png\" \/>\n<meta name=\"twitter:card\" content=\"summary_large_image\" \/>\n<meta name=\"twitter:label1\" content=\"Szacowany czas czytania\" \/>\n\t<meta name=\"twitter:data1\" content=\"2 minuty\" \/>\n<script type=\"application\/ld+json\" class=\"yoast-schema-graph\">{\"@context\":\"https:\\\/\\\/schema.org\",\"@graph\":[{\"@type\":\"WebPage\",\"@id\":\"http:\\\/\\\/sklep.centrum-doskonalenia.pl\\\/index.php\\\/produkt\\\/kurs-pelnomocnik-iso-28000-2022\\\/\",\"url\":\"http:\\\/\\\/sklep.centrum-doskonalenia.pl\\\/index.php\\\/produkt\\\/kurs-pelnomocnik-iso-28000-2022\\\/\",\"name\":\"Kurs Pe\u0142nomocnik ISO 28000:2022 - Centrum Doskonalenia Zarz\u0105dzania Meritum\",\"isPartOf\":{\"@id\":\"https:\\\/\\\/sklep.centrum-doskonalenia.pl\\\/#website\"},\"primaryImageOfPage\":{\"@id\":\"http:\\\/\\\/sklep.centrum-doskonalenia.pl\\\/index.php\\\/produkt\\\/kurs-pelnomocnik-iso-28000-2022\\\/#primaryimage\"},\"image\":{\"@id\":\"http:\\\/\\\/sklep.centrum-doskonalenia.pl\\\/index.php\\\/produkt\\\/kurs-pelnomocnik-iso-28000-2022\\\/#primaryimage\"},\"thumbnailUrl\":\"http:\\\/\\\/sklep.centrum-doskonalenia.pl\\\/wp-content\\\/uploads\\\/2025\\\/09\\\/test.png\",\"datePublished\":\"2024-12-23T10:03:33+00:00\",\"dateModified\":\"2025-10-02T09:18:51+00:00\",\"breadcrumb\":{\"@id\":\"http:\\\/\\\/sklep.centrum-doskonalenia.pl\\\/index.php\\\/produkt\\\/kurs-pelnomocnik-iso-28000-2022\\\/#breadcrumb\"},\"inLanguage\":\"pl-PL\",\"potentialAction\":[{\"@type\":\"ReadAction\",\"target\":[\"http:\\\/\\\/sklep.centrum-doskonalenia.pl\\\/index.php\\\/produkt\\\/kurs-pelnomocnik-iso-28000-2022\\\/\"]}]},{\"@type\":\"ImageObject\",\"inLanguage\":\"pl-PL\",\"@id\":\"http:\\\/\\\/sklep.centrum-doskonalenia.pl\\\/index.php\\\/produkt\\\/kurs-pelnomocnik-iso-28000-2022\\\/#primaryimage\",\"url\":\"http:\\\/\\\/sklep.centrum-doskonalenia.pl\\\/wp-content\\\/uploads\\\/2025\\\/09\\\/test.png\",\"contentUrl\":\"http:\\\/\\\/sklep.centrum-doskonalenia.pl\\\/wp-content\\\/uploads\\\/2025\\\/09\\\/test.png\",\"width\":1126,\"height\":741},{\"@type\":\"BreadcrumbList\",\"@id\":\"http:\\\/\\\/sklep.centrum-doskonalenia.pl\\\/index.php\\\/produkt\\\/kurs-pelnomocnik-iso-28000-2022\\\/#breadcrumb\",\"itemListElement\":[{\"@type\":\"ListItem\",\"position\":1,\"name\":\"Strona g\u0142\u00f3wna\",\"item\":\"https:\\\/\\\/sklep.centrum-doskonalenia.pl\\\/\"},{\"@type\":\"ListItem\",\"position\":2,\"name\":\"Produkty\",\"item\":\"https:\\\/\\\/sklep.centrum-doskonalenia.pl\\\/index.php\\\/shop\\\/\"},{\"@type\":\"ListItem\",\"position\":3,\"name\":\"Kurs Pe\u0142nomocnik ISO 28000:2022\"}]},{\"@type\":\"WebSite\",\"@id\":\"https:\\\/\\\/sklep.centrum-doskonalenia.pl\\\/#website\",\"url\":\"https:\\\/\\\/sklep.centrum-doskonalenia.pl\\\/\",\"name\":\"Centrum Doskonalenia Zarz\u0105dzania Meritum\",\"description\":\"\",\"publisher\":{\"@id\":\"https:\\\/\\\/sklep.centrum-doskonalenia.pl\\\/#organization\"},\"potentialAction\":[{\"@type\":\"SearchAction\",\"target\":{\"@type\":\"EntryPoint\",\"urlTemplate\":\"https:\\\/\\\/sklep.centrum-doskonalenia.pl\\\/?s={search_term_string}\"},\"query-input\":{\"@type\":\"PropertyValueSpecification\",\"valueRequired\":true,\"valueName\":\"search_term_string\"}}],\"inLanguage\":\"pl-PL\"},{\"@type\":\"Organization\",\"@id\":\"https:\\\/\\\/sklep.centrum-doskonalenia.pl\\\/#organization\",\"name\":\"Centrum Doskonalenia Zarz\u0105dzania Meritum\",\"url\":\"https:\\\/\\\/sklep.centrum-doskonalenia.pl\\\/\",\"logo\":{\"@type\":\"ImageObject\",\"inLanguage\":\"pl-PL\",\"@id\":\"https:\\\/\\\/sklep.centrum-doskonalenia.pl\\\/#\\\/schema\\\/logo\\\/image\\\/\",\"url\":\"http:\\\/\\\/sklep.centrum-doskonalenia.pl\\\/wp-content\\\/uploads\\\/2023\\\/10\\\/logo-czarne-bez-tla.png\",\"contentUrl\":\"http:\\\/\\\/sklep.centrum-doskonalenia.pl\\\/wp-content\\\/uploads\\\/2023\\\/10\\\/logo-czarne-bez-tla.png\",\"width\":2089,\"height\":712,\"caption\":\"Centrum Doskonalenia Zarz\u0105dzania Meritum\"},\"image\":{\"@id\":\"https:\\\/\\\/sklep.centrum-doskonalenia.pl\\\/#\\\/schema\\\/logo\\\/image\\\/\"}}]}<\/script>\n<!-- \/ Yoast SEO plugin. -->","yoast_head_json":{"title":"Kurs Pe\u0142nomocnik ISO 28000:2022 - Centrum Doskonalenia Zarz\u0105dzania Meritum","robots":{"index":"index","follow":"follow","max-snippet":"max-snippet:-1","max-image-preview":"max-image-preview:large","max-video-preview":"max-video-preview:-1"},"canonical":"http:\/\/sklep.centrum-doskonalenia.pl\/index.php\/produkt\/kurs-pelnomocnik-iso-28000-2022\/","og_locale":"pl_PL","og_type":"article","og_title":"Kurs Pe\u0142nomocnik ISO 28000:2022 - Centrum Doskonalenia Zarz\u0105dzania Meritum","og_description":"Szkolenie jest skierowane do os\u00f3b pragn\u0105cych zdoby\u0107 kwalifikacje Pe\u0142nomocnika ds. Systemu Zarz\u0105dzania Bezpiecze\u0144stwem \u0141a\u0144cucha Dostaw zgodnego z norm\u0105 ISO 28000. Nasz materia\u0142 szkoleniowy zosta\u0142 starannie przygotowany, aby maksymalnie wspiera\u0107 przysz\u0142ych pe\u0142nomocnik\u00f3w w przygotowaniu organizacji do certyfikacji i skutecznego zarz\u0105dzania systemem bezpiecze\u0144stwa \u0142a\u0144cucha dostaw. Je\u017celi otrzymali\u015bcie Pa\u0144stwo propozycj\u0119 pe\u0142nienia funkcji Pe\u0142nomocnika Systemu Zarz\u0105dzania Bezpiecze\u0144stwem \u0141a\u0144cucha Dostaw [&hellip;]","og_url":"http:\/\/sklep.centrum-doskonalenia.pl\/index.php\/produkt\/kurs-pelnomocnik-iso-28000-2022\/","og_site_name":"Centrum Doskonalenia Zarz\u0105dzania Meritum","article_modified_time":"2025-10-02T09:18:51+00:00","og_image":[{"width":1126,"height":741,"url":"http:\/\/sklep.centrum-doskonalenia.pl\/wp-content\/uploads\/2025\/09\/test.png","type":"image\/png"}],"twitter_card":"summary_large_image","twitter_misc":{"Szacowany czas czytania":"2 minuty"},"schema":{"@context":"https:\/\/schema.org","@graph":[{"@type":"WebPage","@id":"http:\/\/sklep.centrum-doskonalenia.pl\/index.php\/produkt\/kurs-pelnomocnik-iso-28000-2022\/","url":"http:\/\/sklep.centrum-doskonalenia.pl\/index.php\/produkt\/kurs-pelnomocnik-iso-28000-2022\/","name":"Kurs Pe\u0142nomocnik ISO 28000:2022 - Centrum Doskonalenia Zarz\u0105dzania Meritum","isPartOf":{"@id":"https:\/\/sklep.centrum-doskonalenia.pl\/#website"},"primaryImageOfPage":{"@id":"http:\/\/sklep.centrum-doskonalenia.pl\/index.php\/produkt\/kurs-pelnomocnik-iso-28000-2022\/#primaryimage"},"image":{"@id":"http:\/\/sklep.centrum-doskonalenia.pl\/index.php\/produkt\/kurs-pelnomocnik-iso-28000-2022\/#primaryimage"},"thumbnailUrl":"http:\/\/sklep.centrum-doskonalenia.pl\/wp-content\/uploads\/2025\/09\/test.png","datePublished":"2024-12-23T10:03:33+00:00","dateModified":"2025-10-02T09:18:51+00:00","breadcrumb":{"@id":"http:\/\/sklep.centrum-doskonalenia.pl\/index.php\/produkt\/kurs-pelnomocnik-iso-28000-2022\/#breadcrumb"},"inLanguage":"pl-PL","potentialAction":[{"@type":"ReadAction","target":["http:\/\/sklep.centrum-doskonalenia.pl\/index.php\/produkt\/kurs-pelnomocnik-iso-28000-2022\/"]}]},{"@type":"ImageObject","inLanguage":"pl-PL","@id":"http:\/\/sklep.centrum-doskonalenia.pl\/index.php\/produkt\/kurs-pelnomocnik-iso-28000-2022\/#primaryimage","url":"http:\/\/sklep.centrum-doskonalenia.pl\/wp-content\/uploads\/2025\/09\/test.png","contentUrl":"http:\/\/sklep.centrum-doskonalenia.pl\/wp-content\/uploads\/2025\/09\/test.png","width":1126,"height":741},{"@type":"BreadcrumbList","@id":"http:\/\/sklep.centrum-doskonalenia.pl\/index.php\/produkt\/kurs-pelnomocnik-iso-28000-2022\/#breadcrumb","itemListElement":[{"@type":"ListItem","position":1,"name":"Strona g\u0142\u00f3wna","item":"https:\/\/sklep.centrum-doskonalenia.pl\/"},{"@type":"ListItem","position":2,"name":"Produkty","item":"https:\/\/sklep.centrum-doskonalenia.pl\/index.php\/shop\/"},{"@type":"ListItem","position":3,"name":"Kurs Pe\u0142nomocnik ISO 28000:2022"}]},{"@type":"WebSite","@id":"https:\/\/sklep.centrum-doskonalenia.pl\/#website","url":"https:\/\/sklep.centrum-doskonalenia.pl\/","name":"Centrum Doskonalenia Zarz\u0105dzania Meritum","description":"","publisher":{"@id":"https:\/\/sklep.centrum-doskonalenia.pl\/#organization"},"potentialAction":[{"@type":"SearchAction","target":{"@type":"EntryPoint","urlTemplate":"https:\/\/sklep.centrum-doskonalenia.pl\/?s={search_term_string}"},"query-input":{"@type":"PropertyValueSpecification","valueRequired":true,"valueName":"search_term_string"}}],"inLanguage":"pl-PL"},{"@type":"Organization","@id":"https:\/\/sklep.centrum-doskonalenia.pl\/#organization","name":"Centrum Doskonalenia Zarz\u0105dzania Meritum","url":"https:\/\/sklep.centrum-doskonalenia.pl\/","logo":{"@type":"ImageObject","inLanguage":"pl-PL","@id":"https:\/\/sklep.centrum-doskonalenia.pl\/#\/schema\/logo\/image\/","url":"http:\/\/sklep.centrum-doskonalenia.pl\/wp-content\/uploads\/2023\/10\/logo-czarne-bez-tla.png","contentUrl":"http:\/\/sklep.centrum-doskonalenia.pl\/wp-content\/uploads\/2023\/10\/logo-czarne-bez-tla.png","width":2089,"height":712,"caption":"Centrum Doskonalenia Zarz\u0105dzania Meritum"},"image":{"@id":"https:\/\/sklep.centrum-doskonalenia.pl\/#\/schema\/logo\/image\/"}}]}},"_links":{"self":[{"href":"http:\/\/sklep.centrum-doskonalenia.pl\/index.php\/wp-json\/wp\/v2\/product\/36074","targetHints":{"allow":["GET"]}}],"collection":[{"href":"http:\/\/sklep.centrum-doskonalenia.pl\/index.php\/wp-json\/wp\/v2\/product"}],"about":[{"href":"http:\/\/sklep.centrum-doskonalenia.pl\/index.php\/wp-json\/wp\/v2\/types\/product"}],"wp:featuredmedia":[{"embeddable":true,"href":"http:\/\/sklep.centrum-doskonalenia.pl\/index.php\/wp-json\/wp\/v2\/media\/44682"}],"wp:attachment":[{"href":"http:\/\/sklep.centrum-doskonalenia.pl\/index.php\/wp-json\/wp\/v2\/media?parent=36074"}],"wp:term":[{"taxonomy":"product_brand","embeddable":true,"href":"http:\/\/sklep.centrum-doskonalenia.pl\/index.php\/wp-json\/wp\/v2\/product_brand?post=36074"},{"taxonomy":"product_cat","embeddable":true,"href":"http:\/\/sklep.centrum-doskonalenia.pl\/index.php\/wp-json\/wp\/v2\/product_cat?post=36074"},{"taxonomy":"product_tag","embeddable":true,"href":"http:\/\/sklep.centrum-doskonalenia.pl\/index.php\/wp-json\/wp\/v2\/product_tag?post=36074"}],"curies":[{"name":"wp","href":"https:\/\/api.w.org\/{rel}","templated":true}]}}