{"id":1230,"date":"2023-10-17T16:36:18","date_gmt":"2023-10-17T14:36:18","guid":{"rendered":"https:\/\/sklep.centrum-doskonalenia.pl\/?post_type=product&#038;p=1230"},"modified":"2025-06-27T09:34:14","modified_gmt":"2025-06-27T07:34:14","slug":"zmiany-w-normie-iso-270012022-i-270022022","status":"publish","type":"product","link":"http:\/\/sklep.centrum-doskonalenia.pl\/index.php\/produkt\/zmiany-w-normie-iso-270012022-i-270022022\/","title":{"rendered":"Kurs Zmiany w normie ISO 27001:2022 i 27002:2022"},"content":{"rendered":"<div data-canvas-width=\"409.888\">\n<p><span style=\"font-size: 16px;\">Ko\u0144c\u00f3wka 2022 roku zaowocowa\u0142a ukazaniem si\u0119 zmian w dw\u00f3ch standardach, kluczowych<\/span><\/p>\n<\/div>\n<div data-canvas-width=\"439.37600000000003\">\n<p>dla wdra\u017canych system\u00f3w zarz\u0105dzania bezpiecze\u0144stwem informacji.<\/p>\n<\/div>\n<div data-canvas-width=\"527.632\">ISO\/IEC 27001:2022 Bezpiecze\u0144stwo informacji, cyberbezpiecze\u0144stwo i ochrona<\/div>\n<div data-canvas-width=\"509.28000000000003\">\n<p>prywatno\u015bci \u2013 Systemy zarzadzania bezpiecze\u0144stwem informacji \u2013 Wymagania<\/p>\n<\/div>\n<div data-canvas-width=\"527.632\">ISO\/IEC 27002:2022 Bezpiecze\u0144stwo informacji, cyberbezpiecze\u0144stwo i ochrona<\/div>\n<div data-canvas-width=\"381.77600000000007\">\n<p>prywatno\u015bci \u2013 Informacje na temat kontroli bezpiecze\u0144stwa<\/p>\n<\/div>\n<p>&nbsp;<\/p>\n<p><strong>Dostajecie Pa\u0144stwo 30-dni dost\u0119pu<\/strong>, w dowolnym miejscu i czasie mo\u017cecie si\u0119ga\u0107 po udost\u0119pniony materia\u0142.<\/p>\n<div data-canvas-width=\"201.12000000000003\"><\/div>\n<div data-canvas-width=\"201.12000000000003\"><strong>Materia\u0142 szkoleniowy zawiera:<\/strong><\/div>\n<div data-canvas-width=\"385.504\">&#8211; por\u00f3wnanie wymaga\u0144 poprzedniego i \u201enowego\u201d standardu<\/div>\n<div data-canvas-width=\"233.00800000000004\">&#8211; om\u00f3wienie wprowadzonych zmian<\/div>\n<div data-canvas-width=\"315.34400000000005\">&#8211; szczeg\u00f3\u0142owe om\u00f3wienie zmian w Za\u0142\u0105czniku A<\/div>\n<div data-canvas-width=\"392.848\">&#8211; materia\u0142 opisowy oraz scenki szkoleniowe \u201ez \u017cycia wzi\u0119te\u201d.<\/div>\n<div data-canvas-width=\"585.328\"><\/div>\n<div data-canvas-width=\"585.328\">Szkolenie stworzone jest przez trener\u00f3w posiadaj\u0105cych wieloletni\u0105 praktyk\u0119 we wdra\u017caniu<\/div>\n<div data-canvas-width=\"549.3119999999999\">\n<p>system\u00f3w zarz\u0105dzania bezpiecze\u0144stwem informacji w organizacjach z r\u00f3\u017cnych bran\u017c.<\/p>\n<\/div>\n<p>&nbsp;<\/p>\n<p><b>Adresaci szkolenia:<\/b><\/p>\n<p>&#8211; Osoby zainteresowane poznaniem zmian wprowadzanych do standard\u00f3w<\/p>\n<p>&nbsp;<\/p>\n<p><b>Cele szkolenia:<\/b><\/p>\n<p>&#8211; Om\u00f3wienie zmian wprowadzonych w ISO\/IEC 27001:2022<br \/>\n&#8211; Om\u00f3wienie zmian wprowadzonych w ISO\/IEC 27002:2022<\/p>\n<p>&nbsp;<\/p>\n<p><b>Ramowy program szkolenia:<\/b><\/p>\n<p>&#8211; Architektura wysokiego poziomu.<br \/>\n&#8211; Struktura normy.<br \/>\n&#8211; Opis zmian w wymaganiach normy.<br \/>\n&#8211; Nowy za\u0142\u0105cznik A.<br \/>\n&#8211; Norma ISO\/IEC 27002:2022 \u2013 Nowe podej\u015bcie do zabezpiecze\u0144.<\/p>\n<p>&nbsp;<\/p>\n<p><b>Uczestnicy kursu otrzymuj\u0105:<\/b><\/p>\n<p>&#8211; Dost\u0119p do szkolenia e-learningowego.<br \/>\n&#8211; Za\u015bwiadczenia potwierdzaj\u0105ce udzia\u0142 w szkoleniu w formie PDF.<\/p>\n","protected":false},"excerpt":{"rendered":"<p>Ko\u0144c\u00f3wka 2022 roku zaowocowa\u0142a ukazaniem si\u0119 zmian w dw\u00f3ch standardach, kluczowych dla wdra\u017canych system\u00f3w zarz\u0105dzania bezpiecze\u0144stwem informacji. ISO\/IEC 27001:2022 Bezpiecze\u0144stwo informacji, cyberbezpiecze\u0144stwo i ochrona prywatno\u015bci \u2013 Systemy zarzadzania bezpiecze\u0144stwem informacji \u2013 Wymagania ISO\/IEC 27002:2022 Bezpiecze\u0144stwo informacji, cyberbezpiecze\u0144stwo i ochrona prywatno\u015bci \u2013 Informacje na temat kontroli bezpiecze\u0144stwa &nbsp; Dostajecie Pa\u0144stwo 30-dni dost\u0119pu, w dowolnym miejscu i [&hellip;]<\/p>\n","protected":false},"featured_media":1232,"template":"","meta":{"site-sidebar-layout":"default","site-content-layout":"","ast-site-content-layout":"default","site-content-style":"default","site-sidebar-style":"default","ast-global-header-display":"","ast-banner-title-visibility":"","ast-main-header-display":"","ast-hfb-above-header-display":"","ast-hfb-below-header-display":"","ast-hfb-mobile-header-display":"","site-post-title":"","ast-breadcrumbs-content":"","ast-featured-img":"","footer-sml-layout":"","ast-disable-related-posts":"","theme-transparent-header-meta":"default","adv-header-id-meta":"","stick-header-meta":"","header-above-stick-meta":"","header-main-stick-meta":"","header-below-stick-meta":"","astra-migrate-meta-layouts":"set","ast-page-background-enabled":"default","ast-page-background-meta":{"desktop":{"background-color":"","background-image":"","background-repeat":"repeat","background-position":"center center","background-size":"auto","background-attachment":"scroll","background-type":"","background-media":"","overlay-type":"","overlay-color":"","overlay-opacity":"","overlay-gradient":""},"tablet":{"background-color":"","background-image":"","background-repeat":"repeat","background-position":"center center","background-size":"auto","background-attachment":"scroll","background-type":"","background-media":"","overlay-type":"","overlay-color":"","overlay-opacity":"","overlay-gradient":""},"mobile":{"background-color":"","background-image":"","background-repeat":"repeat","background-position":"center center","background-size":"auto","background-attachment":"scroll","background-type":"","background-media":"","overlay-type":"","overlay-color":"","overlay-opacity":"","overlay-gradient":""}},"ast-content-background-meta":{"desktop":{"background-color":"var(--ast-global-color-5)","background-image":"","background-repeat":"repeat","background-position":"center center","background-size":"auto","background-attachment":"scroll","background-type":"","background-media":"","overlay-type":"","overlay-color":"","overlay-opacity":"","overlay-gradient":""},"tablet":{"background-color":"var(--ast-global-color-5)","background-image":"","background-repeat":"repeat","background-position":"center center","background-size":"auto","background-attachment":"scroll","background-type":"","background-media":"","overlay-type":"","overlay-color":"","overlay-opacity":"","overlay-gradient":""},"mobile":{"background-color":"var(--ast-global-color-5)","background-image":"","background-repeat":"repeat","background-position":"center center","background-size":"auto","background-attachment":"scroll","background-type":"","background-media":"","overlay-type":"","overlay-color":"","overlay-opacity":"","overlay-gradient":""}}},"product_brand":[],"product_cat":[18],"product_tag":[],"class_list":{"0":"post-1230","1":"product","2":"type-product","3":"status-publish","4":"has-post-thumbnail","6":"product_cat-bez-kategorii","7":"desktop-align-left","8":"tablet-align-left","9":"mobile-align-left","11":"first","12":"instock","13":"taxable","14":"shipping-taxable","15":"purchasable","16":"product-type-simple"},"aioseo_notices":[],"yoast_head":"<!-- This site is optimized with the Yoast SEO plugin v27.4 - https:\/\/yoast.com\/product\/yoast-seo-wordpress\/ -->\n<title>Kurs Zmiany w normie ISO 27001:2022 i 27002:2022 - Centrum Doskonalenia Zarz\u0105dzania Meritum<\/title>\n<meta name=\"robots\" content=\"index, follow, max-snippet:-1, max-image-preview:large, max-video-preview:-1\" \/>\n<link rel=\"canonical\" href=\"https:\/\/sklep.centrum-doskonalenia.pl\/index.php\/produkt\/zmiany-w-normie-iso-270012022-i-270022022\/\" \/>\n<meta property=\"og:locale\" content=\"pl_PL\" \/>\n<meta property=\"og:type\" content=\"article\" \/>\n<meta property=\"og:title\" content=\"Kurs Zmiany w normie ISO 27001:2022 i 27002:2022 - Centrum Doskonalenia Zarz\u0105dzania Meritum\" \/>\n<meta property=\"og:description\" content=\"Ko\u0144c\u00f3wka 2022 roku zaowocowa\u0142a ukazaniem si\u0119 zmian w dw\u00f3ch standardach, kluczowych dla wdra\u017canych system\u00f3w zarz\u0105dzania bezpiecze\u0144stwem informacji. ISO\/IEC 27001:2022 Bezpiecze\u0144stwo informacji, cyberbezpiecze\u0144stwo i ochrona prywatno\u015bci \u2013 Systemy zarzadzania bezpiecze\u0144stwem informacji \u2013 Wymagania ISO\/IEC 27002:2022 Bezpiecze\u0144stwo informacji, cyberbezpiecze\u0144stwo i ochrona prywatno\u015bci \u2013 Informacje na temat kontroli bezpiecze\u0144stwa &nbsp; Dostajecie Pa\u0144stwo 30-dni dost\u0119pu, w dowolnym miejscu i [&hellip;]\" \/>\n<meta property=\"og:url\" content=\"https:\/\/sklep.centrum-doskonalenia.pl\/index.php\/produkt\/zmiany-w-normie-iso-270012022-i-270022022\/\" \/>\n<meta property=\"og:site_name\" content=\"Centrum Doskonalenia Zarz\u0105dzania Meritum\" \/>\n<meta property=\"article:modified_time\" content=\"2025-06-27T07:34:14+00:00\" \/>\n<meta property=\"og:image\" content=\"https:\/\/sklep.centrum-doskonalenia.pl\/wp-content\/uploads\/2023\/10\/Powtoon_Screenshot-35.jpg\" \/>\n\t<meta property=\"og:image:width\" content=\"1529\" \/>\n\t<meta property=\"og:image:height\" content=\"1080\" \/>\n\t<meta property=\"og:image:type\" content=\"image\/jpeg\" \/>\n<meta name=\"twitter:card\" content=\"summary_large_image\" \/>\n<meta name=\"twitter:label1\" content=\"Szacowany czas czytania\" \/>\n\t<meta name=\"twitter:data1\" content=\"2 minuty\" \/>\n<script type=\"application\/ld+json\" class=\"yoast-schema-graph\">{\"@context\":\"https:\\\/\\\/schema.org\",\"@graph\":[{\"@type\":\"WebPage\",\"@id\":\"https:\\\/\\\/sklep.centrum-doskonalenia.pl\\\/index.php\\\/produkt\\\/zmiany-w-normie-iso-270012022-i-270022022\\\/\",\"url\":\"https:\\\/\\\/sklep.centrum-doskonalenia.pl\\\/index.php\\\/produkt\\\/zmiany-w-normie-iso-270012022-i-270022022\\\/\",\"name\":\"Kurs Zmiany w normie ISO 27001:2022 i 27002:2022 - Centrum Doskonalenia Zarz\u0105dzania Meritum\",\"isPartOf\":{\"@id\":\"https:\\\/\\\/sklep.centrum-doskonalenia.pl\\\/#website\"},\"primaryImageOfPage\":{\"@id\":\"https:\\\/\\\/sklep.centrum-doskonalenia.pl\\\/index.php\\\/produkt\\\/zmiany-w-normie-iso-270012022-i-270022022\\\/#primaryimage\"},\"image\":{\"@id\":\"https:\\\/\\\/sklep.centrum-doskonalenia.pl\\\/index.php\\\/produkt\\\/zmiany-w-normie-iso-270012022-i-270022022\\\/#primaryimage\"},\"thumbnailUrl\":\"http:\\\/\\\/sklep.centrum-doskonalenia.pl\\\/wp-content\\\/uploads\\\/2023\\\/10\\\/Powtoon_Screenshot-35.jpg\",\"datePublished\":\"2023-10-17T14:36:18+00:00\",\"dateModified\":\"2025-06-27T07:34:14+00:00\",\"breadcrumb\":{\"@id\":\"https:\\\/\\\/sklep.centrum-doskonalenia.pl\\\/index.php\\\/produkt\\\/zmiany-w-normie-iso-270012022-i-270022022\\\/#breadcrumb\"},\"inLanguage\":\"pl-PL\",\"potentialAction\":[{\"@type\":\"ReadAction\",\"target\":[\"https:\\\/\\\/sklep.centrum-doskonalenia.pl\\\/index.php\\\/produkt\\\/zmiany-w-normie-iso-270012022-i-270022022\\\/\"]}]},{\"@type\":\"ImageObject\",\"inLanguage\":\"pl-PL\",\"@id\":\"https:\\\/\\\/sklep.centrum-doskonalenia.pl\\\/index.php\\\/produkt\\\/zmiany-w-normie-iso-270012022-i-270022022\\\/#primaryimage\",\"url\":\"http:\\\/\\\/sklep.centrum-doskonalenia.pl\\\/wp-content\\\/uploads\\\/2023\\\/10\\\/Powtoon_Screenshot-35.jpg\",\"contentUrl\":\"http:\\\/\\\/sklep.centrum-doskonalenia.pl\\\/wp-content\\\/uploads\\\/2023\\\/10\\\/Powtoon_Screenshot-35.jpg\",\"width\":1529,\"height\":1080},{\"@type\":\"BreadcrumbList\",\"@id\":\"https:\\\/\\\/sklep.centrum-doskonalenia.pl\\\/index.php\\\/produkt\\\/zmiany-w-normie-iso-270012022-i-270022022\\\/#breadcrumb\",\"itemListElement\":[{\"@type\":\"ListItem\",\"position\":1,\"name\":\"Strona g\u0142\u00f3wna\",\"item\":\"https:\\\/\\\/sklep.centrum-doskonalenia.pl\\\/\"},{\"@type\":\"ListItem\",\"position\":2,\"name\":\"Produkty\",\"item\":\"https:\\\/\\\/sklep.centrum-doskonalenia.pl\\\/index.php\\\/shop\\\/\"},{\"@type\":\"ListItem\",\"position\":3,\"name\":\"Kurs Zmiany w normie ISO 27001:2022 i 27002:2022\"}]},{\"@type\":\"WebSite\",\"@id\":\"https:\\\/\\\/sklep.centrum-doskonalenia.pl\\\/#website\",\"url\":\"https:\\\/\\\/sklep.centrum-doskonalenia.pl\\\/\",\"name\":\"Centrum Doskonalenia Zarz\u0105dzania Meritum\",\"description\":\"\",\"publisher\":{\"@id\":\"https:\\\/\\\/sklep.centrum-doskonalenia.pl\\\/#organization\"},\"potentialAction\":[{\"@type\":\"SearchAction\",\"target\":{\"@type\":\"EntryPoint\",\"urlTemplate\":\"https:\\\/\\\/sklep.centrum-doskonalenia.pl\\\/?s={search_term_string}\"},\"query-input\":{\"@type\":\"PropertyValueSpecification\",\"valueRequired\":true,\"valueName\":\"search_term_string\"}}],\"inLanguage\":\"pl-PL\"},{\"@type\":\"Organization\",\"@id\":\"https:\\\/\\\/sklep.centrum-doskonalenia.pl\\\/#organization\",\"name\":\"Centrum Doskonalenia Zarz\u0105dzania Meritum\",\"url\":\"https:\\\/\\\/sklep.centrum-doskonalenia.pl\\\/\",\"logo\":{\"@type\":\"ImageObject\",\"inLanguage\":\"pl-PL\",\"@id\":\"https:\\\/\\\/sklep.centrum-doskonalenia.pl\\\/#\\\/schema\\\/logo\\\/image\\\/\",\"url\":\"http:\\\/\\\/sklep.centrum-doskonalenia.pl\\\/wp-content\\\/uploads\\\/2023\\\/10\\\/logo-czarne-bez-tla.png\",\"contentUrl\":\"http:\\\/\\\/sklep.centrum-doskonalenia.pl\\\/wp-content\\\/uploads\\\/2023\\\/10\\\/logo-czarne-bez-tla.png\",\"width\":2089,\"height\":712,\"caption\":\"Centrum Doskonalenia Zarz\u0105dzania Meritum\"},\"image\":{\"@id\":\"https:\\\/\\\/sklep.centrum-doskonalenia.pl\\\/#\\\/schema\\\/logo\\\/image\\\/\"}}]}<\/script>\n<!-- \/ Yoast SEO plugin. -->","yoast_head_json":{"title":"Kurs Zmiany w normie ISO 27001:2022 i 27002:2022 - Centrum Doskonalenia Zarz\u0105dzania Meritum","robots":{"index":"index","follow":"follow","max-snippet":"max-snippet:-1","max-image-preview":"max-image-preview:large","max-video-preview":"max-video-preview:-1"},"canonical":"https:\/\/sklep.centrum-doskonalenia.pl\/index.php\/produkt\/zmiany-w-normie-iso-270012022-i-270022022\/","og_locale":"pl_PL","og_type":"article","og_title":"Kurs Zmiany w normie ISO 27001:2022 i 27002:2022 - Centrum Doskonalenia Zarz\u0105dzania Meritum","og_description":"Ko\u0144c\u00f3wka 2022 roku zaowocowa\u0142a ukazaniem si\u0119 zmian w dw\u00f3ch standardach, kluczowych dla wdra\u017canych system\u00f3w zarz\u0105dzania bezpiecze\u0144stwem informacji. ISO\/IEC 27001:2022 Bezpiecze\u0144stwo informacji, cyberbezpiecze\u0144stwo i ochrona prywatno\u015bci \u2013 Systemy zarzadzania bezpiecze\u0144stwem informacji \u2013 Wymagania ISO\/IEC 27002:2022 Bezpiecze\u0144stwo informacji, cyberbezpiecze\u0144stwo i ochrona prywatno\u015bci \u2013 Informacje na temat kontroli bezpiecze\u0144stwa &nbsp; Dostajecie Pa\u0144stwo 30-dni dost\u0119pu, w dowolnym miejscu i [&hellip;]","og_url":"https:\/\/sklep.centrum-doskonalenia.pl\/index.php\/produkt\/zmiany-w-normie-iso-270012022-i-270022022\/","og_site_name":"Centrum Doskonalenia Zarz\u0105dzania Meritum","article_modified_time":"2025-06-27T07:34:14+00:00","og_image":[{"width":1529,"height":1080,"url":"https:\/\/sklep.centrum-doskonalenia.pl\/wp-content\/uploads\/2023\/10\/Powtoon_Screenshot-35.jpg","type":"image\/jpeg"}],"twitter_card":"summary_large_image","twitter_misc":{"Szacowany czas czytania":"2 minuty"},"schema":{"@context":"https:\/\/schema.org","@graph":[{"@type":"WebPage","@id":"https:\/\/sklep.centrum-doskonalenia.pl\/index.php\/produkt\/zmiany-w-normie-iso-270012022-i-270022022\/","url":"https:\/\/sklep.centrum-doskonalenia.pl\/index.php\/produkt\/zmiany-w-normie-iso-270012022-i-270022022\/","name":"Kurs Zmiany w normie ISO 27001:2022 i 27002:2022 - Centrum Doskonalenia Zarz\u0105dzania Meritum","isPartOf":{"@id":"https:\/\/sklep.centrum-doskonalenia.pl\/#website"},"primaryImageOfPage":{"@id":"https:\/\/sklep.centrum-doskonalenia.pl\/index.php\/produkt\/zmiany-w-normie-iso-270012022-i-270022022\/#primaryimage"},"image":{"@id":"https:\/\/sklep.centrum-doskonalenia.pl\/index.php\/produkt\/zmiany-w-normie-iso-270012022-i-270022022\/#primaryimage"},"thumbnailUrl":"http:\/\/sklep.centrum-doskonalenia.pl\/wp-content\/uploads\/2023\/10\/Powtoon_Screenshot-35.jpg","datePublished":"2023-10-17T14:36:18+00:00","dateModified":"2025-06-27T07:34:14+00:00","breadcrumb":{"@id":"https:\/\/sklep.centrum-doskonalenia.pl\/index.php\/produkt\/zmiany-w-normie-iso-270012022-i-270022022\/#breadcrumb"},"inLanguage":"pl-PL","potentialAction":[{"@type":"ReadAction","target":["https:\/\/sklep.centrum-doskonalenia.pl\/index.php\/produkt\/zmiany-w-normie-iso-270012022-i-270022022\/"]}]},{"@type":"ImageObject","inLanguage":"pl-PL","@id":"https:\/\/sklep.centrum-doskonalenia.pl\/index.php\/produkt\/zmiany-w-normie-iso-270012022-i-270022022\/#primaryimage","url":"http:\/\/sklep.centrum-doskonalenia.pl\/wp-content\/uploads\/2023\/10\/Powtoon_Screenshot-35.jpg","contentUrl":"http:\/\/sklep.centrum-doskonalenia.pl\/wp-content\/uploads\/2023\/10\/Powtoon_Screenshot-35.jpg","width":1529,"height":1080},{"@type":"BreadcrumbList","@id":"https:\/\/sklep.centrum-doskonalenia.pl\/index.php\/produkt\/zmiany-w-normie-iso-270012022-i-270022022\/#breadcrumb","itemListElement":[{"@type":"ListItem","position":1,"name":"Strona g\u0142\u00f3wna","item":"https:\/\/sklep.centrum-doskonalenia.pl\/"},{"@type":"ListItem","position":2,"name":"Produkty","item":"https:\/\/sklep.centrum-doskonalenia.pl\/index.php\/shop\/"},{"@type":"ListItem","position":3,"name":"Kurs Zmiany w normie ISO 27001:2022 i 27002:2022"}]},{"@type":"WebSite","@id":"https:\/\/sklep.centrum-doskonalenia.pl\/#website","url":"https:\/\/sklep.centrum-doskonalenia.pl\/","name":"Centrum Doskonalenia Zarz\u0105dzania Meritum","description":"","publisher":{"@id":"https:\/\/sklep.centrum-doskonalenia.pl\/#organization"},"potentialAction":[{"@type":"SearchAction","target":{"@type":"EntryPoint","urlTemplate":"https:\/\/sklep.centrum-doskonalenia.pl\/?s={search_term_string}"},"query-input":{"@type":"PropertyValueSpecification","valueRequired":true,"valueName":"search_term_string"}}],"inLanguage":"pl-PL"},{"@type":"Organization","@id":"https:\/\/sklep.centrum-doskonalenia.pl\/#organization","name":"Centrum Doskonalenia Zarz\u0105dzania Meritum","url":"https:\/\/sklep.centrum-doskonalenia.pl\/","logo":{"@type":"ImageObject","inLanguage":"pl-PL","@id":"https:\/\/sklep.centrum-doskonalenia.pl\/#\/schema\/logo\/image\/","url":"http:\/\/sklep.centrum-doskonalenia.pl\/wp-content\/uploads\/2023\/10\/logo-czarne-bez-tla.png","contentUrl":"http:\/\/sklep.centrum-doskonalenia.pl\/wp-content\/uploads\/2023\/10\/logo-czarne-bez-tla.png","width":2089,"height":712,"caption":"Centrum Doskonalenia Zarz\u0105dzania Meritum"},"image":{"@id":"https:\/\/sklep.centrum-doskonalenia.pl\/#\/schema\/logo\/image\/"}}]}},"_links":{"self":[{"href":"http:\/\/sklep.centrum-doskonalenia.pl\/index.php\/wp-json\/wp\/v2\/product\/1230","targetHints":{"allow":["GET"]}}],"collection":[{"href":"http:\/\/sklep.centrum-doskonalenia.pl\/index.php\/wp-json\/wp\/v2\/product"}],"about":[{"href":"http:\/\/sklep.centrum-doskonalenia.pl\/index.php\/wp-json\/wp\/v2\/types\/product"}],"wp:featuredmedia":[{"embeddable":true,"href":"http:\/\/sklep.centrum-doskonalenia.pl\/index.php\/wp-json\/wp\/v2\/media\/1232"}],"wp:attachment":[{"href":"http:\/\/sklep.centrum-doskonalenia.pl\/index.php\/wp-json\/wp\/v2\/media?parent=1230"}],"wp:term":[{"taxonomy":"product_brand","embeddable":true,"href":"http:\/\/sklep.centrum-doskonalenia.pl\/index.php\/wp-json\/wp\/v2\/product_brand?post=1230"},{"taxonomy":"product_cat","embeddable":true,"href":"http:\/\/sklep.centrum-doskonalenia.pl\/index.php\/wp-json\/wp\/v2\/product_cat?post=1230"},{"taxonomy":"product_tag","embeddable":true,"href":"http:\/\/sklep.centrum-doskonalenia.pl\/index.php\/wp-json\/wp\/v2\/product_tag?post=1230"}],"curies":[{"name":"wp","href":"https:\/\/api.w.org\/{rel}","templated":true}]}}